{"id":5386,"date":"2025-07-01T17:02:35","date_gmt":"2025-07-01T17:02:35","guid":{"rendered":"https:\/\/www.nocoplaces.com\/noco-places-una-asociacion-regional-estatal-nombra-nuevo-director-ejecutivo\/"},"modified":"2025-07-28T18:28:17","modified_gmt":"2025-07-28T18:28:17","slug":"noco-places-una-asociacion-regional-estatal-nombra-nuevo-director-ejecutivo","status":"publish","type":"page","link":"https:\/\/www.nocoplaces.org\/es\/noco-places-una-asociacion-regional-estatal-nombra-nuevo-director-ejecutivo\/","title":{"rendered":"NoCo Places, una asociaci\u00f3n regional estatal, nombra nuevo Director Ejecutivo"},"content":{"rendered":"\t\t<div data-elementor-type=\"wp-page\" data-elementor-id=\"5386\" class=\"elementor elementor-5386 elementor-5036\" data-elementor-post-type=\"page\">\n\t\t\t\t<div class=\"elementor-element elementor-element-3d1779aa e-flex e-con-boxed e-con e-parent\" data-id=\"3d1779aa\" data-element_type=\"container\" data-e-type=\"container\">\n\t\t\t\t\t<div class=\"e-con-inner\">\n\t\t\t\t<div class=\"elementor-element elementor-element-771d7cf5 elementor-widget elementor-widget-text-editor\" data-id=\"771d7cf5\" data-element_type=\"widget\" data-e-type=\"widget\" data-widget_type=\"text-editor.default\">\n\t\t\t\t<div class=\"elementor-widget-container\">\n\t\t\t\t\t\t\t\t\t<p><img fetchpriority=\"high\" decoding=\"async\" class=\"size-medium wp-image-5037 alignright\" src=\"https:\/\/www.nocoplaces.org\/wp-content\/uploads\/2025\/07\/tanner-headshot_web-200x300.jpg\" alt=\"JD Tanner\" width=\"200\" height=\"300\" srcset=\"https:\/\/www.nocoplaces.org\/wp-content\/uploads\/2025\/07\/tanner-headshot_web-200x300.jpg 200w, https:\/\/www.nocoplaces.org\/wp-content\/uploads\/2025\/07\/tanner-headshot_web.jpg 600w\" sizes=\"(max-width: 200px) 100vw, 200px\" \/>NOTICIAS <br><strong>Mi\u00e9rcoles, 2 de julio de 2025<\/strong><\/p><p><em>El Director Ejecutivo entrante se centrar\u00e1 en acelerar los programas y su aplicaci\u00f3n  <\/em><\/p><p><strong>Denver, Colo.<\/strong>  &#8211; NoCo Places, una colaboraci\u00f3n de nueve agencias federales, estatales y del condado para la gesti\u00f3n del territorio en el Front Range del norte de Colorado, ha nombrado un nuevo Director Ejecutivo que ocupar\u00e1 el lugar del fundador Steve Coffin, que se jubila. JD Tanner, Ed D, CPRE, se unir\u00e1 a la coalici\u00f3n y la dirigir\u00e1 hacia el futuro de la aplicaci\u00f3n de la Visi\u00f3n de Conservaci\u00f3n y Ocio de la coalici\u00f3n.<\/p><p>El Dr. Tanner se une a la asociaci\u00f3n regional procedente del Centro de \u00c9tica al Aire Libre \u00abLeave No Trace\u00bb, donde ocupaba el cargo de Director de Educaci\u00f3n y Formaci\u00f3n. Tiene m\u00e1s de 25 a\u00f1os de experiencia como educador al aire libre y administrador, aportando una perspectiva adquirida durante m\u00e1s de 18 a\u00f1os en la ense\u00f1anza superior. Vive en Colorado desde hace m\u00e1s de diez a\u00f1os. La Dra. Tanner tiene un Doctorado en Educaci\u00f3n (EdD) en Liderazgo Educativo por la Universidad del Sur de Illinois, un M\u00e1ster en Ciencias de la Educaci\u00f3n (MS Ed) en Administraci\u00f3n de Recursos Recreativos por la Universidad del Sur de Illinois, y una Licenciatura en Recreaci\u00f3n Terap\u00e9utica y al Aire Libre por la Universidad Estatal del Sureste de Missouri.<\/p><p>\u00abEl compromiso de NoCo Places con la colaboraci\u00f3n regional y la gesti\u00f3n proactiva del suelo p\u00fablico resuena profundamente con mis valores profesionales y personales\u00bb, afirma el Dr. Tanner. \u00abEstoy ansiosa por aportar mi experiencia en el desarrollo de asociaciones, la ejecuci\u00f3n de programas y el liderazgo organizativo para apoyar los objetivos estrat\u00e9gicos de NoCo Places y ayudar a avanzar en las iniciativas de administraci\u00f3n recreativa de los terrenos p\u00fablicos del norte de Colorado\u00bb.<\/p><p>El Dr. Tanner tiene experiencia en el desarrollo, gesti\u00f3n y ejecuci\u00f3n de programas innovadores al aire libre, en la obtenci\u00f3n de importantes subvenciones y donaciones, y en la creaci\u00f3n de asociaciones estrat\u00e9gicas con organismos federales, estatales y locales de gesti\u00f3n del territorio. Sus habilidades en el desarrollo de asociaciones con la BLM, el NPS, el USFS y los gestores de tierras estatales para hacer avanzar los programas de educaci\u00f3n y administraci\u00f3n de tierras p\u00fablicas est\u00e1n bien establecidas. Adem\u00e1s, su experiencia en forjar relaciones y crear consenso entre m\u00faltiples partes interesadas beneficiar\u00e1 enormemente a NoCo Places.<\/p><p>\u00abLa experiencia de la Dra. Tanner en convertir ideas en acciones sobre el terreno es exactamente lo que preparar\u00e1 a NoCo Places para su pr\u00f3ximo y emocionante cap\u00edtulo\u00bb, afirma Sandy Hollingsworth, comisionada del condado de Gilpin y copresidenta de NoCo Places.<\/p><p>A medida que la coalici\u00f3n ha ido creciendo en los \u00faltimos siete a\u00f1os, su atenci\u00f3n se est\u00e1 centrando ahora en poner en pr\u00e1ctica los valores compartidos y las condiciones futuras deseadas derivadas de la <a href=\"https:\/\/www.nocoplaces.org\/conservation-and-recreation-vision\/\">Visi\u00f3n de la Conservaci\u00f3n y el Ocio<\/a> anunciada en 2024. \u00abEstamos encantados de que la Dra. Tanner dirija la coalici\u00f3n\u00bb, afirma Shannon Schaller, Directora Regional Adjunta de la Regi\u00f3n Noreste de Colorado Parks and Wildlife, y Copresidenta de NoCo Places. \u00abAporta una gran experiencia relevante a la coalici\u00f3n y dirigir\u00e1 los planes hasta su aplicaci\u00f3n y har\u00e1 operativo el grupo en general\u00bb.<\/p><p>El trabajo de NoCo Places enlaza con la recientemente anunciada <a href=\"https:\/\/cpw.state.co.us\/coloradosoutdoorsstrategy\">Estrategia de Exteriores de Colorado<\/a> del estado. La Visi\u00f3n de la Conservaci\u00f3n y el Ocio orienta a los gestores de los terrenos p\u00fablicos de esta regi\u00f3n cuando desarrollan planes centrados en la conservaci\u00f3n y el ocio y se comprometen con principios y objetivos para el estado futuro de la regi\u00f3n. La Dra. Tanner se asegurar\u00e1 de que la coalici\u00f3n siga colaborando con otros socios regionales y ayude a impulsar la Estrategia de Exteriores de Colorado al poner en pr\u00e1ctica los planes de NoCo Places.<\/p><p><em>NoCo Places colabora para proteger y conservar los recursos naturales y culturales, proporcionando al mismo tiempo un acceso equitativo y una experiencia recreativa de calidad para las generaciones actuales y futuras. NoCo Places se centra en los terrenos p\u00fablicos de la Cordillera Frontal del Norte de Colorado y est\u00e1 comprometida con soluciones sostenibles, acciones equitativas y pr\u00e1cticas beneficiosas de gesti\u00f3n del territorio para la conservaci\u00f3n a largo plazo y la calidad de la experiencia del visitante.<\/em><\/p><p>M\u00e1s informaci\u00f3n sobre <a href=\"https:\/\/www.nocoplaces.org\/es\/\">NoCo Places<\/a>.<\/p><p><strong>Contacto con los medios de comunicaci\u00f3n:<br><\/strong>Katie Matthews, Directora de Comunicaciones, katie@creativecontentkm.com, 720-879-8159<\/p><p><a href=\"https:\/\/www.nocoplaces.org\/wp-content\/uploads\/2025\/07\/News-Release_NoCo-Places-New-Executive-Director_FINAL_web.pdf\">Descargar el comunicado de prensa en PDF<\/a><\/p>\t\t\t\t\t\t\t\t<\/div>\n\t\t\t\t<\/div>\n\t\t\t\t\t<\/div>\n\t\t\t\t<\/div>\n\t\t\t\t<\/div>\n\t\t","protected":false},"excerpt":{"rendered":"<p>NOTICIAS Mi\u00e9rcoles, 2 de julio de 2025 El Director Ejecutivo entrante se centrar\u00e1 en acelerar los programas y su aplicaci\u00f3n Denver, Colo. &#8211; NoCo Places, una colaboraci\u00f3n de nueve agencias federales, estatales y del condado para la gesti\u00f3n del territorio en el Front Range del norte de Colorado, ha nombrado un nuevo Director Ejecutivo que [&hellip;]<\/p>\n","protected":false},"author":5,"featured_media":0,"parent":0,"menu_order":0,"comment_status":"closed","ping_status":"closed","template":"","meta":{"_acf_changed":false,"_monsterinsights_skip_tracking":false,"_monsterinsights_sitenote_active":false,"_monsterinsights_sitenote_note":"","_monsterinsights_sitenote_category":0,"footnotes":""},"class_list":["post-5386","page","type-page","status-publish","hentry"],"acf":[],"featured_image_src":null,"featured_image_src_square":null,"_links":{"self":[{"href":"https:\/\/www.nocoplaces.org\/es\/wp-json\/wp\/v2\/pages\/5386","targetHints":{"allow":["GET"]}}],"collection":[{"href":"https:\/\/www.nocoplaces.org\/es\/wp-json\/wp\/v2\/pages"}],"about":[{"href":"https:\/\/www.nocoplaces.org\/es\/wp-json\/wp\/v2\/types\/page"}],"author":[{"embeddable":true,"href":"https:\/\/www.nocoplaces.org\/es\/wp-json\/wp\/v2\/users\/5"}],"replies":[{"embeddable":true,"href":"https:\/\/www.nocoplaces.org\/es\/wp-json\/wp\/v2\/comments?post=5386"}],"version-history":[{"count":0,"href":"https:\/\/www.nocoplaces.org\/es\/wp-json\/wp\/v2\/pages\/5386\/revisions"}],"wp:attachment":[{"href":"https:\/\/www.nocoplaces.org\/es\/wp-json\/wp\/v2\/media?parent=5386"}],"curies":[{"name":"wp","href":"https:\/\/api.w.org\/{rel}","templated":true}]}}