{"id":5390,"date":"2019-12-09T22:42:11","date_gmt":"2019-12-09T22:42:11","guid":{"rendered":"https:\/\/www.nocoplaces.com\/contacta-con-nosotros\/"},"modified":"2025-09-30T17:03:56","modified_gmt":"2025-09-30T17:03:56","slug":"contacta-con-nosotros","status":"publish","type":"page","link":"https:\/\/www.nocoplaces.org\/es\/contacta-con-nosotros\/","title":{"rendered":"Contacta con nosotros"},"content":{"rendered":"\t\t<div data-elementor-type=\"wp-page\" data-elementor-id=\"5390\" class=\"elementor elementor-5390 elementor-28\" data-elementor-post-type=\"page\">\n\t\t\t\t<div class=\"elementor-element elementor-element-d245fd4 e-flex e-con-boxed e-con e-parent\" data-id=\"d245fd4\" data-element_type=\"container\" data-e-type=\"container\">\n\t\t\t\t\t<div class=\"e-con-inner\">\n\t\t\t\t<div class=\"elementor-element elementor-element-e09a03c elementor-widget elementor-widget-image\" data-id=\"e09a03c\" data-element_type=\"widget\" data-e-type=\"widget\" data-widget_type=\"image.default\">\n\t\t\t\t<div class=\"elementor-widget-container\">\n\t\t\t\t\t\t\t\t\t\t\t\t<figure class=\"wp-caption\">\n\t\t\t\t\t\t\t\t\t\t<img fetchpriority=\"high\" decoding=\"async\" width=\"1008\" height=\"288\" src=\"https:\/\/www.nocoplaces.org\/wp-content\/uploads\/2024\/03\/Jacob-W.-Frank-Hallett-and-Bear-Lake_hero.jpg\" class=\"attachment-full size-full wp-image-5227\" alt=\"Bear Lake\" srcset=\"https:\/\/www.nocoplaces.org\/wp-content\/uploads\/2024\/03\/Jacob-W.-Frank-Hallett-and-Bear-Lake_hero.jpg 1008w, https:\/\/www.nocoplaces.org\/wp-content\/uploads\/2024\/03\/Jacob-W.-Frank-Hallett-and-Bear-Lake_hero-300x86.jpg 300w, https:\/\/www.nocoplaces.org\/wp-content\/uploads\/2024\/03\/Jacob-W.-Frank-Hallett-and-Bear-Lake_hero-768x219.jpg 768w\" sizes=\"(max-width: 1008px) 100vw, 1008px\" \/>\t\t\t\t\t\t\t\t\t\t\t<figcaption class=\"widget-image-caption wp-caption-text\">Cr\u00e9dito de la foto: Jacob W. Frank<\/figcaption>\n\t\t\t\t\t\t\t\t\t\t<\/figure>\n\t\t\t\t\t\t\t\t\t<\/div>\n\t\t\t\t<\/div>\n\t\t\t\t\t<\/div>\n\t\t\t\t<\/div>\n\t\t<div class=\"elementor-element elementor-element-694a3d8c e-flex e-con-boxed e-con e-parent\" data-id=\"694a3d8c\" data-element_type=\"container\" data-e-type=\"container\">\n\t\t\t\t\t<div class=\"e-con-inner\">\n\t\t\t\t<div class=\"elementor-element elementor-element-4342467 elementor-widget elementor-widget-heading\" data-id=\"4342467\" data-element_type=\"widget\" data-e-type=\"widget\" data-widget_type=\"heading.default\">\n\t\t\t\t<div class=\"elementor-widget-container\">\n\t\t\t\t\t<h2 class=\"elementor-heading-title elementor-size-default\">Conecta con nosotros<\/h2>\t\t\t\t<\/div>\n\t\t\t\t<\/div>\n\t\t\t\t<div class=\"elementor-element elementor-element-5e89a796 elementor-widget elementor-widget-text-editor\" data-id=\"5e89a796\" data-element_type=\"widget\" data-e-type=\"widget\" data-widget_type=\"text-editor.default\">\n\t\t\t\t<div class=\"elementor-widget-container\">\n\t\t\t\t\t\t\t\t\t<p>Env\u00edanos tus preguntas y comentarios, o solicita recibir nuestro bolet\u00edn electr\u00f3nico.<\/p>\n\t\t\t\t\t\t\t\t<\/div>\n\t\t\t\t<\/div>\n\t\t\t\t<div class=\"elementor-element elementor-element-3ece671 elementor-button-align-center elementor-widget elementor-widget-form\" data-id=\"3ece671\" data-element_type=\"widget\" data-e-type=\"widget\" data-settings=\"{&quot;step_next_label&quot;:&quot;Siguiente&quot;,&quot;step_previous_label&quot;:&quot;Anterior&quot;,&quot;button_width&quot;:&quot;100&quot;,&quot;step_type&quot;:&quot;number_text&quot;,&quot;step_icon_shape&quot;:&quot;circle&quot;}\" data-widget_type=\"form.default\">\n\t\t\t\t<div class=\"elementor-widget-container\">\n\t\t\t\t\t\t\t<form class=\"elementor-form\" method=\"post\" name=\"Contacta con nosotros\" aria-label=\"Contacta con nosotros\">\n\t\t\t<input type=\"hidden\" name=\"post_id\" value=\"5390\"\/>\n\t\t\t<input type=\"hidden\" name=\"form_id\" value=\"3ece671\"\/>\n\t\t\t<input type=\"hidden\" name=\"referer_title\" value=\"Contacta con nosotros\" \/>\n\n\t\t\t\t\t\t\t<input type=\"hidden\" name=\"queried_id\" value=\"5390\"\/>\n\t\t\t\n\t\t\t<div class=\"elementor-form-fields-wrapper elementor-labels-\">\n\t\t\t\t\t\t\t\t<div class=\"elementor-field-type-text elementor-field-group elementor-column elementor-field-group-name elementor-col-50 elementor-field-required\">\n\t\t\t\t\t\t\t\t\t\t\t\t<label for=\"form-field-name\" class=\"elementor-field-label elementor-screen-only\">\n\t\t\t\t\t\t\t\tNombre\t\t\t\t\t\t\t<\/label>\n\t\t\t\t\t\t\t\t\t\t\t\t\t\t<input size=\"1\" type=\"text\" name=\"form_fields[name]\" id=\"form-field-name\" class=\"elementor-field elementor-size-sm  elementor-field-textual\" placeholder=\"Nombre\" required=\"required\">\n\t\t\t\t\t\t\t\t\t\t\t<\/div>\n\t\t\t\t\t\t\t\t<div class=\"elementor-field-type-email elementor-field-group elementor-column elementor-field-group-email elementor-col-50 elementor-field-required\">\n\t\t\t\t\t\t\t\t\t\t\t\t<label for=\"form-field-email\" class=\"elementor-field-label elementor-screen-only\">\n\t\t\t\t\t\t\t\tEnv\u00eda un correo electr\u00f3nico a\t\t\t\t\t\t\t<\/label>\n\t\t\t\t\t\t\t\t\t\t\t\t\t\t<input size=\"1\" type=\"email\" name=\"form_fields[email]\" id=\"form-field-email\" class=\"elementor-field elementor-size-sm  elementor-field-textual\" placeholder=\"Env\u00eda un correo electr\u00f3nico a\" required=\"required\">\n\t\t\t\t\t\t\t\t\t\t\t<\/div>\n\t\t\t\t\t\t\t\t<div class=\"elementor-field-type-textarea elementor-field-group elementor-column elementor-field-group-message elementor-col-100 elementor-field-required\">\n\t\t\t\t\t\t\t\t\t\t\t\t<label for=\"form-field-message\" class=\"elementor-field-label elementor-screen-only\">\n\t\t\t\t\t\t\t\tMensaje\t\t\t\t\t\t\t<\/label>\n\t\t\t\t\t\t<textarea class=\"elementor-field-textual elementor-field  elementor-size-sm\" name=\"form_fields[message]\" id=\"form-field-message\" rows=\"4\" placeholder=\"Mensaje\" required=\"required\"><\/textarea>\t\t\t\t<\/div>\n\t\t\t\t\t\t\t\t<div class=\"elementor-field-group elementor-column elementor-field-type-submit elementor-col-100 e-form__buttons\">\n\t\t\t\t\t<button class=\"elementor-button elementor-size-sm\" type=\"submit\">\n\t\t\t\t\t\t<span class=\"elementor-button-content-wrapper\">\n\t\t\t\t\t\t\t\t\t\t\t\t\t\t\t<span class=\"elementor-button-icon\">\n\t\t\t\t\t\t\t\t\t<svg aria-hidden=\"true\" class=\"e-font-icon-svg e-far-envelope\" viewBox=\"0 0 512 512\" xmlns=\"http:\/\/www.w3.org\/2000\/svg\"><path d=\"M464 64H48C21.49 64 0 85.49 0 112v288c0 26.51 21.49 48 48 48h416c26.51 0 48-21.49 48-48V112c0-26.51-21.49-48-48-48zm0 48v40.805c-22.422 18.259-58.168 46.651-134.587 106.49-16.841 13.247-50.201 45.072-73.413 44.701-23.208.375-56.579-31.459-73.413-44.701C106.18 199.465 70.425 171.067 48 152.805V112h416zM48 400V214.398c22.914 18.251 55.409 43.862 104.938 82.646 21.857 17.205 60.134 55.186 103.062 54.955 42.717.231 80.509-37.199 103.053-54.947 49.528-38.783 82.032-64.401 104.947-82.653V400H48z\"><\/path><\/svg>\t\t\t\t\t\t\t\t\t\t\t\t\t\t\t\t\t<\/span>\n\t\t\t\t\t\t\t\t\t\t\t\t\t\t\t\t\t\t\t\t\t\t<span class=\"elementor-button-text\">Env\u00eda<\/span>\n\t\t\t\t\t\t\t\t\t\t\t\t\t<\/span>\n\t\t\t\t\t<\/button>\n\t\t\t\t<\/div>\n\t\t\t<\/div>\n\t\t<\/form>\n\t\t\t\t\t\t<\/div>\n\t\t\t\t<\/div>\n\t\t\t\t\t<\/div>\n\t\t\t\t<\/div>\n\t\t<div class=\"elementor-element elementor-element-e0b4ff1 e-flex e-con-boxed e-con e-parent\" data-id=\"e0b4ff1\" data-element_type=\"container\" data-e-type=\"container\">\n\t\t\t\t\t<div class=\"e-con-inner\">\n\t\t\t\t<div class=\"elementor-element elementor-element-e402e5b elementor-widget elementor-widget-heading\" data-id=\"e402e5b\" data-element_type=\"widget\" data-e-type=\"widget\" data-widget_type=\"heading.default\">\n\t\t\t\t<div class=\"elementor-widget-container\">\n\t\t\t\t\t<h2 class=\"elementor-heading-title elementor-size-default\">Agencias NoCo Places<\/h2>\t\t\t\t<\/div>\n\t\t\t\t<\/div>\n\t\t\t\t\t<\/div>\n\t\t\t\t<\/div>\n\t\t<div class=\"elementor-element elementor-element-3293fcf e-flex e-con-boxed e-con e-parent\" data-id=\"3293fcf\" data-element_type=\"container\" data-e-type=\"container\">\n\t\t\t\t\t<div class=\"e-con-inner\">\n\t\t\t\t<div class=\"elementor-element elementor-element-a832355 elementor-widget elementor-widget-text-editor\" data-id=\"a832355\" data-element_type=\"widget\" data-e-type=\"widget\" data-widget_type=\"text-editor.default\">\n\t\t\t\t<div class=\"elementor-widget-container\">\n\t\t\t\t\t\t\t\t\t<p><\/p>\n<p>Utiliza los enlaces siguientes para obtener la informaci\u00f3n m\u00e1s reciente y las actualizaciones de cada una de nuestras agencias participantes.<\/p>\n<ul>\n<li><a href=\"https:\/\/www.nps.gov\/romo\/index.htm\" target=\"_blank\" rel=\"noreferrer noopener\" aria-label=\"National Park Service: Rocky Mountain National Park (opens in a new tab)\">Servicio de Parques Nacionales: Parque Nacional de las Monta\u00f1as Rocosas<\/a><\/li>\n<li><a href=\"http:\/\/www.fs.usda.gov\/main\/arp\/home\" target=\"_blank\" rel=\"noreferrer noopener\" aria-label=\"  (opens in a new tab)\">Servicio Forestal de EE.UU., Bosques Nacionales de Arapaho y Roosevelt y Pradera Nacional de Pawnee<\/a><\/li>\n\n<li><a href=\"https:\/\/cpw.state.co.us\/\" target=\"_blank\" rel=\"noreferrer noopener\">Parques y Vida Silvestre de Colorado, Regi\u00f3n Noreste<\/a><\/li>\n\n<li><a href=\"https:\/\/www.bouldercounty.org\/\" target=\"_blank\" rel=\"noreferrer noopener\" aria-label=\"Boulder County (opens in a new tab)\">Condado de Boulder<\/a><\/li>\n\n<li><a href=\"http:\/\/www.co.clear-creek.co.us\/\" target=\"_blank\" rel=\"noreferrer noopener\" aria-label=\"Clear Creek County (opens in a new tab)\">Condado de Clear Creek<\/a><\/li>\n<li><a href=\"https:\/\/www.denvergov.org\/Government\/Agencies-Departments-Offices\/Agencies-Departments-Offices-Directory\/Parks-Recreation\/Urban-Parks\/Mountain-Parks\">Parques de monta\u00f1a de Denver<\/a><\/li>\n\n<li><a href=\"https:\/\/gilpincounty.colorado.gov\/\" target=\"_blank\" rel=\"noreferrer noopener\">Condado de Gilpin<\/a><\/li>\n\n<li><a href=\"https:\/\/www.jeffco.us\/\" target=\"_blank\" rel=\"noreferrer noopener\" aria-label=\"Jefferson County (opens in a new tab)\">Condado de Jefferson<\/a><\/li>\n\n<li><a href=\"http:\/\/www.co.larimer.co.us\/\" target=\"_blank\" rel=\"noreferrer noopener\" aria-label=\"Larimer County (opens in a new tab)\">Condado de Larimer<\/a><\/li>\n<\/ul>\t\t\t\t\t\t\t\t<\/div>\n\t\t\t\t<\/div>\n\t\t\t\t\t<\/div>\n\t\t\t\t<\/div>\n\t\t<div class=\"elementor-element elementor-element-cbd517e e-flex e-con-boxed e-con e-parent\" data-id=\"cbd517e\" data-element_type=\"container\" data-e-type=\"container\">\n\t\t\t\t\t<div class=\"e-con-inner\">\n\t\t\t\t<div class=\"elementor-element elementor-element-82d2f25 elementor-widget elementor-widget-heading\" data-id=\"82d2f25\" data-element_type=\"widget\" data-e-type=\"widget\" data-widget_type=\"heading.default\">\n\t\t\t\t<div class=\"elementor-widget-container\">\n\t\t\t\t\t<h2 class=\"elementor-heading-title elementor-size-default\">Kit de prensa<\/h2>\t\t\t\t<\/div>\n\t\t\t\t<\/div>\n\t\t\t\t\t<\/div>\n\t\t\t\t<\/div>\n\t\t<div class=\"elementor-element elementor-element-2de5047 e-flex e-con-boxed e-con e-parent\" data-id=\"2de5047\" data-element_type=\"container\" data-e-type=\"container\">\n\t\t\t\t\t<div class=\"e-con-inner\">\n\t\t\t\t<div class=\"elementor-element elementor-element-93db2ac elementor-widget elementor-widget-text-editor\" data-id=\"93db2ac\" data-element_type=\"widget\" data-e-type=\"widget\" data-widget_type=\"text-editor.default\">\n\t\t\t\t<div class=\"elementor-widget-container\">\n\t\t\t\t\t\t\t\t\t<p><img decoding=\"async\" class=\"wp-image-352\" src=\"http:\/\/www.nocoplaces2050.com\/wp-content\/uploads\/2022\/02\/pdf-icon-e1644946155256.png\" alt=\"Icono Adobe PDF\" width=\"28\" height=\"28\">  <a href=\"http:\/\/www.nocoplaces2050.com\/wp-content\/uploads\/2023\/05\/Media-Kit_NoCo-PLACES_May-2023.pdf\" target=\"_blank\" rel=\"noreferrer noopener\"><\/a><a href=\"https:\/\/www.nocoplaces.org\/wp-content\/uploads\/2025\/03\/Media-Kit_NoCo-Places_2025.pdf\" target=\"_blank\" rel=\"noreferrer noopener\">Descarga el kit de prensa de NoCo Places<\/a><\/p>\t\t\t\t\t\t\t\t<\/div>\n\t\t\t\t<\/div>\n\t\t\t\t\t<\/div>\n\t\t\t\t<\/div>\n\t\t<div class=\"elementor-element elementor-element-43e47a2 e-flex e-con-boxed e-con e-parent\" data-id=\"43e47a2\" data-element_type=\"container\" data-e-type=\"container\">\n\t\t\t\t\t<div class=\"e-con-inner\">\n\t\t\t\t<div class=\"elementor-element elementor-element-57657be elementor-widget elementor-widget-heading\" data-id=\"57657be\" data-element_type=\"widget\" data-e-type=\"widget\" data-widget_type=\"heading.default\">\n\t\t\t\t<div class=\"elementor-widget-container\">\n\t\t\t\t\t<h2 class=\"elementor-heading-title elementor-size-default\">Redes sociales<\/h2>\t\t\t\t<\/div>\n\t\t\t\t<\/div>\n\t\t\t\t\t<\/div>\n\t\t\t\t<\/div>\n\t\t<div class=\"elementor-element elementor-element-9224ec6 e-flex e-con-boxed e-con e-parent\" data-id=\"9224ec6\" data-element_type=\"container\" data-e-type=\"container\">\n\t\t\t\t\t<div class=\"e-con-inner\">\n\t\t\t\t<div class=\"elementor-element elementor-element-16eb522 elementor-widget elementor-widget-text-editor\" data-id=\"16eb522\" data-element_type=\"widget\" data-e-type=\"widget\" data-widget_type=\"text-editor.default\">\n\t\t\t\t<div class=\"elementor-widget-container\">\n\t\t\t\t\t\t\t\t\t<p><\/p>\n<ul>\n<li><a href=\"https:\/\/www.youtube.com\/@nocoplaces\">YouTube<\/a><\/li>\n<li><a href=\"https:\/\/www.facebook.com\/profile.php?id=61551601976151\">Facebook<\/a><\/li>\n<li><a href=\"https:\/\/www.instagram.com\/nocoplaces\/\">Instagram<\/a><\/li>\n<\/ul>\t\t\t\t\t\t\t\t<\/div>\n\t\t\t\t<\/div>\n\t\t\t\t\t<\/div>\n\t\t\t\t<\/div>\n\t\t\t\t<\/div>\n\t\t","protected":false},"excerpt":{"rendered":"<p>Cr\u00e9dito de la foto: Jacob W. Frank Conecta con nosotros Env\u00edanos tus preguntas y comentarios, o solicita recibir nuestro bolet\u00edn electr\u00f3nico. Agencias NoCo Places Utiliza los enlaces siguientes para obtener la informaci\u00f3n m\u00e1s reciente y las actualizaciones de cada una de nuestras agencias participantes. Servicio de Parques Nacionales: Parque Nacional de las Monta\u00f1as Rocosas Servicio [&hellip;]<\/p>\n","protected":false},"author":5,"featured_media":0,"parent":0,"menu_order":0,"comment_status":"closed","ping_status":"closed","template":"elementor_header_footer","meta":{"_acf_changed":false,"_monsterinsights_skip_tracking":false,"_monsterinsights_sitenote_active":false,"_monsterinsights_sitenote_note":"","_monsterinsights_sitenote_category":0,"footnotes":""},"class_list":["post-5390","page","type-page","status-publish","hentry"],"acf":[],"featured_image_src":null,"featured_image_src_square":null,"_links":{"self":[{"href":"https:\/\/www.nocoplaces.org\/es\/wp-json\/wp\/v2\/pages\/5390","targetHints":{"allow":["GET"]}}],"collection":[{"href":"https:\/\/www.nocoplaces.org\/es\/wp-json\/wp\/v2\/pages"}],"about":[{"href":"https:\/\/www.nocoplaces.org\/es\/wp-json\/wp\/v2\/types\/page"}],"author":[{"embeddable":true,"href":"https:\/\/www.nocoplaces.org\/es\/wp-json\/wp\/v2\/users\/5"}],"replies":[{"embeddable":true,"href":"https:\/\/www.nocoplaces.org\/es\/wp-json\/wp\/v2\/comments?post=5390"}],"version-history":[{"count":0,"href":"https:\/\/www.nocoplaces.org\/es\/wp-json\/wp\/v2\/pages\/5390\/revisions"}],"wp:attachment":[{"href":"https:\/\/www.nocoplaces.org\/es\/wp-json\/wp\/v2\/media?parent=5390"}],"curies":[{"name":"wp","href":"https:\/\/api.w.org\/{rel}","templated":true}]}}