{"id":5396,"date":"2024-02-27T18:15:46","date_gmt":"2024-02-27T18:15:46","guid":{"rendered":"https:\/\/www.nocoplaces.com\/materiales\/"},"modified":"2025-09-30T17:03:54","modified_gmt":"2025-09-30T17:03:54","slug":"materiales","status":"publish","type":"page","link":"https:\/\/www.nocoplaces.org\/es\/materiales\/","title":{"rendered":"Informes"},"content":{"rendered":"\t\t<div data-elementor-type=\"wp-page\" data-elementor-id=\"5396\" class=\"elementor elementor-5396 elementor-3449\" data-elementor-post-type=\"page\">\n\t\t\t\t<div class=\"elementor-element elementor-element-34a9cc1 e-flex e-con-boxed e-con e-parent\" data-id=\"34a9cc1\" data-element_type=\"container\" data-e-type=\"container\">\n\t\t\t\t\t<div class=\"e-con-inner\">\n\t\t\t\t<div class=\"elementor-element elementor-element-92b4a8c elementor-widget elementor-widget-image\" data-id=\"92b4a8c\" data-element_type=\"widget\" data-e-type=\"widget\" data-widget_type=\"image.default\">\n\t\t\t\t<div class=\"elementor-widget-container\">\n\t\t\t\t\t\t\t\t\t\t\t\t<figure class=\"wp-caption\">\n\t\t\t\t\t\t\t\t\t\t<img fetchpriority=\"high\" decoding=\"async\" width=\"1008\" height=\"294\" src=\"https:\/\/www.nocoplaces.org\/wp-content\/uploads\/2024\/03\/Horsetooth-Mountain-Open-Space_Jeannie-Sumrall-Ajero_crop2.jpg\" class=\"attachment-full size-full wp-image-5221\" alt=\"\" srcset=\"https:\/\/www.nocoplaces.org\/wp-content\/uploads\/2024\/03\/Horsetooth-Mountain-Open-Space_Jeannie-Sumrall-Ajero_crop2.jpg 1008w, https:\/\/www.nocoplaces.org\/wp-content\/uploads\/2024\/03\/Horsetooth-Mountain-Open-Space_Jeannie-Sumrall-Ajero_crop2-300x88.jpg 300w, https:\/\/www.nocoplaces.org\/wp-content\/uploads\/2024\/03\/Horsetooth-Mountain-Open-Space_Jeannie-Sumrall-Ajero_crop2-768x224.jpg 768w\" sizes=\"(max-width: 1008px) 100vw, 1008px\" \/>\t\t\t\t\t\t\t\t\t\t\t<figcaption class=\"widget-image-caption wp-caption-text\">Cr\u00e9dito de la foto: Jeannie Sumrall-Ajero<\/figcaption>\n\t\t\t\t\t\t\t\t\t\t<\/figure>\n\t\t\t\t\t\t\t\t\t<\/div>\n\t\t\t\t<\/div>\n\t\t\t\t\t<\/div>\n\t\t\t\t<\/div>\n\t\t<div class=\"elementor-element elementor-element-0f3707e e-flex e-con-boxed e-con e-parent\" data-id=\"0f3707e\" data-element_type=\"container\" data-e-type=\"container\">\n\t\t\t\t\t<div class=\"e-con-inner\">\n\t\t\t\t<div class=\"elementor-element elementor-element-4e8e3dd elementor-widget elementor-widget-heading\" data-id=\"4e8e3dd\" data-element_type=\"widget\" data-e-type=\"widget\" data-widget_type=\"heading.default\">\n\t\t\t\t<div class=\"elementor-widget-container\">\n\t\t\t\t\t<h2 class=\"elementor-heading-title elementor-size-default\">Informe anual<\/h2>\t\t\t\t<\/div>\n\t\t\t\t<\/div>\n\t\t\t\t\t<\/div>\n\t\t\t\t<\/div>\n\t\t<div class=\"elementor-element elementor-element-e9ec06f e-flex e-con-boxed e-con e-parent\" data-id=\"e9ec06f\" data-element_type=\"container\" data-e-type=\"container\">\n\t\t\t\t\t<div class=\"e-con-inner\">\n\t\t\t\t<div class=\"elementor-element elementor-element-1a6735d elementor-widget elementor-widget-text-editor\" data-id=\"1a6735d\" data-element_type=\"widget\" data-e-type=\"widget\" data-widget_type=\"text-editor.default\">\n\t\t\t\t<div class=\"elementor-widget-container\">\n\t\t\t\t\t\t\t\t\t<p>Consulta nuestro informe anual 2024 en ingl\u00e9s o espa\u00f1ol.<\/p>\t\t\t\t\t\t\t\t<\/div>\n\t\t\t\t<\/div>\n\t\t\t\t\t<\/div>\n\t\t\t\t<\/div>\n\t\t<div class=\"elementor-element elementor-element-3dd10c8 e-flex e-con-boxed e-con e-parent\" data-id=\"3dd10c8\" data-element_type=\"container\" data-e-type=\"container\">\n\t\t\t\t\t<div class=\"e-con-inner\">\n\t\t<div class=\"elementor-element elementor-element-7ade5a6 e-con-full e-flex e-con e-child\" data-id=\"7ade5a6\" data-element_type=\"container\" data-e-type=\"container\">\n\t\t\t\t<div class=\"elementor-element elementor-element-50c43a1 elementor-widget elementor-widget-image\" data-id=\"50c43a1\" data-element_type=\"widget\" data-e-type=\"widget\" data-widget_type=\"image.default\">\n\t\t\t\t<div class=\"elementor-widget-container\">\n\t\t\t\t\t\t\t\t\t\t\t\t\t\t\t\t<a href=\"https:\/\/www.nocoplaces.org\/wp-content\/uploads\/2025\/02\/NoCo-Places-Annual-Report_2024.pdf\" target=\"_blank\">\n\t\t\t\t\t\t\t<img decoding=\"async\" width=\"768\" height=\"430\" src=\"https:\/\/www.nocoplaces.org\/wp-content\/uploads\/2025\/02\/annual-report-cover_english-768x430.jpg\" class=\"attachment-medium_large size-medium_large wp-image-5321\" alt=\"NoCo Places Annual Report\" srcset=\"https:\/\/www.nocoplaces.org\/wp-content\/uploads\/2025\/02\/annual-report-cover_english-768x430.jpg 768w, https:\/\/www.nocoplaces.org\/wp-content\/uploads\/2025\/02\/annual-report-cover_english-300x168.jpg 300w, https:\/\/www.nocoplaces.org\/wp-content\/uploads\/2025\/02\/annual-report-cover_english-1024x573.jpg 1024w, https:\/\/www.nocoplaces.org\/wp-content\/uploads\/2025\/02\/annual-report-cover_english.jpg 1466w\" sizes=\"(max-width: 768px) 100vw, 768px\" \/>\t\t\t\t\t\t\t\t<\/a>\n\t\t\t\t\t\t\t\t\t\t\t\t\t\t\t<\/div>\n\t\t\t\t<\/div>\n\t\t\t\t<\/div>\n\t\t<div class=\"elementor-element elementor-element-fcda72a e-con-full e-flex e-con e-child\" data-id=\"fcda72a\" data-element_type=\"container\" data-e-type=\"container\">\n\t\t\t\t<div class=\"elementor-element elementor-element-63287c5 elementor-widget elementor-widget-image\" data-id=\"63287c5\" data-element_type=\"widget\" data-e-type=\"widget\" data-widget_type=\"image.default\">\n\t\t\t\t<div class=\"elementor-widget-container\">\n\t\t\t\t\t\t\t\t\t\t\t\t\t\t\t\t<a href=\"https:\/\/www.nocoplaces.org\/wp-content\/uploads\/2025\/02\/NoCo-Places-2024-Annual-Report_spanish.pdf\" target=\"_blank\">\n\t\t\t\t\t\t\t<img decoding=\"async\" width=\"768\" height=\"430\" src=\"https:\/\/www.nocoplaces.org\/wp-content\/uploads\/2025\/02\/annual-report-cover_spanish-768x430.jpg\" class=\"attachment-medium_large size-medium_large wp-image-5322\" alt=\"NoCo Places Annual Report in Spanish\" srcset=\"https:\/\/www.nocoplaces.org\/wp-content\/uploads\/2025\/02\/annual-report-cover_spanish-768x430.jpg 768w, https:\/\/www.nocoplaces.org\/wp-content\/uploads\/2025\/02\/annual-report-cover_spanish-300x168.jpg 300w, https:\/\/www.nocoplaces.org\/wp-content\/uploads\/2025\/02\/annual-report-cover_spanish-1024x573.jpg 1024w, https:\/\/www.nocoplaces.org\/wp-content\/uploads\/2025\/02\/annual-report-cover_spanish.jpg 1462w\" sizes=\"(max-width: 768px) 100vw, 768px\" \/>\t\t\t\t\t\t\t\t<\/a>\n\t\t\t\t\t\t\t\t\t\t\t\t\t\t\t<\/div>\n\t\t\t\t<\/div>\n\t\t\t\t<\/div>\n\t\t\t\t\t<\/div>\n\t\t\t\t<\/div>\n\t\t<div class=\"elementor-element elementor-element-b646c30 e-flex e-con-boxed e-con e-parent\" data-id=\"b646c30\" data-element_type=\"container\" data-e-type=\"container\">\n\t\t\t\t\t<div class=\"e-con-inner\">\n\t\t\t\t<div class=\"elementor-element elementor-element-d12b4df elementor-widget elementor-widget-spacer\" data-id=\"d12b4df\" data-element_type=\"widget\" data-e-type=\"widget\" data-widget_type=\"spacer.default\">\n\t\t\t\t<div class=\"elementor-widget-container\">\n\t\t\t\t\t\t\t<div class=\"elementor-spacer\">\n\t\t\t<div class=\"elementor-spacer-inner\"><\/div>\n\t\t<\/div>\n\t\t\t\t\t\t<\/div>\n\t\t\t\t<\/div>\n\t\t\t\t<div class=\"elementor-element elementor-element-004da3a elementor-widget elementor-widget-heading\" data-id=\"004da3a\" data-element_type=\"widget\" data-e-type=\"widget\" data-widget_type=\"heading.default\">\n\t\t\t\t<div class=\"elementor-widget-container\">\n\t\t\t\t\t<h2 class=\"elementor-heading-title elementor-size-default\">Informes trimestrales<\/h2>\t\t\t\t<\/div>\n\t\t\t\t<\/div>\n\t\t\t\t\t<\/div>\n\t\t\t\t<\/div>\n\t\t<div class=\"elementor-element elementor-element-cda74d0 e-flex e-con-boxed e-con e-parent\" data-id=\"cda74d0\" data-element_type=\"container\" data-e-type=\"container\">\n\t\t\t\t\t<div class=\"e-con-inner\">\n\t\t\t\t<div class=\"elementor-element elementor-element-417a3b6 elementor-widget elementor-widget-text-editor\" data-id=\"417a3b6\" data-element_type=\"widget\" data-e-type=\"widget\" data-widget_type=\"text-editor.default\">\n\t\t\t\t<div class=\"elementor-widget-container\">\n\t\t\t\t\t\t\t\t\t<p>Para inscribirte y recibir el bolet\u00edn electr\u00f3nico NoCo Places y las actualizaciones trimestrales, env\u00edanos un correo electr\u00f3nico a: <a href=\"mailto:info@nocoplaces2050.com\" target=\"_blank\" rel=\"noreferrer noopener\">info@nocoplaces2050.com<\/a><\/p>\t\t\t\t\t\t\t\t<\/div>\n\t\t\t\t<\/div>\n\t\t\t\t\t<\/div>\n\t\t\t\t<\/div>\n\t\t<div class=\"elementor-element elementor-element-e78d7f0 e-flex e-con-boxed e-con e-parent\" data-id=\"e78d7f0\" data-element_type=\"container\" data-e-type=\"container\">\n\t\t\t\t\t<div class=\"e-con-inner\">\n\t\t\t\t<div class=\"elementor-element elementor-element-657eb4d elementor-tabs-view-horizontal elementor-widget elementor-widget-tabs\" data-id=\"657eb4d\" data-element_type=\"widget\" data-e-type=\"widget\" data-widget_type=\"tabs.default\">\n\t\t\t\t<div class=\"elementor-widget-container\">\n\t\t\t\t\t\t\t<div class=\"elementor-tabs\">\n\t\t\t<div class=\"elementor-tabs-wrapper\" role=\"tablist\" >\n\t\t\t\t\t\t\t\t\t<div id=\"elementor-tab-title-1061\" class=\"elementor-tab-title elementor-tab-desktop-title\" aria-selected=\"true\" data-tab=\"1\" role=\"tab\" tabindex=\"0\" aria-controls=\"elementor-tab-content-1061\" aria-expanded=\"false\">2025<\/div>\n\t\t\t\t\t\t\t\t\t<div id=\"elementor-tab-title-1062\" class=\"elementor-tab-title elementor-tab-desktop-title\" aria-selected=\"false\" data-tab=\"2\" role=\"tab\" tabindex=\"-1\" aria-controls=\"elementor-tab-content-1062\" aria-expanded=\"false\">2024<\/div>\n\t\t\t\t\t\t\t\t\t<div id=\"elementor-tab-title-1063\" class=\"elementor-tab-title elementor-tab-desktop-title\" aria-selected=\"false\" data-tab=\"3\" role=\"tab\" tabindex=\"-1\" aria-controls=\"elementor-tab-content-1063\" aria-expanded=\"false\">2023<\/div>\n\t\t\t\t\t\t\t\t\t<div id=\"elementor-tab-title-1064\" class=\"elementor-tab-title elementor-tab-desktop-title\" aria-selected=\"false\" data-tab=\"4\" role=\"tab\" tabindex=\"-1\" aria-controls=\"elementor-tab-content-1064\" aria-expanded=\"false\">2022<\/div>\n\t\t\t\t\t\t\t\t\t<div id=\"elementor-tab-title-1065\" class=\"elementor-tab-title elementor-tab-desktop-title\" aria-selected=\"false\" data-tab=\"5\" role=\"tab\" tabindex=\"-1\" aria-controls=\"elementor-tab-content-1065\" aria-expanded=\"false\">2021<\/div>\n\t\t\t\t\t\t\t<\/div>\n\t\t\t<div class=\"elementor-tabs-content-wrapper\" role=\"tablist\" aria-orientation=\"vertical\">\n\t\t\t\t\t\t\t\t\t<div class=\"elementor-tab-title elementor-tab-mobile-title\" aria-selected=\"true\" data-tab=\"1\" role=\"tab\" tabindex=\"0\" aria-controls=\"elementor-tab-content-1061\" aria-expanded=\"false\">2025<\/div>\n\t\t\t\t\t<div id=\"elementor-tab-content-1061\" class=\"elementor-tab-content elementor-clearfix\" data-tab=\"1\" role=\"tabpanel\" aria-labelledby=\"elementor-tab-title-1061\" tabindex=\"0\" hidden=\"false\"><ul>\n<li><a href=\"https:\/\/www.nocoplaces.org\/wp-content\/uploads\/2025\/04\/Quarterly-Report_NoCo-Places_Q1-2025_web.pdf\">Q1 2025<\/a><\/li>\n<li><a href=\"https:\/\/www.nocoplaces.org\/wp-content\/uploads\/2025\/07\/Quarterly-Report_NoCo-Places_Q2-2025.pdf\">Q2 2025<\/a><\/li>\n<\/ul>\n<\/div>\n\t\t\t\t\t\t\t\t\t<div class=\"elementor-tab-title elementor-tab-mobile-title\" aria-selected=\"false\" data-tab=\"2\" role=\"tab\" tabindex=\"-1\" aria-controls=\"elementor-tab-content-1062\" aria-expanded=\"false\">2024<\/div>\n\t\t\t\t\t<div id=\"elementor-tab-content-1062\" class=\"elementor-tab-content elementor-clearfix\" data-tab=\"2\" role=\"tabpanel\" aria-labelledby=\"elementor-tab-title-1062\" tabindex=\"0\" hidden=\"hidden\"><ul>\n<li><a href=\"https:\/\/www.nocoplaces.org\/wp-content\/uploads\/2024\/04\/Quarterly-Report_NoCo-PLACES_Q1-2024_web.pdf\" target=\"_blank\" rel=\"noopener\">Q1 2024<\/a><\/li>\n<li><a href=\"https:\/\/www.nocoplaces.org\/wp-content\/uploads\/2024\/07\/Quarterly-Report_NoCo-PLACES_Q2-2024_web.pdf\" target=\"_blank\" rel=\"noopener\">Q2 2024<\/a><\/li>\n<li><a href=\"https:\/\/www.nocoplaces.org\/wp-content\/uploads\/2024\/10\/Quarterly-Report_NoCo-PLACES_Q3-2024.pdf\">Q3 2024<\/a><\/li>\n<li><a href=\"https:\/\/www.nocoplaces.org\/wp-content\/uploads\/2025\/02\/NoCo-Places-Annual-Report_2024.pdf\">Informe anual<\/a><\/li>\n<\/ul>\n<\/div>\n\t\t\t\t\t\t\t\t\t<div class=\"elementor-tab-title elementor-tab-mobile-title\" aria-selected=\"false\" data-tab=\"3\" role=\"tab\" tabindex=\"-1\" aria-controls=\"elementor-tab-content-1063\" aria-expanded=\"false\">2023<\/div>\n\t\t\t\t\t<div id=\"elementor-tab-content-1063\" class=\"elementor-tab-content elementor-clearfix\" data-tab=\"3\" role=\"tabpanel\" aria-labelledby=\"elementor-tab-title-1063\" tabindex=\"0\" hidden=\"hidden\"><ul>\n<li><a href=\"https:\/\/www.nocoplaces.org\/wp-content\/uploads\/2024\/01\/Quarterly-Report_NoCo-PLACES_Q4-2023_web.pdf\">Q4 2023<\/a><\/li>\n<li><a href=\"https:\/\/www.nocoplaces.org\/wp-content\/uploads\/2023\/11\/Quarterly-Report_NoCo-PLACES_Q3-2023_web.pdf\">Q3 2023<\/a><\/li>\n<li><a href=\"http:\/\/www.nocoplaces2050.com\/wp-content\/uploads\/2023\/06\/Quarterly-Report_NoCo-PLACES_Q2-2023_web.pdf\" target=\"_blank\" rel=\"noreferrer noopener\">Q2 2023<\/a><\/li>\n<li><a href=\"http:\/\/www.nocoplaces2050.com\/wp-content\/uploads\/2023\/04\/Quarterly-Report_NoCo-PLACES_Q1-2023_web.pdf\" target=\"_blank\" rel=\"noreferrer noopener\">Q1 2023<\/a><\/li>\n<\/ul>\n<\/div>\n\t\t\t\t\t\t\t\t\t<div class=\"elementor-tab-title elementor-tab-mobile-title\" aria-selected=\"false\" data-tab=\"4\" role=\"tab\" tabindex=\"-1\" aria-controls=\"elementor-tab-content-1064\" aria-expanded=\"false\">2022<\/div>\n\t\t\t\t\t<div id=\"elementor-tab-content-1064\" class=\"elementor-tab-content elementor-clearfix\" data-tab=\"4\" role=\"tabpanel\" aria-labelledby=\"elementor-tab-title-1064\" tabindex=\"0\" hidden=\"hidden\"><ul>\n<li><a href=\"http:\/\/www.nocoplaces2050.com\/wp-content\/uploads\/2023\/01\/Quarterly-Report_NoCo-PLACES_Q4-2022_web.pdf\" target=\"_blank\" rel=\"noreferrer noopener\">Q4 2022<\/a><\/li>\n<li><a href=\"http:\/\/www.nocoplaces2050.com\/wp-content\/uploads\/2022\/09\/Quarterly-Report_NoCo-PLACES_Q3-2022_web.pdf\" target=\"_blank\" rel=\"noreferrer noopener\">Q3 2022<\/a><\/li>\n<li><a href=\"http:\/\/www.nocoplaces2050.com\/wp-content\/uploads\/2022\/07\/Quarterly-Report_NoCo-PLACES_Q2-2022_web.pdf\" target=\"_blank\" rel=\"noreferrer noopener\">Q2 2022<\/a><\/li>\n<li><a href=\"http:\/\/www.nocoplaces2050.com\/wp-content\/uploads\/2022\/04\/Quarterly-Report_NoCo-PLACES_Q1-2022_web.pdf\" target=\"_blank\" rel=\"noreferrer noopener\">Q1 2022<\/a><\/li>\n<\/ul>\n<\/div>\n\t\t\t\t\t\t\t\t\t<div class=\"elementor-tab-title elementor-tab-mobile-title\" aria-selected=\"false\" data-tab=\"5\" role=\"tab\" tabindex=\"-1\" aria-controls=\"elementor-tab-content-1065\" aria-expanded=\"false\">2021<\/div>\n\t\t\t\t\t<div id=\"elementor-tab-content-1065\" class=\"elementor-tab-content elementor-clearfix\" data-tab=\"5\" role=\"tabpanel\" aria-labelledby=\"elementor-tab-title-1065\" tabindex=\"0\" hidden=\"hidden\"><ul>\n<li><a href=\"http:\/\/www.nocoplaces2050.com\/wp-content\/uploads\/2022\/03\/Quarterly-Report_NoCo-PLACES_Q4-2021_web.pdf\">Q<\/a><a href=\"http:\/\/www.nocoplaces2050.com\/wp-content\/uploads\/2022\/03\/Quarterly-Report_NoCo-PLACES_Q4-2021_web.pdf\" target=\"_blank\" rel=\"noreferrer noopener\">4 2021<\/a><\/li>\n<\/ul>\n<\/div>\n\t\t\t\t\t\t\t<\/div>\n\t\t<\/div>\n\t\t\t\t\t\t<\/div>\n\t\t\t\t<\/div>\n\t\t\t\t\t<\/div>\n\t\t\t\t<\/div>\n\t\t\t\t<\/div>\n\t\t","protected":false},"excerpt":{"rendered":"<p>Cr\u00e9dito de la foto: Jeannie Sumrall-Ajero Informe anual Consulta nuestro informe anual 2024 en ingl\u00e9s o espa\u00f1ol. Informes trimestrales Para inscribirte y recibir el bolet\u00edn electr\u00f3nico NoCo Places y las actualizaciones trimestrales, env\u00edanos un correo electr\u00f3nico a: info@nocoplaces2050.com 2025 2024 2023 2022 2021 2025 Q1 2025 Q2 2025 2024 Q1 2024 Q2 2024 Q3 2024 [&hellip;]<\/p>\n","protected":false},"author":5,"featured_media":0,"parent":0,"menu_order":0,"comment_status":"closed","ping_status":"closed","template":"elementor_header_footer","meta":{"_acf_changed":false,"_monsterinsights_skip_tracking":false,"_monsterinsights_sitenote_active":false,"_monsterinsights_sitenote_note":"","_monsterinsights_sitenote_category":0,"footnotes":""},"class_list":["post-5396","page","type-page","status-publish","hentry"],"acf":[],"featured_image_src":null,"featured_image_src_square":null,"_links":{"self":[{"href":"https:\/\/www.nocoplaces.org\/es\/wp-json\/wp\/v2\/pages\/5396","targetHints":{"allow":["GET"]}}],"collection":[{"href":"https:\/\/www.nocoplaces.org\/es\/wp-json\/wp\/v2\/pages"}],"about":[{"href":"https:\/\/www.nocoplaces.org\/es\/wp-json\/wp\/v2\/types\/page"}],"author":[{"embeddable":true,"href":"https:\/\/www.nocoplaces.org\/es\/wp-json\/wp\/v2\/users\/5"}],"replies":[{"embeddable":true,"href":"https:\/\/www.nocoplaces.org\/es\/wp-json\/wp\/v2\/comments?post=5396"}],"version-history":[{"count":0,"href":"https:\/\/www.nocoplaces.org\/es\/wp-json\/wp\/v2\/pages\/5396\/revisions"}],"wp:attachment":[{"href":"https:\/\/www.nocoplaces.org\/es\/wp-json\/wp\/v2\/media?parent=5396"}],"curies":[{"name":"wp","href":"https:\/\/api.w.org\/{rel}","templated":true}]}}