{"id":5401,"date":"2023-01-13T15:26:03","date_gmt":"2023-01-13T15:26:03","guid":{"rendered":"https:\/\/www.nocoplaces.com\/el-desafio\/seguridad-en-las-actividades-recreativas-de-invierno\/"},"modified":"2026-04-07T23:35:28","modified_gmt":"2026-04-07T23:35:28","slug":"seguridad-en-las-actividades-recreativas-de-invierno","status":"publish","type":"page","link":"https:\/\/www.nocoplaces.org\/es\/mensajeria\/seguridad-en-las-actividades-recreativas-de-invierno\/","title":{"rendered":"Seguridad en las Actividades Recreativas de Invierno"},"content":{"rendered":"<ul>\n<li>\n\t\t\t\t\t\t\t<svg aria-hidden=\"true\" viewbox=\"0 0 576 512\" xmlns=\"http:\/\/www.w3.org\/2000\/svg\"><path d=\"M546.2 9.7c-5.6-12.5-21.6-13-28.3-1.2C486.9 62.4 431.4 96 368 96h-80C182 96 96 182 96 288c0 7 .8 13.7 1.5 20.5C161.3 262.8 253.4 224 384 224c8.8 0 16 7.2 16 16s-7.2 16-16 16C132.6 256 26 410.1 2.4 468c-6.6 16.3 1.2 34.9 17.5 41.6 16.4 6.8 35-1.1 41.8-17.3 1.5-3.6 20.9-47.9 71.9-90.6 32.4 43.9 94 85.8 174.9 77.2C465.5 467.5 576 326.7 576 154.3c0-50.2-10.8-102.2-29.8-144.6z\"><\/path><\/svg><br \/>\n  Inf\u00f3rmate antes de ir\n\t\t\t\t\t\t\t\t\t<\/li>\n<\/ul>\n<h1>Seguridad en las Actividades Recreativas de Invierno<br \/>\n<\/h1>\n<h2>Mensajes comunes de las Agencias de Plazas de NoCo<\/h2>\n<p>Nuestros esfuerzos de colaboraci\u00f3n incluyen la creaci\u00f3n de mensajes comunes respaldados por las ocho agencias de NoCo Places. Compartir los mensajes de seguridad y administraci\u00f3n de los terrenos entre las agencias de gesti\u00f3n de terrenos p\u00fablicos del condado, estatales y federales ayuda a aumentar la probabilidad de que los mensajes calen en los visitantes de los terrenos p\u00fablicos. <\/p>\n<p>Puedes compartir y personalizar gratuitamente nuestros mensajes para tu agencia. <a href=\"https:\/\/www.nocoplaces.org\/es\/contacta-con-nosotros\/\">Ponte en contacto con nosotros<\/a> para recibir kits de prensa.<\/p>\n<h2>Consejos para disfrutar del invierno en el norte de Colorado<\/h2>\n<p>El invierno en el norte de Colorado da paso a distintos tipos de actividades recreativas que tanto residentes como visitantes esperan todo el a\u00f1o para disfrutar. Ya sea esquiando, con raquetas de nieve, haciendo senderismo o montando en bicicleta, la gente aprovecha al m\u00e1ximo las oportunidades que brinda la nieve reci\u00e9n ca\u00edda. Al igual que las actividades recreativas son diferentes en invierno, tambi\u00e9n lo es el comportamiento de la fauna y los tipos de encuentros que puede experimentar la gente.  <\/p>\n<p>NoCo Places colabor\u00f3 en la elaboraci\u00f3n de mensajes de seguridad para las actividades recreativas de invierno y cre\u00f3 una serie de v\u00eddeos con consejos para disfrutar del invierno de Colorado, de forma segura.<\/p>\n<p>https:\/\/www.youtube.com\/watch?v=fp5aJlgjL1M&amp;list=PLtgoppGFUkhEodgjCaioYSigNyXARCSOJ<\/p>\n<p style=\"text-align: center;\"><a href=\"https:\/\/www.youtube.com\/watch?v=fp5aJlgjL1M&amp;list=PLtgoppGFUkhEodgjCaioYSigNyXARCSOJ\" target=\"_blank\" rel=\"noopener\"><strong>Ver toda la lista de reproducci\u00f3n Skills Before Thrills<\/strong><\/a><\/p>\n<p style=\"text-align: center;\"><strong>In English:<\/strong> <strong><a href=\"https:\/\/www.youtube.com\/watch?v=9qx-o9aBkRQ&amp;list=PLtgoppGFUkhEFJx9I71sdaU0FvyS2g4Q9\" target=\"_blank\" rel=\"noreferrer noopener\">Destrezas para evitar ingratas sorpresas: edici\u00f3n de invierno<\/a><\/strong><\/p>\n<p>https:\/\/www.youtube.com\/watch?v=DUgxGD3t6lQ&amp;list=PLtgoppGFUkhHxd0wYSCSWVMCnKJnhztqV<\/p>\n<p style=\"text-align: center;\"><a href=\"https:\/\/www.youtube.com\/watch?v=DUgxGD3t6lQ&amp;list=PLtgoppGFUkhHxd0wYSCSWVMCnKJnhztqV\" target=\"_blank\" rel=\"noopener\"><strong>Ver toda la lista de reproducci\u00f3n de Mayordom\u00eda para toda la temporada<\/strong><\/a><\/p>\n<p style=\"text-align: center;\"><strong>In English:<\/strong> <strong><a href=\"https:\/\/www.youtube.com\/watch?v=K7a5xXDQO0I&amp;list=PLtgoppGFUkhGRjreTu9ITuNUsagA_hraC\" target=\"_blank\" rel=\"noreferrer noopener\">Gesti\u00f3n durante toda la temporada<\/a><\/strong><\/p>\n<p>https:\/\/www.youtube.com\/watch?v=2dWfVQ9EGFs&amp;list=PLtgoppGFUkhHy83Hqtld2eHUwtT-rn_d2<\/p>\n<p style=\"text-align: center;\"><a href=\"https:\/\/www.youtube.com\/watch?v=2dWfVQ9EGFs&amp;list=PLtgoppGFUkhHy83Hqtld2eHUwtT-rn_d2\" target=\"_blank\" rel=\"noopener\"><strong>Ver toda la lista de reproducci\u00f3n de Concienciaci\u00f3n invernal sobre la fauna y flora silvestres<\/strong><\/a><\/p>\n<p style=\"text-align: center;\"><strong>In English:<\/strong> <strong><a href=\"https:\/\/www.youtube.com\/watch?v=TxpJc_4bDe8&amp;list=PLtgoppGFUkhG7bEGD6Y-KLK75TmayRDXz\" target=\"_blank\" rel=\"noreferrer noopener\">Sensibilizaci\u00f3n sobre la naturaleza en invierno<\/a><\/strong><\/p>\n<h2>Habilidades antes que emociones: Edici\u00f3n de Invierno<\/h2>\n<ul>\n<li>Inf\u00f3rmate sobre el riesgo de avalancha antes de salir al campo. Toma clases sobre avalanchas y consulta las previsiones y advertencias del <strong><a href=\"http:\/\/www.colorado.gov\/avalanche\" target=\"_blank\" rel=\"noreferrer noopener\">Centro de Informaci\u00f3n de Avalanchas de Colorado<\/a><\/strong> <\/li>\n<li>Comprueba las condiciones meteorol\u00f3gicas y del hielo antes de salir al hielo. Cuatro pulgadas de hielo suelen considerarse seguras para la pesca y el patinaje sobre hielo. <\/li>\n<li>Si se produce una ca\u00edda a trav\u00e9s del hielo, utiliza los codos para arrastrarte sobre el hielo s\u00f3lido, patea con los pies para salir. Cali\u00e9ntate r\u00e1pidamente y llama al 911. <\/li>\n<li>Lleva varias herramientas de navegaci\u00f3n, como un tel\u00e9fono m\u00f3vil, una unidad GPS, un mapa de papel y una br\u00fajula. La habilidad para encontrar rutas es fundamental, especialmente en invierno. <\/li>\n<\/ul>\n<figure>\n\t\t\t\t\t\t\t\t\t\t<img fetchpriority=\"high\" decoding=\"async\" width=\"800\" height=\"441\" src=\"https:\/\/www.nocoplaces.org\/wp-content\/uploads\/2024\/01\/web_avalanche-conditions_web.jpg\" alt=\"gente con raquetas de nieve\" srcset=\"https:\/\/www.nocoplaces.org\/wp-content\/uploads\/2024\/01\/web_avalanche-conditions_web.jpg 876w, https:\/\/www.nocoplaces.org\/wp-content\/uploads\/2024\/01\/web_avalanche-conditions_web-300x165.jpg 300w, https:\/\/www.nocoplaces.org\/wp-content\/uploads\/2024\/01\/web_avalanche-conditions_web-768x423.jpg 768w\" sizes=\"(max-width: 800px) 100vw, 800px\"><figcaption>Raquetas de nieve en una pendiente pronunciada. Cr\u00e9dito de la foto: John Marino <\/figcaption><\/figure>\n<h2>Corresponsabilidad en todas las estaciones<\/h2>\n<ul>\n<li>Las condiciones de los senderos invernales pueden variar mucho de la ma\u00f1ana a la tarde y de las estribaciones a las monta\u00f1as. Lleva calzado adecuado y camina por el barro, no alrededor de \u00e9l, para evitar que el sendero se ensanche y se da\u00f1e. <\/li>\n<li>Inf\u00f3rmate antes de ir: conoce qu\u00e9 parques y senderos est\u00e1n cerrados durante el invierno consultando <a href=\"https:\/\/trails.colorado.gov\/\" target=\"_blank\" rel=\"noreferrer noopener\"><strong>Explorador de Senderos de Colorado (COTREX)<\/strong><\/a> u otra aplicaci\u00f3n de senderos antes de salir de casa.<\/li>\n<li>Recoge los excrementos de perro. Los excrementos de perro no se biodegradan como los de la fauna y ser\u00e1n arrastrados a las cuencas hidrogr\u00e1ficas junto con la nieve derretida. Conoce qu\u00e9 parques admiten perros.  <\/li>\n<\/ul>\n<figure>\n\t\t\t\t\t\t\t\t\t\t<img decoding=\"async\" width=\"800\" height=\"533\" src=\"https:\/\/www.nocoplaces.org\/wp-content\/uploads\/2023\/01\/web_trail-courtesy.jpg\" alt=\"\" srcset=\"https:\/\/www.nocoplaces.org\/wp-content\/uploads\/2023\/01\/web_trail-courtesy.jpg 900w, https:\/\/www.nocoplaces.org\/wp-content\/uploads\/2023\/01\/web_trail-courtesy-300x200.jpg 300w, https:\/\/www.nocoplaces.org\/wp-content\/uploads\/2023\/01\/web_trail-courtesy-768x512.jpg 768w\" sizes=\"(max-width: 800px) 100vw, 800px\"><figcaption>Visitantes compartiendo el sendero. Cr\u00e9dito de la foto: P. Baker <\/figcaption><\/figure>\n<h2>Concienciaci\u00f3n sobre la fauna invernal<\/h2>\n<ul>\n<li>Evita molestar a los ciervos y alces en sus zonas de invernada. No te acerques. El estr\u00e9s provocado por las molestias en invierno puede causarles la muerte en primavera. Lleva correa y controla a los perros.   <\/li>\n<li>Resiste la tentaci\u00f3n de alimentar a los animales salvajes. Es ilegal, peligroso y puede matar al animal. <\/li>\n<li>Ten en cuenta que algunos animales salvajes utilizan los senderos nevados durante el invierno. Nunca precipites a la fauna fuera de los senderos, dales mucho espacio y tiempo, mantente en silencio. <\/li>\n<\/ul>\n<figure>\n\t\t\t\t\t\t\t\t\t\t<img decoding=\"async\" width=\"800\" height=\"500\" src=\"https:\/\/www.nocoplaces.org\/wp-content\/uploads\/2023\/01\/web_elk-in-snow.jpg\" alt=\"\" srcset=\"https:\/\/www.nocoplaces.org\/wp-content\/uploads\/2023\/01\/web_elk-in-snow.jpg 800w, https:\/\/www.nocoplaces.org\/wp-content\/uploads\/2023\/01\/web_elk-in-snow-300x188.jpg 300w, https:\/\/www.nocoplaces.org\/wp-content\/uploads\/2023\/01\/web_elk-in-snow-768x480.jpg 768w\" sizes=\"(max-width: 800px) 100vw, 800px\"><figcaption>Alce en la nieve<\/figcaption><\/figure>\n","protected":false},"excerpt":{"rendered":"<p>Inf\u00f3rmate antes de ir Seguridad en las Actividades Recreativas de Invierno Mensajes comunes de las Agencias de Plazas de NoCo Nuestros esfuerzos de colaboraci\u00f3n incluyen la creaci\u00f3n de mensajes comunes respaldados por las ocho agencias de NoCo Places. Compartir los mensajes de seguridad y administraci\u00f3n de los terrenos entre las agencias de gesti\u00f3n de terrenos [&hellip;]<\/p>\n","protected":false},"author":5,"featured_media":0,"parent":5582,"menu_order":-2,"comment_status":"closed","ping_status":"closed","template":"elementor_header_footer","meta":{"_acf_changed":false,"give_campaign_id":0,"_monsterinsights_skip_tracking":false,"_monsterinsights_sitenote_active":false,"_monsterinsights_sitenote_note":"","_monsterinsights_sitenote_category":0,"footnotes":""},"class_list":["post-5401","page","type-page","status-publish","hentry"],"acf":[],"campaignId":"","featured_image_src":null,"featured_image_src_square":null,"_links":{"self":[{"href":"https:\/\/www.nocoplaces.org\/es\/wp-json\/wp\/v2\/pages\/5401","targetHints":{"allow":["GET"]}}],"collection":[{"href":"https:\/\/www.nocoplaces.org\/es\/wp-json\/wp\/v2\/pages"}],"about":[{"href":"https:\/\/www.nocoplaces.org\/es\/wp-json\/wp\/v2\/types\/page"}],"author":[{"embeddable":true,"href":"https:\/\/www.nocoplaces.org\/es\/wp-json\/wp\/v2\/users\/5"}],"replies":[{"embeddable":true,"href":"https:\/\/www.nocoplaces.org\/es\/wp-json\/wp\/v2\/comments?post=5401"}],"version-history":[{"count":0,"href":"https:\/\/www.nocoplaces.org\/es\/wp-json\/wp\/v2\/pages\/5401\/revisions"}],"up":[{"embeddable":true,"href":"https:\/\/www.nocoplaces.org\/es\/wp-json\/wp\/v2\/pages\/5582"}],"wp:attachment":[{"href":"https:\/\/www.nocoplaces.org\/es\/wp-json\/wp\/v2\/media?parent=5401"}],"curies":[{"name":"wp","href":"https:\/\/api.w.org\/{rel}","templated":true}]}}