{"id":5405,"date":"2024-03-08T19:02:36","date_gmt":"2024-03-08T19:02:36","guid":{"rendered":"https:\/\/www.nocoplaces.com\/el-valor-de-los-terrenos-publicos\/"},"modified":"2026-04-07T23:35:22","modified_gmt":"2026-04-07T23:35:22","slug":"el-valor-de-los-terrenos-publicos","status":"publish","type":"page","link":"https:\/\/www.nocoplaces.org\/es\/el-valor-de-los-terrenos-publicos\/","title":{"rendered":"El valor de los terrenos p\u00fablicos"},"content":{"rendered":"\t\t<div data-elementor-type=\"wp-page\" data-elementor-id=\"5405\" class=\"elementor elementor-5405 elementor-4018\" data-elementor-post-type=\"page\">\n\t\t\t\t<div class=\"elementor-element elementor-element-1889ee1 e-flex e-con-boxed e-con e-parent\" data-id=\"1889ee1\" data-element_type=\"container\" data-e-type=\"container\" data-settings=\"{&quot;background_background&quot;:&quot;classic&quot;}\">\n\t\t\t\t\t<div class=\"e-con-inner\">\n\t\t<div class=\"elementor-element elementor-element-76a98a9 e-flex e-con-boxed e-con e-child\" data-id=\"76a98a9\" data-element_type=\"container\" data-e-type=\"container\">\n\t\t\t\t\t<div class=\"e-con-inner\">\n\t\t<div class=\"elementor-element elementor-element-1e1eaa8 e-con-full e-flex e-con e-child\" data-id=\"1e1eaa8\" data-element_type=\"container\" data-e-type=\"container\">\n\t\t\t\t<div class=\"elementor-element elementor-element-6fbc516 elementor-icon-list--layout-traditional elementor-list-item-link-full_width elementor-widget elementor-widget-icon-list\" data-id=\"6fbc516\" data-element_type=\"widget\" data-e-type=\"widget\" data-widget_type=\"icon-list.default\">\n\t\t\t\t<div class=\"elementor-widget-container\">\n\t\t\t\t\t\t\t<ul class=\"elementor-icon-list-items\">\n\t\t\t\t\t\t\t<li class=\"elementor-icon-list-item\">\n\t\t\t\t\t\t\t\t\t\t\t<span class=\"elementor-icon-list-icon\">\n\t\t\t\t\t\t\t<svg aria-hidden=\"true\" class=\"e-font-icon-svg e-fas-leaf\" viewBox=\"0 0 576 512\" xmlns=\"http:\/\/www.w3.org\/2000\/svg\"><path d=\"M546.2 9.7c-5.6-12.5-21.6-13-28.3-1.2C486.9 62.4 431.4 96 368 96h-80C182 96 96 182 96 288c0 7 .8 13.7 1.5 20.5C161.3 262.8 253.4 224 384 224c8.8 0 16 7.2 16 16s-7.2 16-16 16C132.6 256 26 410.1 2.4 468c-6.6 16.3 1.2 34.9 17.5 41.6 16.4 6.8 35-1.1 41.8-17.3 1.5-3.6 20.9-47.9 71.9-90.6 32.4 43.9 94 85.8 174.9 77.2C465.5 467.5 576 326.7 576 154.3c0-50.2-10.8-102.2-29.8-144.6z\"><\/path><\/svg>\t\t\t\t\t\t<\/span>\n\t\t\t\t\t\t\t\t\t\t<span class=\"elementor-icon-list-text\">Coalici\u00f3n de Terrenos P\u00fablicos del Norte de Colorado<\/span>\n\t\t\t\t\t\t\t\t\t<\/li>\n\t\t\t\t\t\t<\/ul>\n\t\t\t\t\t\t<\/div>\n\t\t\t\t<\/div>\n\t\t\t\t<div class=\"elementor-element elementor-element-a551789 elementor-widget elementor-widget-heading\" data-id=\"a551789\" data-element_type=\"widget\" data-e-type=\"widget\" data-widget_type=\"heading.default\">\n\t\t\t\t<div class=\"elementor-widget-container\">\n\t\t\t\t\t<h1 class=\"elementor-heading-title elementor-size-default\">El valor de los terrenos p\u00fablicos\n<\/h1>\t\t\t\t<\/div>\n\t\t\t\t<\/div>\n\t\t\t\t<\/div>\n\t\t\t\t\t<\/div>\n\t\t\t\t<\/div>\n\t\t\t\t\t<\/div>\n\t\t\t\t<\/div>\n\t\t<div class=\"elementor-element elementor-element-1d12bb6 e-flex e-con-boxed e-con e-parent\" data-id=\"1d12bb6\" data-element_type=\"container\" data-e-type=\"container\" data-settings=\"{&quot;background_background&quot;:&quot;classic&quot;}\">\n\t\t\t\t\t<div class=\"e-con-inner\">\n\t\t<div class=\"elementor-element elementor-element-ee8d33a e-con-full e-flex e-con e-child\" data-id=\"ee8d33a\" data-element_type=\"container\" data-e-type=\"container\">\n\t\t<div class=\"elementor-element elementor-element-125da57 e-con-full e-flex e-con e-child\" data-id=\"125da57\" data-element_type=\"container\" data-e-type=\"container\">\n\t\t<div class=\"elementor-element elementor-element-c955666 e-con-full e-flex e-con e-child\" data-id=\"c955666\" data-element_type=\"container\" data-e-type=\"container\">\n\t\t<div class=\"elementor-element elementor-element-ae8c8fe e-con-full e-flex e-con e-child\" data-id=\"ae8c8fe\" data-element_type=\"container\" data-e-type=\"container\">\n\t\t\t\t<div class=\"elementor-element elementor-element-b03df61 elementor-widget elementor-widget-heading\" data-id=\"b03df61\" data-element_type=\"widget\" data-e-type=\"widget\" data-widget_type=\"heading.default\">\n\t\t\t\t<div class=\"elementor-widget-container\">\n\t\t\t\t\t<h2 class=\"elementor-heading-title elementor-size-default\">Mensajes comunes de las Agencias de Plazas de NoCo<\/h2>\t\t\t\t<\/div>\n\t\t\t\t<\/div>\n\t\t\t\t<div class=\"elementor-element elementor-element-15ef485 elementor-widget elementor-widget-text-editor\" data-id=\"15ef485\" data-element_type=\"widget\" data-e-type=\"widget\" data-widget_type=\"text-editor.default\">\n\t\t\t\t<div class=\"elementor-widget-container\">\n\t\t\t\t\t\t\t\t\t<p>Nuestros esfuerzos de colaboraci\u00f3n incluyen la creaci\u00f3n de mensajes comunes respaldados por las ocho agencias de NoCo Places. Compartir los mensajes de seguridad y administraci\u00f3n de los terrenos entre las agencias de gesti\u00f3n de terrenos p\u00fablicos del condado, estatales y federales ayuda a aumentar la probabilidad de que los mensajes calen en los visitantes de los terrenos p\u00fablicos. <\/p><p>Puedes compartir y personalizar gratuitamente nuestros mensajes para tu agencia. Env\u00edanos un correo electr\u00f3nico para recibir kits de mensajer\u00eda: <a href=\"mailto:info@nocoplaces2050.com\"><strong>info@nocoplaces2050.com<\/strong><\/a> <\/p>\t\t\t\t\t\t\t\t<\/div>\n\t\t\t\t<\/div>\n\t\t\t\t<div class=\"elementor-element elementor-element-6ea08c9 elementor-widget elementor-widget-heading\" data-id=\"6ea08c9\" data-element_type=\"widget\" data-e-type=\"widget\" data-widget_type=\"heading.default\">\n\t\t\t\t<div class=\"elementor-widget-container\">\n\t\t\t\t\t<h2 class=\"elementor-heading-title elementor-size-default\">\u00bfPor qu\u00e9 valoras los terrenos p\u00fablicos de CO?<\/h2>\t\t\t\t<\/div>\n\t\t\t\t<\/div>\n\t\t\t\t<div class=\"elementor-element elementor-element-246463c elementor-widget elementor-widget-text-editor\" data-id=\"246463c\" data-element_type=\"widget\" data-e-type=\"widget\" data-widget_type=\"text-editor.default\">\n\t\t\t\t<div class=\"elementor-widget-container\">\n\t\t\t\t\t\t\t\t\t<p><span class=\"yt-core-attributed-string yt-core-attributed-string--white-space-pre-wrap\"><span class=\"yt-core-attributed-string--link-inherit-color\">Colorado es conocido por sus aventuras al aire libre, y con m\u00e1s de 2,18 millones de acres de terrenos p\u00fablicos a lo largo de la Cordillera Frontal Norte, hay muchas zonas que explorar. Con el aumento de las visitas a los terrenos p\u00fablicos, est\u00e1 m\u00e1s claro que nunca que las inversiones para apoyar la conservaci\u00f3n de nuestras tierras, aguas y vida salvaje son piezas fundamentales para mantener esta alta calidad de vida para las futuras generaciones de habitantes de Colorado.   <\/span><\/span><\/p><p><span class=\"yt-core-attributed-string yt-core-attributed-string--white-space-pre-wrap\"><span class=\"yt-core-attributed-string--link-inherit-color\">\u00bfPor qu\u00e9 valoran los habitantes de Colorado los terrenos p\u00fablicos? La respuesta va desde los beneficios para la salud de estar al aire libre hasta el deseo de preservar los espacios naturales para las generaciones futuras. La conexi\u00f3n de las personas con los espacios verdes es de vital importancia para que las comunidades tengan acceso al aire libre ahora y en el futuro. Adem\u00e1s, los parques y espacios abiertos son valiosos como h\u00e1bitat de la vida salvaje, para las plantas aut\u00f3ctonas y para el agua limpia.     <\/span><\/span><\/p><p><span class=\"yt-core-attributed-string yt-core-attributed-string--white-space-pre-wrap\"><span class=\"yt-core-attributed-string--link-inherit-color\">Observa el valor de los terrenos p\u00fablicos de Colorado a trav\u00e9s de los ojos de visitantes y voluntarios.  <br><\/span><\/span><\/p>\t\t\t\t\t\t\t\t<\/div>\n\t\t\t\t<\/div>\n\t\t\t\t<div class=\"elementor-element elementor-element-87394c9 elementor-widget elementor-widget-text-editor\" data-id=\"87394c9\" data-element_type=\"widget\" data-e-type=\"widget\" data-widget_type=\"text-editor.default\">\n\t\t\t\t<div class=\"elementor-widget-container\">\n\t\t\t\t\t\t\t\t\t<p style=\"text-align: center;\"><a href=\"https:\/\/www.youtube.com\/watch?v=lGpnS87TbG0&amp;list=PLtgoppGFUkhFJ8vzVYhlGcvnEzJ7if3e9\" target=\"_blank\" rel=\"noopener\"><strong>Ver toda la lista de reproducci\u00f3n El valor de los terrenos p\u00fablicos<\/strong><\/a><\/p>\t\t\t\t\t\t\t\t<\/div>\n\t\t\t\t<\/div>\n\t\t\t\t<div class=\"elementor-element elementor-element-750ffe8 elementor-widget elementor-widget-video\" data-id=\"750ffe8\" data-element_type=\"widget\" data-e-type=\"widget\" data-settings=\"{&quot;youtube_url&quot;:&quot;https:\\\/\\\/www.youtube.com\\\/watch?v=DBNXnAwdD4M&quot;,&quot;video_type&quot;:&quot;youtube&quot;,&quot;controls&quot;:&quot;yes&quot;}\" data-widget_type=\"video.default\">\n\t\t\t\t<div class=\"elementor-widget-container\">\n\t\t\t\t\t\t\t<div class=\"elementor-wrapper elementor-open-inline\">\n\t\t\t<div class=\"elementor-video\"><\/div>\t\t<\/div>\n\t\t\t\t\t\t<\/div>\n\t\t\t\t<\/div>\n\t\t\t\t<\/div>\n\t\t\t\t<\/div>\n\t\t\t\t<\/div>\n\t\t<div class=\"elementor-element elementor-element-5a90ac2 e-con-full e-flex e-con e-child\" data-id=\"5a90ac2\" data-element_type=\"container\" data-e-type=\"container\">\n\t\t\t\t<div class=\"elementor-element elementor-element-e0f7c6f elementor-widget elementor-widget-template\" data-id=\"e0f7c6f\" data-element_type=\"widget\" data-e-type=\"widget\" data-widget_type=\"template.default\">\n\t\t\t\t<div class=\"elementor-widget-container\">\n\t\t\t\t\t\t\t<div class=\"elementor-template\">\n\t\t\t\t\t<div data-elementor-type=\"container\" data-elementor-id=\"6104\" class=\"elementor elementor-6104 elementor-5952 elementor-5952\" data-elementor-post-type=\"elementor_library\">\n\t\t\t\t<div class=\"elementor-element elementor-element-24dad07 e-con-full e-flex e-con e-child\" data-id=\"24dad07\" data-element_type=\"container\" data-e-type=\"container\">\n\t\t<div class=\"elementor-element elementor-element-13d09200 e-con-full e-flex e-con e-child\" data-id=\"13d09200\" data-element_type=\"container\" data-e-type=\"container\">\n\t\t<div class=\"elementor-element elementor-element-37af696b e-con-full e-flex e-con e-child\" data-id=\"37af696b\" data-element_type=\"container\" data-e-type=\"container\" data-settings=\"{&quot;background_background&quot;:&quot;classic&quot;}\">\n\t\t\t\t<div class=\"elementor-element elementor-element-3eca0a3c elementor-widget elementor-widget-image\" data-id=\"3eca0a3c\" data-element_type=\"widget\" data-e-type=\"widget\" data-widget_type=\"image.default\">\n\t\t\t\t<div class=\"elementor-widget-container\">\n\t\t\t\t\t\t\t\t\t\t\t\t\t\t\t<img fetchpriority=\"high\" decoding=\"async\" width=\"512\" height=\"512\" src=\"https:\/\/www.nocoplaces.org\/wp-content\/uploads\/2026\/01\/cropped-noco-places-logo-color-1.png\" class=\"attachment-large size-large wp-image-5628\" alt=\"\" srcset=\"https:\/\/www.nocoplaces.org\/wp-content\/uploads\/2026\/01\/cropped-noco-places-logo-color-1.png 512w, https:\/\/www.nocoplaces.org\/wp-content\/uploads\/2026\/01\/cropped-noco-places-logo-color-1-300x300.png 300w, https:\/\/www.nocoplaces.org\/wp-content\/uploads\/2026\/01\/cropped-noco-places-logo-color-1-150x150.png 150w, https:\/\/www.nocoplaces.org\/wp-content\/uploads\/2026\/01\/cropped-noco-places-logo-color-1-270x270.png 270w, https:\/\/www.nocoplaces.org\/wp-content\/uploads\/2026\/01\/cropped-noco-places-logo-color-1-192x192.png 192w, https:\/\/www.nocoplaces.org\/wp-content\/uploads\/2026\/01\/cropped-noco-places-logo-color-1-180x180.png 180w, https:\/\/www.nocoplaces.org\/wp-content\/uploads\/2026\/01\/cropped-noco-places-logo-color-1-32x32.png 32w\" sizes=\"(max-width: 512px) 100vw, 512px\" \/>\t\t\t\t\t\t\t\t\t\t\t\t\t\t\t<\/div>\n\t\t\t\t<\/div>\n\t\t\t\t<\/div>\n\t\t<div class=\"elementor-element elementor-element-4fbcaaf5 e-con-full e-flex e-con e-child\" data-id=\"4fbcaaf5\" data-element_type=\"container\" data-e-type=\"container\">\n\t\t\t\t<div class=\"elementor-element elementor-element-212170af elementor-widget elementor-widget-heading\" data-id=\"212170af\" data-element_type=\"widget\" data-e-type=\"widget\" data-widget_type=\"heading.default\">\n\t\t\t\t<div class=\"elementor-widget-container\">\n\t\t\t\t\t<h2 class=\"elementor-heading-title elementor-size-default\">Apoya NoCo Places<\/h2>\t\t\t\t<\/div>\n\t\t\t\t<\/div>\n\t\t\t\t<div class=\"elementor-element elementor-element-59d6e8b elementor-widget__width-initial elementor-widget elementor-widget-text-editor\" data-id=\"59d6e8b\" data-element_type=\"widget\" data-e-type=\"widget\" data-widget_type=\"text-editor.default\">\n\t\t\t\t<div class=\"elementor-widget-container\">\n\t\t\t\t\t\t\t\t\t<p>Organizaci\u00f3n sin \u00e1nimo de lucro certificada<\/p>\t\t\t\t\t\t\t\t<\/div>\n\t\t\t\t<\/div>\n\t\t\t\t<div class=\"elementor-element elementor-element-5dfa37c9 elementor-widget__width-initial elementor-widget elementor-widget-text-editor\" data-id=\"5dfa37c9\" data-element_type=\"widget\" data-e-type=\"widget\" data-widget_type=\"text-editor.default\">\n\t\t\t\t<div class=\"elementor-widget-container\">\n\t\t\t\t\t\t\t\t\t<p>Tu donaci\u00f3n apoya la coordinaci\u00f3n multijurisdiccional en los terrenos p\u00fablicos de Colorado.<\/p>\t\t\t\t\t\t\t\t<\/div>\n\t\t\t\t<\/div>\n\t\t\t\t<div class=\"elementor-element elementor-element-328647e5 elementor-align-center elementor-widget__width-inherit elementor-widget elementor-widget-button\" data-id=\"328647e5\" data-element_type=\"widget\" data-e-type=\"widget\" data-widget_type=\"button.default\">\n\t\t\t\t<div class=\"elementor-widget-container\">\n\t\t\t\t\t\t\t\t\t<div class=\"elementor-button-wrapper\">\n\t\t\t\t\t<a class=\"elementor-button elementor-button-link elementor-size-sm\" href=\"https:\/\/www.nocoplaces.org\/es\/dona\/\">\n\t\t\t\t\t\t<span class=\"elementor-button-content-wrapper\">\n\t\t\t\t\t\t<span class=\"elementor-button-icon\">\n\t\t\t\t<svg aria-hidden=\"true\" class=\"e-font-icon-svg e-fas-heart\" viewBox=\"0 0 512 512\" xmlns=\"http:\/\/www.w3.org\/2000\/svg\"><path d=\"M462.3 62.6C407.5 15.9 326 24.3 275.7 76.2L256 96.5l-19.7-20.3C186.1 24.3 104.5 15.9 49.7 62.6c-62.8 53.6-66.1 149.8-9.9 207.9l193.5 199.8c12.5 12.9 32.8 12.9 45.3 0l193.5-199.8c56.3-58.1 53-154.3-9.8-207.9z\"><\/path><\/svg>\t\t\t<\/span>\n\t\t\t\t\t\t\t\t\t<span class=\"elementor-button-text\">Haz un donativo<\/span>\n\t\t\t\t\t<\/span>\n\t\t\t\t\t<\/a>\n\t\t\t\t<\/div>\n\t\t\t\t\t\t\t\t<\/div>\n\t\t\t\t<\/div>\n\t\t\t\t<\/div>\n\t\t\t\t<\/div>\n\t\t<div class=\"elementor-element elementor-element-6b433c73 e-con-full e-flex e-con e-child\" data-id=\"6b433c73\" data-element_type=\"container\" data-e-type=\"container\" data-settings=\"{&quot;background_background&quot;:&quot;classic&quot;}\">\n\t\t<div class=\"elementor-element elementor-element-48667a88 e-con-full e-flex e-con e-child\" data-id=\"48667a88\" data-element_type=\"container\" data-e-type=\"container\">\n\t\t<div class=\"elementor-element elementor-element-5c2d54e e-con-full e-flex e-con e-child\" data-id=\"5c2d54e\" data-element_type=\"container\" data-e-type=\"container\">\n\t\t\t\t<div class=\"elementor-element elementor-element-4eb14c47 elementor-view-default elementor-widget elementor-widget-icon\" data-id=\"4eb14c47\" data-element_type=\"widget\" data-e-type=\"widget\" data-widget_type=\"icon.default\">\n\t\t\t\t<div class=\"elementor-widget-container\">\n\t\t\t\t\t\t\t<div class=\"elementor-icon-wrapper\">\n\t\t\t<div class=\"elementor-icon\">\n\t\t\t<svg aria-hidden=\"true\" class=\"e-font-icon-svg e-far-envelope\" viewBox=\"0 0 512 512\" xmlns=\"http:\/\/www.w3.org\/2000\/svg\"><path d=\"M464 64H48C21.49 64 0 85.49 0 112v288c0 26.51 21.49 48 48 48h416c26.51 0 48-21.49 48-48V112c0-26.51-21.49-48-48-48zm0 48v40.805c-22.422 18.259-58.168 46.651-134.587 106.49-16.841 13.247-50.201 45.072-73.413 44.701-23.208.375-56.579-31.459-73.413-44.701C106.18 199.465 70.425 171.067 48 152.805V112h416zM48 400V214.398c22.914 18.251 55.409 43.862 104.938 82.646 21.857 17.205 60.134 55.186 103.062 54.955 42.717.231 80.509-37.199 103.053-54.947 49.528-38.783 82.032-64.401 104.947-82.653V400H48z\"><\/path><\/svg>\t\t\t<\/div>\n\t\t<\/div>\n\t\t\t\t\t\t<\/div>\n\t\t\t\t<\/div>\n\t\t\t\t<div class=\"elementor-element elementor-element-1095aad2 elementor-widget elementor-widget-heading\" data-id=\"1095aad2\" data-element_type=\"widget\" data-e-type=\"widget\" data-widget_type=\"heading.default\">\n\t\t\t\t<div class=\"elementor-widget-container\">\n\t\t\t\t\t<h2 class=\"elementor-heading-title elementor-size-default\">Mantente conectado<\/h2>\t\t\t\t<\/div>\n\t\t\t\t<\/div>\n\t\t\t\t<\/div>\n\t\t\t\t<div class=\"elementor-element elementor-element-243fc7de elementor-widget__width-initial elementor-widget elementor-widget-text-editor\" data-id=\"243fc7de\" data-element_type=\"widget\" data-e-type=\"widget\" data-widget_type=\"text-editor.default\">\n\t\t\t\t<div class=\"elementor-widget-container\">\n\t\t\t\t\t\t\t\t\t<p>Suscr\u00edbete a nuestro bolet\u00edn para recibir informaci\u00f3n actualizada sobre programas y eventos.<\/p>\t\t\t\t\t\t\t\t<\/div>\n\t\t\t\t<\/div>\n\t\t\t\t<div class=\"elementor-element elementor-element-394572e elementor-align-center elementor-widget__width-inherit elementor-widget elementor-widget-button\" data-id=\"394572e\" data-element_type=\"widget\" data-e-type=\"widget\" data-widget_type=\"button.default\">\n\t\t\t\t<div class=\"elementor-widget-container\">\n\t\t\t\t\t\t\t\t\t<div class=\"elementor-button-wrapper\">\n\t\t\t\t\t<a class=\"elementor-button elementor-button-link elementor-size-sm\" href=\"https:\/\/www.nocoplaces.org\/es\/suscripcion-al-boletin-noco-places\/\">\n\t\t\t\t\t\t<span class=\"elementor-button-content-wrapper\">\n\t\t\t\t\t\t<span class=\"elementor-button-icon\">\n\t\t\t\t<svg aria-hidden=\"true\" class=\"e-font-icon-svg e-far-envelope\" viewBox=\"0 0 512 512\" xmlns=\"http:\/\/www.w3.org\/2000\/svg\"><path d=\"M464 64H48C21.49 64 0 85.49 0 112v288c0 26.51 21.49 48 48 48h416c26.51 0 48-21.49 48-48V112c0-26.51-21.49-48-48-48zm0 48v40.805c-22.422 18.259-58.168 46.651-134.587 106.49-16.841 13.247-50.201 45.072-73.413 44.701-23.208.375-56.579-31.459-73.413-44.701C106.18 199.465 70.425 171.067 48 152.805V112h416zM48 400V214.398c22.914 18.251 55.409 43.862 104.938 82.646 21.857 17.205 60.134 55.186 103.062 54.955 42.717.231 80.509-37.199 103.053-54.947 49.528-38.783 82.032-64.401 104.947-82.653V400H48z\"><\/path><\/svg>\t\t\t<\/span>\n\t\t\t\t\t\t\t\t\t<span class=\"elementor-button-text\">Inscr\u00edbete<\/span>\n\t\t\t\t\t<\/span>\n\t\t\t\t\t<\/a>\n\t\t\t\t<\/div>\n\t\t\t\t\t\t\t\t<\/div>\n\t\t\t\t<\/div>\n\t\t\t\t<\/div>\n\t\t\t\t<\/div>\n\t\t<div class=\"elementor-element elementor-element-a487931 e-con-full e-flex e-con e-child\" data-id=\"a487931\" data-element_type=\"container\" data-e-type=\"container\">\n\t\t<div class=\"elementor-element elementor-element-bb3d248 e-con-full e-flex e-con e-child\" data-id=\"bb3d248\" data-element_type=\"container\" data-e-type=\"container\" data-settings=\"{&quot;background_background&quot;:&quot;classic&quot;}\">\n\t\t\t\t<div class=\"elementor-element elementor-element-557c9c7 elementor-widget elementor-widget-heading\" data-id=\"557c9c7\" data-element_type=\"widget\" data-e-type=\"widget\" data-widget_type=\"heading.default\">\n\t\t\t\t<div class=\"elementor-widget-container\">\n\t\t\t\t\t<h2 class=\"elementor-heading-title elementor-size-default\">Mapa de la regi\u00f3n de NoCo<\/h2>\t\t\t\t<\/div>\n\t\t\t\t<\/div>\n\t\t\t\t<\/div>\n\t\t<div class=\"elementor-element elementor-element-01b8fbc e-con-full e-flex e-con e-child\" data-id=\"01b8fbc\" data-element_type=\"container\" data-e-type=\"container\">\n\t\t\t\t<div class=\"elementor-element elementor-element-c96bf7b elementor-widget__width-initial elementor-widget elementor-widget-text-editor\" data-id=\"c96bf7b\" data-element_type=\"widget\" data-e-type=\"widget\" data-widget_type=\"text-editor.default\">\n\t\t\t\t<div class=\"elementor-widget-container\">\n\t\t\t\t\t\t\t\t\t<p class=\"text-sm text-[#424425] mb-3\" data-fg-1os148=\"23.12:23.26277:\/src\/app\/pages\/MissionVisionPage.tsx:383:17:20585:176:e:p:t\" data-fgid-1os148=\":r83:\">La regi\u00f3n NoCo Places abarca cinco condados del norte de Colorado.<\/p>\t\t\t\t\t\t\t\t<\/div>\n\t\t\t\t<\/div>\n\t\t\t\t<div class=\"elementor-element elementor-element-d0f216d elementor-widget elementor-widget-image\" data-id=\"d0f216d\" data-element_type=\"widget\" data-e-type=\"widget\" data-widget_type=\"image.default\">\n\t\t\t\t<div class=\"elementor-widget-container\">\n\t\t\t\t\t\t\t\t\t\t\t\t\t\t\t\t<a href=\"https:\/\/www.nocoplaces.org\/wp-content\/uploads\/2025\/06\/NoCo-Places-Area-of-Focus_web2.jpg\" data-elementor-open-lightbox=\"yes\" data-elementor-lightbox-title=\"NoCo Places Area of Focus_web2\" data-e-action-hash=\"#elementor-action%3Aaction%3Dlightbox%26settings%3DeyJpZCI6NTMzNSwidXJsIjoiaHR0cHM6XC9cL3d3dy5ub2NvcGxhY2VzLm9yZ1wvd3AtY29udGVudFwvdXBsb2Fkc1wvMjAyNVwvMDZcL05vQ28tUGxhY2VzLUFyZWEtb2YtRm9jdXNfd2ViMi5qcGcifQ%3D%3D\">\n\t\t\t\t\t\t\t<img decoding=\"async\" width=\"658\" height=\"1024\" src=\"https:\/\/www.nocoplaces.org\/wp-content\/uploads\/2025\/06\/NoCo-Places-Area-of-Focus_web2-658x1024.jpg\" class=\"attachment-large size-large wp-image-5335\" alt=\"NoCo Places area of focus map\" srcset=\"https:\/\/www.nocoplaces.org\/wp-content\/uploads\/2025\/06\/NoCo-Places-Area-of-Focus_web2-658x1024.jpg 658w, https:\/\/www.nocoplaces.org\/wp-content\/uploads\/2025\/06\/NoCo-Places-Area-of-Focus_web2-193x300.jpg 193w, https:\/\/www.nocoplaces.org\/wp-content\/uploads\/2025\/06\/NoCo-Places-Area-of-Focus_web2-768x1195.jpg 768w, https:\/\/www.nocoplaces.org\/wp-content\/uploads\/2025\/06\/NoCo-Places-Area-of-Focus_web2-987x1536.jpg 987w, https:\/\/www.nocoplaces.org\/wp-content\/uploads\/2025\/06\/NoCo-Places-Area-of-Focus_web2-1317x2048.jpg 1317w, https:\/\/www.nocoplaces.org\/wp-content\/uploads\/2025\/06\/NoCo-Places-Area-of-Focus_web2.jpg 1575w\" sizes=\"(max-width: 658px) 100vw, 658px\" \/>\t\t\t\t\t\t\t\t<\/a>\n\t\t\t\t\t\t\t\t\t\t\t\t\t\t\t<\/div>\n\t\t\t\t<\/div>\n\t\t\t\t<\/div>\n\t\t\t\t<\/div>\n\t\t<div class=\"elementor-element elementor-element-4b07f26a e-con-full elementor-hidden-desktop elementor-hidden-tablet elementor-hidden-mobile e-flex e-con e-child\" data-id=\"4b07f26a\" data-element_type=\"container\" data-e-type=\"container\">\n\t\t<div class=\"elementor-element elementor-element-1887f036 e-con-full e-flex e-con e-child\" data-id=\"1887f036\" data-element_type=\"container\" data-e-type=\"container\" data-settings=\"{&quot;background_background&quot;:&quot;classic&quot;}\">\n\t\t\t\t<div class=\"elementor-element elementor-element-2471a176 elementor-widget elementor-widget-heading\" data-id=\"2471a176\" data-element_type=\"widget\" data-e-type=\"widget\" data-widget_type=\"heading.default\">\n\t\t\t\t<div class=\"elementor-widget-container\">\n\t\t\t\t\t<h2 class=\"elementor-heading-title elementor-size-default\">Pr\u00f3ximos eventos<\/h2>\t\t\t\t<\/div>\n\t\t\t\t<\/div>\n\t\t\t\t<\/div>\n\t\t<div class=\"elementor-element elementor-element-5bd4624e e-con-full e-flex e-con e-child\" data-id=\"5bd4624e\" data-element_type=\"container\" data-e-type=\"container\">\n\t\t\t\t<div class=\"elementor-element elementor-element-736d89ca elementor-widget__width-initial elementor-widget elementor-widget-text-editor\" data-id=\"736d89ca\" data-element_type=\"widget\" data-e-type=\"widget\" data-widget_type=\"text-editor.default\">\n\t\t\t\t<div class=\"elementor-widget-container\">\n\t\t\t\t\t\t\t\t\t<p>Marcador de posici\u00f3n<\/p>\t\t\t\t\t\t\t\t<\/div>\n\t\t\t\t<\/div>\n\t\t\t\t<\/div>\n\t\t\t\t<\/div>\n\t\t\t\t<\/div>\n\t\t\t\t<\/div>\n\t\t\t\t<\/div>\n\t\t\t\t\t\t<\/div>\n\t\t\t\t<\/div>\n\t\t\t\t<\/div>\n\t\t\t\t<\/div>\n\t\t\t\t\t<\/div>\n\t\t\t\t<\/div>\n\t\t\t\t<\/div>\n\t\t","protected":false},"excerpt":{"rendered":"<p>Coalici\u00f3n de Terrenos P\u00fablicos del Norte de Colorado El valor de los terrenos p\u00fablicos Mensajes comunes de las Agencias de Plazas de NoCo Nuestros esfuerzos de colaboraci\u00f3n incluyen la creaci\u00f3n de mensajes comunes respaldados por las ocho agencias de NoCo Places. Compartir los mensajes de seguridad y administraci\u00f3n de los terrenos entre las agencias de [&hellip;]<\/p>\n","protected":false},"author":5,"featured_media":0,"parent":0,"menu_order":0,"comment_status":"closed","ping_status":"closed","template":"elementor_header_footer","meta":{"_acf_changed":false,"_monsterinsights_skip_tracking":false,"_monsterinsights_sitenote_active":false,"_monsterinsights_sitenote_note":"","_monsterinsights_sitenote_category":0,"footnotes":""},"class_list":["post-5405","page","type-page","status-publish","hentry"],"acf":[],"featured_image_src":null,"featured_image_src_square":null,"_links":{"self":[{"href":"https:\/\/www.nocoplaces.org\/es\/wp-json\/wp\/v2\/pages\/5405","targetHints":{"allow":["GET"]}}],"collection":[{"href":"https:\/\/www.nocoplaces.org\/es\/wp-json\/wp\/v2\/pages"}],"about":[{"href":"https:\/\/www.nocoplaces.org\/es\/wp-json\/wp\/v2\/types\/page"}],"author":[{"embeddable":true,"href":"https:\/\/www.nocoplaces.org\/es\/wp-json\/wp\/v2\/users\/5"}],"replies":[{"embeddable":true,"href":"https:\/\/www.nocoplaces.org\/es\/wp-json\/wp\/v2\/comments?post=5405"}],"version-history":[{"count":0,"href":"https:\/\/www.nocoplaces.org\/es\/wp-json\/wp\/v2\/pages\/5405\/revisions"}],"wp:attachment":[{"href":"https:\/\/www.nocoplaces.org\/es\/wp-json\/wp\/v2\/media?parent=5405"}],"curies":[{"name":"wp","href":"https:\/\/api.w.org\/{rel}","templated":true}]}}