{"id":5406,"date":"2024-05-14T15:45:16","date_gmt":"2024-05-14T15:45:16","guid":{"rendered":"https:\/\/www.nocoplaces.com\/cabeza-al-aire-libre-region-de-noco\/"},"modified":"2025-07-28T18:58:29","modified_gmt":"2025-07-28T18:58:29","slug":"cabeza-al-aire-libre-region-de-noco","status":"publish","type":"page","link":"https:\/\/www.nocoplaces.org\/es\/cabeza-al-aire-libre-region-de-noco\/","title":{"rendered":"Cabeza al aire libre: Regi\u00f3n de NoCo"},"content":{"rendered":"\t\t<div data-elementor-type=\"wp-page\" data-elementor-id=\"5406\" class=\"elementor elementor-5406 elementor-4251\" data-elementor-post-type=\"page\">\n\t\t\t\t<div class=\"elementor-element elementor-element-9fe5f36 e-flex e-con-boxed e-con e-parent\" data-id=\"9fe5f36\" data-element_type=\"container\" data-e-type=\"container\">\n\t\t\t\t\t<div class=\"e-con-inner\">\n\t\t\t\t<div class=\"elementor-element elementor-element-1bd5686 elementor-widget elementor-widget-image\" data-id=\"1bd5686\" data-element_type=\"widget\" data-e-type=\"widget\" data-widget_type=\"image.default\">\n\t\t\t\t<div class=\"elementor-widget-container\">\n\t\t\t\t\t\t\t\t\t\t\t\t\t\t\t<img fetchpriority=\"high\" decoding=\"async\" width=\"800\" height=\"230\" src=\"https:\/\/www.nocoplaces.org\/wp-content\/uploads\/2024\/05\/Webpage-hero.png\" class=\"attachment-large size-large wp-image-5244\" alt=\"people outside looking up\" srcset=\"https:\/\/www.nocoplaces.org\/wp-content\/uploads\/2024\/05\/Webpage-hero.png 1000w, https:\/\/www.nocoplaces.org\/wp-content\/uploads\/2024\/05\/Webpage-hero-300x86.png 300w, https:\/\/www.nocoplaces.org\/wp-content\/uploads\/2024\/05\/Webpage-hero-768x220.png 768w\" sizes=\"(max-width: 800px) 100vw, 800px\" \/>\t\t\t\t\t\t\t\t\t\t\t\t\t\t\t<\/div>\n\t\t\t\t<\/div>\n\t\t\t\t\t<\/div>\n\t\t\t\t<\/div>\n\t\t<div class=\"elementor-element elementor-element-74e41ac e-flex e-con-boxed e-con e-parent\" data-id=\"74e41ac\" data-element_type=\"container\" data-e-type=\"container\">\n\t\t\t\t\t<div class=\"e-con-inner\">\n\t\t\t\t<div class=\"elementor-element elementor-element-00e2c32 elementor-widget elementor-widget-heading\" data-id=\"00e2c32\" data-element_type=\"widget\" data-e-type=\"widget\" data-widget_type=\"heading.default\">\n\t\t\t\t<div class=\"elementor-widget-container\">\n\t\t\t\t\t<h2 class=\"elementor-heading-title elementor-size-default\">Un mapa interactivo ofrece alternativas en la regi\u00f3n<\/h2>\t\t\t\t<\/div>\n\t\t\t\t<\/div>\n\t\t\t\t\t<\/div>\n\t\t\t\t<\/div>\n\t\t<div class=\"elementor-element elementor-element-d5e937e e-flex e-con-boxed e-con e-parent\" data-id=\"d5e937e\" data-element_type=\"container\" data-e-type=\"container\">\n\t\t\t\t\t<div class=\"e-con-inner\">\n\t\t\t\t<div class=\"elementor-element elementor-element-ea124a6 elementor-widget elementor-widget-text-editor\" data-id=\"ea124a6\" data-element_type=\"widget\" data-e-type=\"widget\" data-widget_type=\"text-editor.default\">\n\t\t\t\t<div class=\"elementor-widget-container\">\n\t\t\t\t\t\t\t\t\t<p>NoCo Places ha creado una nueva herramienta digital para compartir consejos sobre la administraci\u00f3n de los terrenos con los nuevos visitantes y para proporcionar lugares alternativos cuando las zonas est\u00e9n ocupadas. Las agencias que componen NoCo Places quieren que los visitantes de terrenos p\u00fablicos conozcan y comprendan las condiciones \u00fanicas que pueden encontrar en Colorado, y c\u00f3mo pueden disfrutar del aire libre dej\u00e1ndolo como lo encontraron para la siguiente persona. <\/p><p>Con el verano a la vuelta de la esquina, es \u00fatil que los visitantes conozcan las alternativas cuando el destino de ocio al aire libre que desean est\u00e1 lleno o reservado. Por ejemplo, el Parque Nacional de las Monta\u00f1as Rocosas comienza su sistema de reserva de entrada programada el 24 de mayo, algunos parques estatales alcanzan su capacidad a las 9 de la ma\u00f1ana y los parques de condados m\u00e1s peque\u00f1os cercanos al \u00e1rea metropolitana de Denver suelen tener los aparcamientos llenos durante todo el d\u00eda. Los visitantes de la regi\u00f3n pueden ahorrar tiempo y frustraciones conociendo opciones y lugares alternativos para visitar.  <\/p><p>La nueva herramienta digital es un mapa interactivo de NoCo Places que ofrece una vista de determinados terrenos p\u00fablicos de la regi\u00f3n, informaci\u00f3n clave sobre esas zonas y enlaces a la p\u00e1gina de informaci\u00f3n oficial del organismo gestor. Adem\u00e1s, el mapa contiene las mejores pr\u00e1cticas de administraci\u00f3n y explicaciones de por qu\u00e9 se pide a los visitantes que adopten determinados comportamientos, as\u00ed como datos interesantes sobre la flora, la fauna y la geolog\u00eda de Colorado. El mapa est\u00e1 disponible en ingl\u00e9s y espa\u00f1ol.  <\/p>\t\t\t\t\t\t\t\t<\/div>\n\t\t\t\t<\/div>\n\t\t\t\t\t<\/div>\n\t\t\t\t<\/div>\n\t\t<div class=\"elementor-element elementor-element-7f8e13d e-flex e-con-boxed e-con e-parent\" data-id=\"7f8e13d\" data-element_type=\"container\" data-e-type=\"container\">\n\t\t\t\t\t<div class=\"e-con-inner\">\n\t\t<div class=\"elementor-element elementor-element-4a6c75c e-con-full e-flex e-con e-child\" data-id=\"4a6c75c\" data-element_type=\"container\" data-e-type=\"container\">\n\t\t\t\t<div class=\"elementor-element elementor-element-51ef768 elementor-align-center elementor-widget elementor-widget-button\" data-id=\"51ef768\" data-element_type=\"widget\" data-e-type=\"widget\" data-widget_type=\"button.default\">\n\t\t\t\t<div class=\"elementor-widget-container\">\n\t\t\t\t\t\t\t\t\t<div class=\"elementor-button-wrapper\">\n\t\t\t\t\t<a class=\"elementor-button elementor-button-link elementor-size-sm\" href=\"https:\/\/storymaps.arcgis.com\/stories\/5ac0a395a4d24e108f3103e248e3d47e\" target=\"_blank\">\n\t\t\t\t\t\t<span class=\"elementor-button-content-wrapper\">\n\t\t\t\t\t\t<span class=\"elementor-button-icon\">\n\t\t\t\t<svg aria-hidden=\"true\" class=\"e-font-icon-svg e-fas-map-marker-alt\" viewBox=\"0 0 384 512\" xmlns=\"http:\/\/www.w3.org\/2000\/svg\"><path d=\"M172.268 501.67C26.97 291.031 0 269.413 0 192 0 85.961 85.961 0 192 0s192 85.961 192 192c0 77.413-26.97 99.031-172.268 309.67-9.535 13.774-29.93 13.773-39.464 0zM192 272c44.183 0 80-35.817 80-80s-35.817-80-80-80-80 35.817-80 80 35.817 80 80 80z\"><\/path><\/svg>\t\t\t<\/span>\n\t\t\t\t\t\t\t\t\t<span class=\"elementor-button-text\">Ver Mapa en Espa\u00f1ol<\/span>\n\t\t\t\t\t<\/span>\n\t\t\t\t\t<\/a>\n\t\t\t\t<\/div>\n\t\t\t\t\t\t\t\t<\/div>\n\t\t\t\t<\/div>\n\t\t\t\t<\/div>\n\t\t<div class=\"elementor-element elementor-element-bad66f1 e-con-full e-flex e-con e-child\" data-id=\"bad66f1\" data-element_type=\"container\" data-e-type=\"container\">\n\t\t\t\t<div class=\"elementor-element elementor-element-68e1206 elementor-align-center elementor-widget elementor-widget-button\" data-id=\"68e1206\" data-element_type=\"widget\" data-e-type=\"widget\" data-widget_type=\"button.default\">\n\t\t\t\t<div class=\"elementor-widget-container\">\n\t\t\t\t\t\t\t\t\t<div class=\"elementor-button-wrapper\">\n\t\t\t\t\t<a class=\"elementor-button elementor-button-link elementor-size-sm\" href=\"https:\/\/storymaps.arcgis.com\/stories\/47a186db94a14e50b89ac37adfd2b2b5\" target=\"_blank\">\n\t\t\t\t\t\t<span class=\"elementor-button-content-wrapper\">\n\t\t\t\t\t\t<span class=\"elementor-button-icon\">\n\t\t\t\t<svg aria-hidden=\"true\" class=\"e-font-icon-svg e-fas-map-marker-alt\" viewBox=\"0 0 384 512\" xmlns=\"http:\/\/www.w3.org\/2000\/svg\"><path d=\"M172.268 501.67C26.97 291.031 0 269.413 0 192 0 85.961 85.961 0 192 0s192 85.961 192 192c0 77.413-26.97 99.031-172.268 309.67-9.535 13.774-29.93 13.773-39.464 0zM192 272c44.183 0 80-35.817 80-80s-35.817-80-80-80-80 35.817-80 80 35.817 80 80 80z\"><\/path><\/svg>\t\t\t<\/span>\n\t\t\t\t\t\t\t\t\t<span class=\"elementor-button-text\">View Map in English<\/span>\n\t\t\t\t\t<\/span>\n\t\t\t\t\t<\/a>\n\t\t\t\t<\/div>\n\t\t\t\t\t\t\t\t<\/div>\n\t\t\t\t<\/div>\n\t\t\t\t<\/div>\n\t\t\t\t\t<\/div>\n\t\t\t\t<\/div>\n\t\t<div class=\"elementor-element elementor-element-61f4d46 e-flex e-con-boxed e-con e-parent\" data-id=\"61f4d46\" data-element_type=\"container\" data-e-type=\"container\">\n\t\t\t\t\t<div class=\"e-con-inner\">\n\t\t<div class=\"elementor-element elementor-element-b815498 e-con-full e-flex e-con e-child\" data-id=\"b815498\" data-element_type=\"container\" data-e-type=\"container\">\n\t\t\t\t<div class=\"elementor-element elementor-element-58d5edb elementor-widget elementor-widget-image\" data-id=\"58d5edb\" data-element_type=\"widget\" data-e-type=\"widget\" data-widget_type=\"image.default\">\n\t\t\t\t<div class=\"elementor-widget-container\">\n\t\t\t\t\t\t\t\t\t\t\t\t\t\t\t\t<a href=\"https:\/\/www.nocoplaces.org\/wp-content\/uploads\/2024\/05\/map-screenshot2.jpg\" data-elementor-open-lightbox=\"yes\" data-elementor-lightbox-title=\"map screenshot2\" data-e-action-hash=\"#elementor-action%3Aaction%3Dlightbox%26settings%3DeyJpZCI6NTI0NSwidXJsIjoiaHR0cHM6XC9cL3d3dy5ub2NvcGxhY2VzLm9yZ1wvd3AtY29udGVudFwvdXBsb2Fkc1wvMjAyNFwvMDVcL21hcC1zY3JlZW5zaG90Mi5qcGcifQ%3D%3D\">\n\t\t\t\t\t\t\t<img decoding=\"async\" width=\"768\" height=\"521\" src=\"https:\/\/www.nocoplaces.org\/wp-content\/uploads\/2024\/05\/map-screenshot2-768x521.jpg\" class=\"attachment-medium_large size-medium_large wp-image-5245\" alt=\"map pins in NoCo region\" srcset=\"https:\/\/www.nocoplaces.org\/wp-content\/uploads\/2024\/05\/map-screenshot2-768x521.jpg 768w, https:\/\/www.nocoplaces.org\/wp-content\/uploads\/2024\/05\/map-screenshot2-300x203.jpg 300w, https:\/\/www.nocoplaces.org\/wp-content\/uploads\/2024\/05\/map-screenshot2.jpg 1000w\" sizes=\"(max-width: 768px) 100vw, 768px\" \/>\t\t\t\t\t\t\t\t<\/a>\n\t\t\t\t\t\t\t\t\t\t\t\t\t\t\t<\/div>\n\t\t\t\t<\/div>\n\t\t\t\t<\/div>\n\t\t<div class=\"elementor-element elementor-element-c1b6334 e-con-full e-flex e-con e-child\" data-id=\"c1b6334\" data-element_type=\"container\" data-e-type=\"container\">\n\t\t\t\t<div class=\"elementor-element elementor-element-cdba408 elementor-widget elementor-widget-image\" data-id=\"cdba408\" data-element_type=\"widget\" data-e-type=\"widget\" data-widget_type=\"image.default\">\n\t\t\t\t<div class=\"elementor-widget-container\">\n\t\t\t\t\t\t\t\t\t\t\t\t\t\t\t\t<a href=\"https:\/\/www.nocoplaces.org\/wp-content\/uploads\/2024\/05\/map-pin-window.jpg\" data-elementor-open-lightbox=\"yes\" data-elementor-lightbox-title=\"map pin window\" data-e-action-hash=\"#elementor-action%3Aaction%3Dlightbox%26settings%3DeyJpZCI6NTI0NiwidXJsIjoiaHR0cHM6XC9cL3d3dy5ub2NvcGxhY2VzLm9yZ1wvd3AtY29udGVudFwvdXBsb2Fkc1wvMjAyNFwvMDVcL21hcC1waW4td2luZG93LmpwZyJ9\">\n\t\t\t\t\t\t\t<img decoding=\"async\" width=\"570\" height=\"410\" src=\"https:\/\/www.nocoplaces.org\/wp-content\/uploads\/2024\/05\/map-pin-window.jpg\" class=\"attachment-medium_large size-medium_large wp-image-5246\" alt=\"map pin in NoCo region\" srcset=\"https:\/\/www.nocoplaces.org\/wp-content\/uploads\/2024\/05\/map-pin-window.jpg 570w, https:\/\/www.nocoplaces.org\/wp-content\/uploads\/2024\/05\/map-pin-window-300x216.jpg 300w\" sizes=\"(max-width: 570px) 100vw, 570px\" \/>\t\t\t\t\t\t\t\t<\/a>\n\t\t\t\t\t\t\t\t\t\t\t\t\t\t\t<\/div>\n\t\t\t\t<\/div>\n\t\t\t\t<\/div>\n\t\t\t\t\t<\/div>\n\t\t\t\t<\/div>\n\t\t\t\t<\/div>\n\t\t","protected":false},"excerpt":{"rendered":"<p>Un mapa interactivo ofrece alternativas en la regi\u00f3n NoCo Places ha creado una nueva herramienta digital para compartir consejos sobre la administraci\u00f3n de los terrenos con los nuevos visitantes y para proporcionar lugares alternativos cuando las zonas est\u00e9n ocupadas. Las agencias que componen NoCo Places quieren que los visitantes de terrenos p\u00fablicos conozcan y comprendan [&hellip;]<\/p>\n","protected":false},"author":5,"featured_media":0,"parent":0,"menu_order":0,"comment_status":"closed","ping_status":"closed","template":"","meta":{"_acf_changed":false,"_monsterinsights_skip_tracking":false,"_monsterinsights_sitenote_active":false,"_monsterinsights_sitenote_note":"","_monsterinsights_sitenote_category":0,"footnotes":""},"class_list":["post-5406","page","type-page","status-publish","hentry"],"acf":[],"featured_image_src":null,"featured_image_src_square":null,"_links":{"self":[{"href":"https:\/\/www.nocoplaces.org\/es\/wp-json\/wp\/v2\/pages\/5406","targetHints":{"allow":["GET"]}}],"collection":[{"href":"https:\/\/www.nocoplaces.org\/es\/wp-json\/wp\/v2\/pages"}],"about":[{"href":"https:\/\/www.nocoplaces.org\/es\/wp-json\/wp\/v2\/types\/page"}],"author":[{"embeddable":true,"href":"https:\/\/www.nocoplaces.org\/es\/wp-json\/wp\/v2\/users\/5"}],"replies":[{"embeddable":true,"href":"https:\/\/www.nocoplaces.org\/es\/wp-json\/wp\/v2\/comments?post=5406"}],"version-history":[{"count":0,"href":"https:\/\/www.nocoplaces.org\/es\/wp-json\/wp\/v2\/pages\/5406\/revisions"}],"wp:attachment":[{"href":"https:\/\/www.nocoplaces.org\/es\/wp-json\/wp\/v2\/media?parent=5406"}],"curies":[{"name":"wp","href":"https:\/\/api.w.org\/{rel}","templated":true}]}}