{"id":5459,"date":"2025-08-06T21:34:19","date_gmt":"2025-08-06T21:34:19","guid":{"rendered":"https:\/\/www.nocoplaces.com\/canon-de-la-izquierda\/"},"modified":"2026-04-07T23:35:22","modified_gmt":"2026-04-07T23:35:22","slug":"canon-de-la-izquierda","status":"publish","type":"page","link":"https:\/\/www.nocoplaces.org\/es\/canon-de-la-izquierda\/","title":{"rendered":"Ca\u00f1\u00f3n de la Izquierda"},"content":{"rendered":"\t\t<div data-elementor-type=\"wp-page\" data-elementor-id=\"5459\" class=\"elementor elementor-5459 elementor-5445\" data-elementor-post-type=\"page\">\n\t\t\t\t<div class=\"elementor-element elementor-element-9754709 e-flex e-con-boxed e-con e-parent\" data-id=\"9754709\" data-element_type=\"container\" data-e-type=\"container\">\n\t\t\t\t\t<div class=\"e-con-inner\">\n\t\t\t\t<div class=\"elementor-element elementor-element-1a12622 elementor-widget elementor-widget-image\" data-id=\"1a12622\" data-element_type=\"widget\" data-e-type=\"widget\" data-widget_type=\"image.default\">\n\t\t\t\t<div class=\"elementor-widget-container\">\n\t\t\t\t\t\t\t\t\t\t\t\t\t\t\t<img fetchpriority=\"high\" decoding=\"async\" width=\"800\" height=\"257\" src=\"https:\/\/www.nocoplaces.org\/wp-content\/uploads\/2025\/07\/20250207_120443_web-1024x329.jpg\" class=\"attachment-large size-large wp-image-5447\" alt=\"USFS sign\" srcset=\"https:\/\/www.nocoplaces.org\/wp-content\/uploads\/2025\/07\/20250207_120443_web-1024x329.jpg 1024w, https:\/\/www.nocoplaces.org\/wp-content\/uploads\/2025\/07\/20250207_120443_web-300x97.jpg 300w, https:\/\/www.nocoplaces.org\/wp-content\/uploads\/2025\/07\/20250207_120443_web-768x247.jpg 768w, https:\/\/www.nocoplaces.org\/wp-content\/uploads\/2025\/07\/20250207_120443_web-1536x494.jpg 1536w, https:\/\/www.nocoplaces.org\/wp-content\/uploads\/2025\/07\/20250207_120443_web-2048x659.jpg 2048w\" sizes=\"(max-width: 800px) 100vw, 800px\" \/>\t\t\t\t\t\t\t\t\t\t\t\t\t\t\t<\/div>\n\t\t\t\t<\/div>\n\t\t\t\t\t<\/div>\n\t\t\t\t<\/div>\n\t\t<div class=\"elementor-element elementor-element-a062910 e-flex e-con-boxed e-con e-parent\" data-id=\"a062910\" data-element_type=\"container\" data-e-type=\"container\">\n\t\t\t\t\t<div class=\"e-con-inner\">\n\t\t\t\t<div class=\"elementor-element elementor-element-03d2e87 elementor-widget elementor-widget-heading\" data-id=\"03d2e87\" data-element_type=\"widget\" data-e-type=\"widget\" data-widget_type=\"heading.default\">\n\t\t\t\t<div class=\"elementor-widget-container\">\n\t\t\t\t\t<h2 class=\"elementor-heading-title elementor-size-default\">Participaci\u00f3n de las partes interesadas en el Ca\u00f1\u00f3n Lefthand<\/h2>\t\t\t\t<\/div>\n\t\t\t\t<\/div>\n\t\t\t\t\t<\/div>\n\t\t\t\t<\/div>\n\t\t<div class=\"elementor-element elementor-element-0343369 e-flex e-con-boxed e-con e-parent\" data-id=\"0343369\" data-element_type=\"container\" data-e-type=\"container\">\n\t\t\t\t\t<div class=\"e-con-inner\">\n\t\t\t\t<div class=\"elementor-element elementor-element-c772c34 elementor-widget elementor-widget-text-editor\" data-id=\"c772c34\" data-element_type=\"widget\" data-e-type=\"widget\" data-widget_type=\"text-editor.default\">\n\t\t\t\t<div class=\"elementor-widget-container\">\n\t\t\t\t\t\t\t\t\t<p>En oto\u00f1o de 2024, el Distrito de Guardabosques de Boulder del Servicio Forestal del USDA organiz\u00f3 una serie de reuniones de partes interesadas sobre la zona del Ca\u00f1\u00f3n Lefthand, cerca de Boulder. En concreto, las reuniones abordaron las futuras estrategias de gesti\u00f3n de la zona tras las inundaciones de 2013. <\/p><p>Una subvenci\u00f3n de Colorado Parks and Wildlife financi\u00f3 esta serie de reuniones, y se contrat\u00f3 a Keystone Policy Center para facilitarlas. NoCo Places particip\u00f3 en las reuniones, aportando al proceso una perspectiva regional sobre ocio y conservaci\u00f3n. El grupo de partes interesadas avanz\u00f3 mucho en el apoyo al proceso de planificaci\u00f3n del Servicio Forestal.  <\/p><p>Sin embargo, la subvenci\u00f3n para apoyar el contrato Keystone y el esfuerzo de las partes interesadas ha llegado a su fin. Para mantener el impulso del grupo de partes interesadas y apoyar sus esfuerzos de b\u00fasqueda de soluciones, NoCo Places proporciona apoyo de facilitaci\u00f3n. Nuestra participaci\u00f3n est\u00e1 dise\u00f1ada para mantener el compromiso, la continuidad y el di\u00e1logo productivo, permitiendo al grupo continuar su trabajo en colaboraci\u00f3n con el Servicio Forestal y los socios regionales para abordar la recreaci\u00f3n motorizada y las preocupaciones de conservaci\u00f3n m\u00e1s amplias.  <\/p><p>Para obtener m\u00e1s contexto y antecedentes, Keystone Policy Center elabor\u00f3 un informe sobre la primera serie de di\u00e1logos con las partes interesadas de la zona del Ca\u00f1\u00f3n Lefthand.<\/p>\t\t\t\t\t\t\t\t<\/div>\n\t\t\t\t<\/div>\n\t\t\t\t<div class=\"elementor-element elementor-element-9df2b04 elementor-widget elementor-widget-button\" data-id=\"9df2b04\" data-element_type=\"widget\" data-e-type=\"widget\" data-widget_type=\"button.default\">\n\t\t\t\t<div class=\"elementor-widget-container\">\n\t\t\t\t\t\t\t\t\t<div class=\"elementor-button-wrapper\">\n\t\t\t\t\t<a class=\"elementor-button elementor-button-link elementor-size-sm\" href=\"https:\/\/www.nocoplaces.org\/wp-content\/uploads\/2025\/07\/FINAL-Report-Lefthand-OHV-Area-Stakeholder-Dialogue-1.pdf\" target=\"_blank\">\n\t\t\t\t\t\t<span class=\"elementor-button-content-wrapper\">\n\t\t\t\t\t\t<span class=\"elementor-button-icon\">\n\t\t\t\t<svg aria-hidden=\"true\" class=\"e-font-icon-svg e-fas-file-download\" viewBox=\"0 0 384 512\" xmlns=\"http:\/\/www.w3.org\/2000\/svg\"><path d=\"M224 136V0H24C10.7 0 0 10.7 0 24v464c0 13.3 10.7 24 24 24h336c13.3 0 24-10.7 24-24V160H248c-13.2 0-24-10.8-24-24zm76.45 211.36l-96.42 95.7c-6.65 6.61-17.39 6.61-24.04 0l-96.42-95.7C73.42 337.29 80.54 320 94.82 320H160v-80c0-8.84 7.16-16 16-16h32c8.84 0 16 7.16 16 16v80h65.18c14.28 0 21.4 17.29 11.27 27.36zM377 105L279.1 7c-4.5-4.5-10.6-7-17-7H256v128h128v-6.1c0-6.3-2.5-12.4-7-16.9z\"><\/path><\/svg>\t\t\t<\/span>\n\t\t\t\t\t\t\t\t\t<span class=\"elementor-button-text\">Ver el Informe de la Reuni\u00f3n de Partes Interesadas<\/span>\n\t\t\t\t\t<\/span>\n\t\t\t\t\t<\/a>\n\t\t\t\t<\/div>\n\t\t\t\t\t\t\t\t<\/div>\n\t\t\t\t<\/div>\n\t\t\t\t\t<\/div>\n\t\t\t\t<\/div>\n\t\t<div class=\"elementor-element elementor-element-0e0095f e-flex e-con-boxed e-con e-parent\" data-id=\"0e0095f\" data-element_type=\"container\" data-e-type=\"container\">\n\t\t\t\t\t<div class=\"e-con-inner\">\n\t\t\t\t\t<\/div>\n\t\t\t\t<\/div>\n\t\t\t\t<\/div>\n\t\t","protected":false},"excerpt":{"rendered":"<p>Participaci\u00f3n de las partes interesadas en el Ca\u00f1\u00f3n Lefthand En oto\u00f1o de 2024, el Distrito de Guardabosques de Boulder del Servicio Forestal del USDA organiz\u00f3 una serie de reuniones de partes interesadas sobre la zona del Ca\u00f1\u00f3n Lefthand, cerca de Boulder. En concreto, las reuniones abordaron las futuras estrategias de gesti\u00f3n de la zona tras [&hellip;]<\/p>\n","protected":false},"author":5,"featured_media":0,"parent":0,"menu_order":0,"comment_status":"closed","ping_status":"closed","template":"","meta":{"_acf_changed":false,"_monsterinsights_skip_tracking":false,"_monsterinsights_sitenote_active":false,"_monsterinsights_sitenote_note":"","_monsterinsights_sitenote_category":0,"footnotes":""},"class_list":["post-5459","page","type-page","status-publish","hentry"],"acf":[],"featured_image_src":null,"featured_image_src_square":null,"_links":{"self":[{"href":"https:\/\/www.nocoplaces.org\/es\/wp-json\/wp\/v2\/pages\/5459","targetHints":{"allow":["GET"]}}],"collection":[{"href":"https:\/\/www.nocoplaces.org\/es\/wp-json\/wp\/v2\/pages"}],"about":[{"href":"https:\/\/www.nocoplaces.org\/es\/wp-json\/wp\/v2\/types\/page"}],"author":[{"embeddable":true,"href":"https:\/\/www.nocoplaces.org\/es\/wp-json\/wp\/v2\/users\/5"}],"replies":[{"embeddable":true,"href":"https:\/\/www.nocoplaces.org\/es\/wp-json\/wp\/v2\/comments?post=5459"}],"version-history":[{"count":0,"href":"https:\/\/www.nocoplaces.org\/es\/wp-json\/wp\/v2\/pages\/5459\/revisions"}],"wp:attachment":[{"href":"https:\/\/www.nocoplaces.org\/es\/wp-json\/wp\/v2\/media?parent=5459"}],"curies":[{"name":"wp","href":"https:\/\/api.w.org\/{rel}","templated":true}]}}