{"id":5576,"date":"2025-08-29T16:18:20","date_gmt":"2025-08-29T16:18:20","guid":{"rendered":"https:\/\/www.nocoplaces.com\/comite-ejecutivo-y-personal\/"},"modified":"2025-09-30T17:04:04","modified_gmt":"2025-09-30T17:04:04","slug":"comite-ejecutivo-y-personal","status":"publish","type":"page","link":"https:\/\/www.nocoplaces.org\/es\/comite-ejecutivo-y-personal\/","title":{"rendered":"Comit\u00e9 Ejecutivo y Personal"},"content":{"rendered":"\t\t<div data-elementor-type=\"wp-page\" data-elementor-id=\"5576\" class=\"elementor elementor-5576 elementor-5470\" data-elementor-post-type=\"page\">\n\t\t\t\t<div class=\"elementor-element elementor-element-a49dfac e-flex e-con-boxed e-con e-parent\" data-id=\"a49dfac\" data-element_type=\"container\" data-e-type=\"container\">\n\t\t\t\t\t<div class=\"e-con-inner\">\n\t\t\t\t<div class=\"elementor-element elementor-element-4a7715c elementor-widget elementor-widget-image\" data-id=\"4a7715c\" data-element_type=\"widget\" data-e-type=\"widget\" data-widget_type=\"image.default\">\n\t\t\t\t<div class=\"elementor-widget-container\">\n\t\t\t\t\t\t\t\t\t\t\t\t\t\t\t<img fetchpriority=\"high\" decoding=\"async\" width=\"1500\" height=\"420\" src=\"https:\/\/www.nocoplaces.org\/wp-content\/uploads\/2025\/09\/workshop_web_hero.jpg\" class=\"attachment-full size-full wp-image-5525\" alt=\"Conservation and Recreation Vision workshop\" srcset=\"https:\/\/www.nocoplaces.org\/wp-content\/uploads\/2025\/09\/workshop_web_hero.jpg 1500w, https:\/\/www.nocoplaces.org\/wp-content\/uploads\/2025\/09\/workshop_web_hero-300x84.jpg 300w, https:\/\/www.nocoplaces.org\/wp-content\/uploads\/2025\/09\/workshop_web_hero-1024x287.jpg 1024w, https:\/\/www.nocoplaces.org\/wp-content\/uploads\/2025\/09\/workshop_web_hero-768x215.jpg 768w\" sizes=\"(max-width: 1500px) 100vw, 1500px\" \/>\t\t\t\t\t\t\t\t\t\t\t\t\t\t\t<\/div>\n\t\t\t\t<\/div>\n\t\t\t\t\t<\/div>\n\t\t\t\t<\/div>\n\t\t<div class=\"elementor-element elementor-element-f2061c1 e-flex e-con-boxed e-con e-parent\" data-id=\"f2061c1\" data-element_type=\"container\" data-e-type=\"container\">\n\t\t\t\t\t<div class=\"e-con-inner\">\n\t\t\t\t<div class=\"elementor-element elementor-element-7d077ef elementor-widget elementor-widget-heading\" data-id=\"7d077ef\" data-element_type=\"widget\" data-e-type=\"widget\" data-widget_type=\"heading.default\">\n\t\t\t\t<div class=\"elementor-widget-container\">\n\t\t\t\t\t<h2 class=\"elementor-heading-title elementor-size-default\">Comit\u00e9 Ejecutivo y Personal<\/h2>\t\t\t\t<\/div>\n\t\t\t\t<\/div>\n\t\t\t\t<div class=\"elementor-element elementor-element-5708644 elementor-widget elementor-widget-text-editor\" data-id=\"5708644\" data-element_type=\"widget\" data-e-type=\"widget\" data-widget_type=\"text-editor.default\">\n\t\t\t\t<div class=\"elementor-widget-container\">\n\t\t\t\t\t\t\t\t\t<p>El Comit\u00e9 Ejecutivo de NoCo Places est\u00e1 formado por un representante de cada una de las nueve agencias de NoCo. Se re\u00fane mensualmente, y est\u00e1 copresidido por uno de los representantes del condado y uno de los organismos federales o estatales, seg\u00fan se especifica en el documento de gobernanza de NoCo. La toma de decisiones se realiza por consenso. Cada agencia conserva su autonom\u00eda y se compromete a desarrollar planes espec\u00edficos para cada agencia, informados y guiados por los principios de NoCo y elaborados en colaboraci\u00f3n con las dem\u00e1s agencias de NoCo. Adem\u00e1s de los planes espec\u00edficos de cada agencia, NoCo se compromete a poner en marcha una acci\u00f3n colectiva.    <\/p><ul><li><strong>Gary Ingram<\/strong>, Superintendente del Parque Nacional de las Monta\u00f1as Rocosas<\/li><li><strong>Jason Sieg<\/strong>, Supervisor Forestal en funciones, Servicio Forestal de EE.UU., Bosques Nacionales Arapaho y Roosevelt<\/li><li><strong>Shannon Schaller<\/strong>, Directora Regional Adjunta, Regi\u00f3n Noreste, Parques y Vida Silvestre de Colorado<\/li><li><strong>Therese Glowacki<\/strong>, Directora de Parques y Espacios Abiertos del Condado de Boulder<\/li><li><strong>Jody Hartman-Ball<\/strong>, Comisionada, Condado de Clear Creek<\/li><li><strong>Shannon Dennison<\/strong>, Directora de Denver Mountain Parks<\/li><li><strong>Sandy Hollingsworth<\/strong>, Comisario, Condado de Gilpin<\/li><li><strong>Tom Hoby<\/strong>, Director, Espacio Abierto del Condado de Jefferson<\/li><li><strong>Daylan Figgs<\/strong>, Director de Recursos Naturales del Condado de Larimer<\/li><\/ul><h3>Personal<\/h3><ul><li><strong>JD Tanner<\/strong>, Director Ejecutivo<\/li><li><strong>John Hannon<\/strong>, Director de Programas, Soluciones HJH<\/li><li><strong>Katie Matthews<\/strong>, Directora de Comunicaci\u00f3n, Contenido Creativo<\/li><\/ul>\t\t\t\t\t\t\t\t<\/div>\n\t\t\t\t<\/div>\n\t\t\t\t\t<\/div>\n\t\t\t\t<\/div>\n\t\t\t\t<\/div>\n\t\t","protected":false},"excerpt":{"rendered":"<p>Comit\u00e9 Ejecutivo y Personal El Comit\u00e9 Ejecutivo de NoCo Places est\u00e1 formado por un representante de cada una de las nueve agencias de NoCo. Se re\u00fane mensualmente, y est\u00e1 copresidido por uno de los representantes del condado y uno de los organismos federales o estatales, seg\u00fan se especifica en el documento de gobernanza de NoCo. [&hellip;]<\/p>\n","protected":false},"author":5,"featured_media":0,"parent":0,"menu_order":0,"comment_status":"closed","ping_status":"closed","template":"elementor_header_footer","meta":{"_acf_changed":false,"_monsterinsights_skip_tracking":false,"_monsterinsights_sitenote_active":false,"_monsterinsights_sitenote_note":"","_monsterinsights_sitenote_category":0,"footnotes":""},"class_list":["post-5576","page","type-page","status-publish","hentry"],"acf":[],"featured_image_src":null,"featured_image_src_square":null,"_links":{"self":[{"href":"https:\/\/www.nocoplaces.org\/es\/wp-json\/wp\/v2\/pages\/5576","targetHints":{"allow":["GET"]}}],"collection":[{"href":"https:\/\/www.nocoplaces.org\/es\/wp-json\/wp\/v2\/pages"}],"about":[{"href":"https:\/\/www.nocoplaces.org\/es\/wp-json\/wp\/v2\/types\/page"}],"author":[{"embeddable":true,"href":"https:\/\/www.nocoplaces.org\/es\/wp-json\/wp\/v2\/users\/5"}],"replies":[{"embeddable":true,"href":"https:\/\/www.nocoplaces.org\/es\/wp-json\/wp\/v2\/comments?post=5576"}],"version-history":[{"count":0,"href":"https:\/\/www.nocoplaces.org\/es\/wp-json\/wp\/v2\/pages\/5576\/revisions"}],"wp:attachment":[{"href":"https:\/\/www.nocoplaces.org\/es\/wp-json\/wp\/v2\/media?parent=5576"}],"curies":[{"name":"wp","href":"https:\/\/api.w.org\/{rel}","templated":true}]}}