{"id":5578,"date":"2025-08-29T16:29:57","date_gmt":"2025-08-29T16:29:57","guid":{"rendered":"https:\/\/www.nocoplaces.com\/que-hacemos\/"},"modified":"2025-09-30T17:04:04","modified_gmt":"2025-09-30T17:04:04","slug":"que-hacemos","status":"publish","type":"page","link":"https:\/\/www.nocoplaces.org\/es\/que-hacemos\/","title":{"rendered":"Qu\u00e9 hacemos"},"content":{"rendered":"\t\t<div data-elementor-type=\"wp-page\" data-elementor-id=\"5578\" class=\"elementor elementor-5578 elementor-5475\" data-elementor-post-type=\"page\">\n\t\t\t\t<div class=\"elementor-element elementor-element-79f6c6c e-flex e-con-boxed e-con e-parent\" data-id=\"79f6c6c\" data-element_type=\"container\" data-e-type=\"container\">\n\t\t\t\t\t<div class=\"e-con-inner\">\n\t\t\t\t<div class=\"elementor-element elementor-element-e26213a elementor-widget elementor-widget-image\" data-id=\"e26213a\" data-element_type=\"widget\" data-e-type=\"widget\" data-widget_type=\"image.default\">\n\t\t\t\t<div class=\"elementor-widget-container\">\n\t\t\t\t\t\t\t\t\t\t\t\t<figure class=\"wp-caption\">\n\t\t\t\t\t\t\t\t\t\t<img fetchpriority=\"high\" decoding=\"async\" width=\"1800\" height=\"489\" src=\"https:\/\/www.nocoplaces.org\/wp-content\/uploads\/2025\/09\/00-Front-Cover-Carol-Beam-Hall-Ranch_hero.jpg\" class=\"attachment-full size-full wp-image-5544\" alt=\"Sunflowers Hall Ranch Boulder\" srcset=\"https:\/\/www.nocoplaces.org\/wp-content\/uploads\/2025\/09\/00-Front-Cover-Carol-Beam-Hall-Ranch_hero.jpg 1800w, https:\/\/www.nocoplaces.org\/wp-content\/uploads\/2025\/09\/00-Front-Cover-Carol-Beam-Hall-Ranch_hero-300x82.jpg 300w, https:\/\/www.nocoplaces.org\/wp-content\/uploads\/2025\/09\/00-Front-Cover-Carol-Beam-Hall-Ranch_hero-1024x278.jpg 1024w, https:\/\/www.nocoplaces.org\/wp-content\/uploads\/2025\/09\/00-Front-Cover-Carol-Beam-Hall-Ranch_hero-768x209.jpg 768w, https:\/\/www.nocoplaces.org\/wp-content\/uploads\/2025\/09\/00-Front-Cover-Carol-Beam-Hall-Ranch_hero-1536x417.jpg 1536w\" sizes=\"(max-width: 1800px) 100vw, 1800px\" \/>\t\t\t\t\t\t\t\t\t\t\t<figcaption class=\"widget-image-caption wp-caption-text\">Cr\u00e9dito de la foto: Carol Beam<\/figcaption>\n\t\t\t\t\t\t\t\t\t\t<\/figure>\n\t\t\t\t\t\t\t\t\t<\/div>\n\t\t\t\t<\/div>\n\t\t\t\t\t<\/div>\n\t\t\t\t<\/div>\n\t\t<div class=\"elementor-element elementor-element-4f1774d e-flex e-con-boxed e-con e-parent\" data-id=\"4f1774d\" data-element_type=\"container\" data-e-type=\"container\">\n\t\t\t\t\t<div class=\"e-con-inner\">\n\t\t\t\t<div class=\"elementor-element elementor-element-4a54261 elementor-widget elementor-widget-text-editor\" data-id=\"4a54261\" data-element_type=\"widget\" data-e-type=\"widget\" data-widget_type=\"text-editor.default\">\n\t\t\t\t<div class=\"elementor-widget-container\">\n\t\t\t\t\t\t\t\t\t<p>La <strong>accesibilidad<\/strong>: Garantizar un acceso equitativo e inclusivo a la naturaleza y a las experiencias al aire libre.<\/p><ul><li><strong>Conexiones de senderos e infraestructuras<\/strong><br>Proyectos que mejoran la continuidad de los senderos, la se\u00f1alizaci\u00f3n, las cabeceras de senderos y los servicios.<\/li><li><strong>Participaci\u00f3n Juvenil y Comunitaria<\/strong><br>Programas con socios como Lincoln Hills Cares para ampliar el acceso de las comunidades infrarrepresentadas.<\/li><li><strong>Planificaci\u00f3n del Acceso Informada por Datos<\/strong><br>Utilizar herramientas espaciales para orientar las inversiones recreativas que sirven a diversos usuarios.<\/li><\/ul><p><u>\n  <br>\n<\/u><strong>Custodia<\/strong>: Capacitar a las personas y a los programas para proteger los recursos naturales y culturales.<\/p><ul><li><strong>Programa de Embajadores de Senderos<\/strong><br>Compromiso de los visitantes sobre el terreno y presencia educativa en las tierras asociadas.<\/li><li><strong>Proyectos de Voluntariado y Asociaciones<\/strong><br>Trabaja con VOC, CMC y otros para mantener senderos, limpiar lugares y fomentar la \u00e9tica de la administraci\u00f3n.<\/li><li><strong>Campa\u00f1as de Divulgaci\u00f3n y Educaci\u00f3n<\/strong><br>Mensajes regionales en torno a No Dejar Huella, el ocio responsable, el EDI y la seguridad.<\/li><\/ul><p><u>\n  <br>\n<\/u><strong>Sostenibilidad<\/strong>: Equilibrio entre ocio, conservaci\u00f3n y salud del paisaje a largo plazo.<\/p><ul><li><strong>Estrategia de Senderos No Autorizados<\/strong><br>Cartografiar, priorizar y restaurar los senderos creados por los usuarios en todas las jurisdicciones.<\/li><li><strong>Visi\u00f3n Regional de la Conservaci\u00f3n y el Ocio<\/strong><br>Planificaci\u00f3n compartida que integre la protecci\u00f3n de los ecosistemas y la demanda de ocio.<\/li><li><strong>Cuadros de mando de datos y herramientas de planificaci\u00f3n<\/strong><br>Cartograf\u00eda colaborativa, datos de uso de los visitantes y superposiciones de biodiversidad para apoyar la toma de decisiones a largo plazo.<\/li><li><strong>Proyectos resistentes al clima<\/strong><br>Proyectos como desv\u00edos de terrenos sensibles o reparaciones de senderos da\u00f1ados por incendios forestales.<\/li><\/ul>\t\t\t\t\t\t\t\t<\/div>\n\t\t\t\t<\/div>\n\t\t\t\t\t<\/div>\n\t\t\t\t<\/div>\n\t\t<div class=\"elementor-element elementor-element-4fd4a83 e-flex e-con-boxed e-con e-parent\" data-id=\"4fd4a83\" data-element_type=\"container\" data-e-type=\"container\">\n\t\t\t\t\t<div class=\"e-con-inner\">\n\t\t<div class=\"elementor-element elementor-element-dec29ac e-con-full e-flex e-con e-child\" data-id=\"dec29ac\" data-element_type=\"container\" data-e-type=\"container\">\n\t\t\t\t<div class=\"elementor-element elementor-element-c18b2af elementor-widget elementor-widget-heading\" data-id=\"c18b2af\" data-element_type=\"widget\" data-e-type=\"widget\" data-widget_type=\"heading.default\">\n\t\t\t\t<div class=\"elementor-widget-container\">\n\t\t\t\t\t<h2 class=\"elementor-heading-title elementor-size-default\">Materiales<\/h2>\t\t\t\t<\/div>\n\t\t\t\t<\/div>\n\t\t\t\t<\/div>\n\t\t\t\t\t<\/div>\n\t\t\t\t<\/div>\n\t\t<div class=\"elementor-element elementor-element-3ff63ab e-flex e-con-boxed e-con e-parent\" data-id=\"3ff63ab\" data-element_type=\"container\" data-e-type=\"container\">\n\t\t\t\t\t<div class=\"e-con-inner\">\n\t\t<div class=\"elementor-element elementor-element-6af4c6f e-con-full e-flex e-con e-child\" data-id=\"6af4c6f\" data-element_type=\"container\" data-e-type=\"container\">\n\t\t\t\t<div class=\"elementor-element elementor-element-518bc84 elementor-widget elementor-widget-text-editor\" data-id=\"518bc84\" data-element_type=\"widget\" data-e-type=\"widget\" data-widget_type=\"text-editor.default\">\n\t\t\t\t<div class=\"elementor-widget-container\">\n\t\t\t\t\t\t\t\t\t<ul><li><a href=\"https:\/\/storymaps.arcgis.com\/stories\/64bbedb45d63442aa2952ee39e0dffe2\" target=\"_blank\" rel=\"noopener\">Mapa de la Historia: Visi\u00f3n de la Conservaci\u00f3n y el Ocio en la Regi\u00f3n de NoCo<\/a><\/li><li><a href=\"http:\/\/www.nocoplaces2050.com\/wp-content\/uploads\/2022\/04\/NoCo-Whitepaper-on-Timed-Entry-Systems-Final.pdf\" target=\"_blank\" rel=\"noreferrer noopener\">Libro Blanco: Sistemas de reserva de entrada temporizada en la regi\u00f3n de NoCo<\/a><\/li><li><a href=\"https:\/\/www.nocoplaces.org\/wp-content\/uploads\/2024\/10\/Fact-Sheet_NoCo-Places_web.pdf\" target=\"_blank\" rel=\"noreferrer noopener\">Hecho Ella<\/a><a href=\"http:\/\/www.nocoplaces2050.com\/wp-content\/uploads\/2022\/05\/Fact-Sheet_NoCo-PLACES_web3.pdf\">y<\/a><\/li><li><a href=\"https:\/\/www.nocoplaces.org\/wp-content\/uploads\/2024\/03\/EXECUTED-23-MU-1102100-041-NoCo-Places-MOU.pdf\" target=\"_blank\" rel=\"noreferrer noopener\">Memor\u00e1ndum de acuerdo  <\/a><\/li><li><a href=\"http:\/\/www.nocoplaces2050.com\/wp-content\/uploads\/2020\/04\/NoCoPLACES2050-Problem-Statement.pdf\" target=\"_blank\" rel=\"noreferrer noopener\">Planteamiento del problema<\/a><\/li><li><a href=\"https:\/\/www.nocoplaces.org\/wp-content\/uploads\/2025\/03\/Media-Kit_NoCo-Places_2025.pdf\" target=\"_blank\" rel=\"noreferrer noopener\">Medios de comunicaci\u00f3n <\/a><a href=\"http:\/\/www.nocoplaces2050.com\/wp-content\/uploads\/2023\/05\/Media-Kit_NoCo-PLACES_May-2023.pdf\">Kit<\/a><\/li><\/ul>\t\t\t\t\t\t\t\t<\/div>\n\t\t\t\t<\/div>\n\t\t\t\t<\/div>\n\t\t\t\t\t<\/div>\n\t\t\t\t<\/div>\n\t\t\t\t<\/div>\n\t\t","protected":false},"excerpt":{"rendered":"<p>Cr\u00e9dito de la foto: Carol Beam La accesibilidad: Garantizar un acceso equitativo e inclusivo a la naturaleza y a las experiencias al aire libre. Conexiones de senderos e infraestructurasProyectos que mejoran la continuidad de los senderos, la se\u00f1alizaci\u00f3n, las cabeceras de senderos y los servicios. Participaci\u00f3n Juvenil y ComunitariaProgramas con socios como Lincoln Hills Cares [&hellip;]<\/p>\n","protected":false},"author":5,"featured_media":0,"parent":0,"menu_order":0,"comment_status":"closed","ping_status":"closed","template":"elementor_header_footer","meta":{"_acf_changed":false,"_monsterinsights_skip_tracking":false,"_monsterinsights_sitenote_active":false,"_monsterinsights_sitenote_note":"","_monsterinsights_sitenote_category":0,"footnotes":""},"class_list":["post-5578","page","type-page","status-publish","hentry"],"acf":[],"featured_image_src":null,"featured_image_src_square":null,"_links":{"self":[{"href":"https:\/\/www.nocoplaces.org\/es\/wp-json\/wp\/v2\/pages\/5578","targetHints":{"allow":["GET"]}}],"collection":[{"href":"https:\/\/www.nocoplaces.org\/es\/wp-json\/wp\/v2\/pages"}],"about":[{"href":"https:\/\/www.nocoplaces.org\/es\/wp-json\/wp\/v2\/types\/page"}],"author":[{"embeddable":true,"href":"https:\/\/www.nocoplaces.org\/es\/wp-json\/wp\/v2\/users\/5"}],"replies":[{"embeddable":true,"href":"https:\/\/www.nocoplaces.org\/es\/wp-json\/wp\/v2\/comments?post=5578"}],"version-history":[{"count":0,"href":"https:\/\/www.nocoplaces.org\/es\/wp-json\/wp\/v2\/pages\/5578\/revisions"}],"wp:attachment":[{"href":"https:\/\/www.nocoplaces.org\/es\/wp-json\/wp\/v2\/media?parent=5578"}],"curies":[{"name":"wp","href":"https:\/\/api.w.org\/{rel}","templated":true}]}}