{"id":5579,"date":"2025-08-29T16:34:42","date_gmt":"2025-08-29T16:34:42","guid":{"rendered":"https:\/\/www.nocoplaces.com\/talleres-formacion-y-facilitacion\/"},"modified":"2025-09-30T17:04:04","modified_gmt":"2025-09-30T17:04:04","slug":"talleres-formacion-y-facilitacion","status":"publish","type":"page","link":"https:\/\/www.nocoplaces.org\/es\/talleres-formacion-y-facilitacion\/","title":{"rendered":"Talleres, formaci\u00f3n y facilitaci\u00f3n"},"content":{"rendered":"\t\t<div data-elementor-type=\"wp-page\" data-elementor-id=\"5579\" class=\"elementor elementor-5579 elementor-5477\" data-elementor-post-type=\"page\">\n\t\t\t\t<div class=\"elementor-element elementor-element-96e8045 e-flex e-con-boxed e-con e-parent\" data-id=\"96e8045\" data-element_type=\"container\" data-e-type=\"container\">\n\t\t\t\t\t<div class=\"e-con-inner\">\n\t\t\t\t<div class=\"elementor-element elementor-element-3d130f5 elementor-widget elementor-widget-image\" data-id=\"3d130f5\" data-element_type=\"widget\" data-e-type=\"widget\" data-widget_type=\"image.default\">\n\t\t\t\t<div class=\"elementor-widget-container\">\n\t\t\t\t\t\t\t\t\t\t\t\t\t\t\t<img fetchpriority=\"high\" decoding=\"async\" width=\"1500\" height=\"397\" src=\"https:\/\/www.nocoplaces.org\/wp-content\/uploads\/2025\/09\/20250207_120443_web.jpg\" class=\"attachment-full size-full wp-image-5537\" alt=\"USFS sign\" srcset=\"https:\/\/www.nocoplaces.org\/wp-content\/uploads\/2025\/09\/20250207_120443_web.jpg 1500w, https:\/\/www.nocoplaces.org\/wp-content\/uploads\/2025\/09\/20250207_120443_web-300x79.jpg 300w, https:\/\/www.nocoplaces.org\/wp-content\/uploads\/2025\/09\/20250207_120443_web-1024x271.jpg 1024w, https:\/\/www.nocoplaces.org\/wp-content\/uploads\/2025\/09\/20250207_120443_web-768x203.jpg 768w\" sizes=\"(max-width: 1500px) 100vw, 1500px\" \/>\t\t\t\t\t\t\t\t\t\t\t\t\t\t\t<\/div>\n\t\t\t\t<\/div>\n\t\t\t\t\t<\/div>\n\t\t\t\t<\/div>\n\t\t<div class=\"elementor-element elementor-element-ebf9265 e-flex e-con-boxed e-con e-parent\" data-id=\"ebf9265\" data-element_type=\"container\" data-e-type=\"container\">\n\t\t\t\t\t<div class=\"e-con-inner\">\n\t\t\t\t<div class=\"elementor-element elementor-element-897fb39 elementor-widget elementor-widget-heading\" data-id=\"897fb39\" data-element_type=\"widget\" data-e-type=\"widget\" data-widget_type=\"heading.default\">\n\t\t\t\t<div class=\"elementor-widget-container\">\n\t\t\t\t\t<h2 class=\"elementor-heading-title elementor-size-default\">Participaci\u00f3n de las partes interesadas en el Ca\u00f1\u00f3n Lefthand<\/h2>\t\t\t\t<\/div>\n\t\t\t\t<\/div>\n\t\t\t\t<div class=\"elementor-element elementor-element-47da8fc elementor-widget elementor-widget-text-editor\" data-id=\"47da8fc\" data-element_type=\"widget\" data-e-type=\"widget\" data-widget_type=\"text-editor.default\">\n\t\t\t\t<div class=\"elementor-widget-container\">\n\t\t\t\t\t\t\t\t\t<p>En oto\u00f1o de 2024, el Distrito de Guardabosques de Boulder del Servicio Forestal del USDA organiz\u00f3 una serie de reuniones de partes interesadas sobre la zona del Ca\u00f1\u00f3n Lefthand, cerca de Boulder. En concreto, las reuniones abordaron la mejor forma de reabrir la zona a las actividades recreativas motorizadas tras las inundaciones de 2013. <\/p><p>Una subvenci\u00f3n de Colorado Parks and Wildlife financi\u00f3 esta serie de reuniones, y se contrat\u00f3 a Keystone Policy Center para facilitarlas. NoCo Places particip\u00f3 en las reuniones, aportando al proceso una perspectiva regional sobre ocio y conservaci\u00f3n. El grupo de partes interesadas avanz\u00f3 mucho en el apoyo al proceso de planificaci\u00f3n del Servicio Forestal.  <\/p><p>Sin embargo, la subvenci\u00f3n para apoyar el contrato Keystone y el esfuerzo de las partes interesadas ha llegado a su fin. Para mantener el impulso del grupo de partes interesadas y apoyar sus esfuerzos de b\u00fasqueda de soluciones, NoCo Places proporciona apoyo de facilitaci\u00f3n. Nuestra participaci\u00f3n est\u00e1 dise\u00f1ada para mantener el compromiso, la continuidad y el di\u00e1logo productivo, permitiendo al grupo continuar su trabajo en colaboraci\u00f3n con el Servicio Forestal y los socios regionales para abordar la recreaci\u00f3n motorizada y las preocupaciones de conservaci\u00f3n m\u00e1s amplias.  <\/p><p>Para obtener m\u00e1s contexto y antecedentes, Keystone Policy Center elabor\u00f3 un informe sobre la primera serie de di\u00e1logos con las partes interesadas de la zona del Ca\u00f1\u00f3n Lefthand.<\/p>\t\t\t\t\t\t\t\t<\/div>\n\t\t\t\t<\/div>\n\t\t\t\t<div class=\"elementor-element elementor-element-326a4f7 elementor-widget elementor-widget-button\" data-id=\"326a4f7\" data-element_type=\"widget\" data-e-type=\"widget\" data-widget_type=\"button.default\">\n\t\t\t\t<div class=\"elementor-widget-container\">\n\t\t\t\t\t\t\t\t\t<div class=\"elementor-button-wrapper\">\n\t\t\t\t\t<a class=\"elementor-button elementor-button-link elementor-size-sm\" href=\"https:\/\/www.nocoplaces.org\/wp-content\/uploads\/2025\/07\/FINAL-Report-Lefthand-OHV-Area-Stakeholder-Dialogue-1.pdf\" target=\"_blank\">\n\t\t\t\t\t\t<span class=\"elementor-button-content-wrapper\">\n\t\t\t\t\t\t<span class=\"elementor-button-icon\">\n\t\t\t\t<svg aria-hidden=\"true\" class=\"e-font-icon-svg e-fas-file-download\" viewBox=\"0 0 384 512\" xmlns=\"http:\/\/www.w3.org\/2000\/svg\"><path d=\"M224 136V0H24C10.7 0 0 10.7 0 24v464c0 13.3 10.7 24 24 24h336c13.3 0 24-10.7 24-24V160H248c-13.2 0-24-10.8-24-24zm76.45 211.36l-96.42 95.7c-6.65 6.61-17.39 6.61-24.04 0l-96.42-95.7C73.42 337.29 80.54 320 94.82 320H160v-80c0-8.84 7.16-16 16-16h32c8.84 0 16 7.16 16 16v80h65.18c14.28 0 21.4 17.29 11.27 27.36zM377 105L279.1 7c-4.5-4.5-10.6-7-17-7H256v128h128v-6.1c0-6.3-2.5-12.4-7-16.9z\"><\/path><\/svg>\t\t\t<\/span>\n\t\t\t\t\t\t\t\t\t<span class=\"elementor-button-text\">Ver el Informe de la Reuni\u00f3n de Partes Interesadas<\/span>\n\t\t\t\t\t<\/span>\n\t\t\t\t\t<\/a>\n\t\t\t\t<\/div>\n\t\t\t\t\t\t\t\t<\/div>\n\t\t\t\t<\/div>\n\t\t\t\t\t<\/div>\n\t\t\t\t<\/div>\n\t\t\t\t<\/div>\n\t\t","protected":false},"excerpt":{"rendered":"<p>Participaci\u00f3n de las partes interesadas en el Ca\u00f1\u00f3n Lefthand En oto\u00f1o de 2024, el Distrito de Guardabosques de Boulder del Servicio Forestal del USDA organiz\u00f3 una serie de reuniones de partes interesadas sobre la zona del Ca\u00f1\u00f3n Lefthand, cerca de Boulder. En concreto, las reuniones abordaron la mejor forma de reabrir la zona a las [&hellip;]<\/p>\n","protected":false},"author":5,"featured_media":0,"parent":0,"menu_order":0,"comment_status":"closed","ping_status":"closed","template":"elementor_header_footer","meta":{"_acf_changed":false,"_monsterinsights_skip_tracking":false,"_monsterinsights_sitenote_active":false,"_monsterinsights_sitenote_note":"","_monsterinsights_sitenote_category":0,"footnotes":""},"class_list":["post-5579","page","type-page","status-publish","hentry"],"acf":[],"featured_image_src":null,"featured_image_src_square":null,"_links":{"self":[{"href":"https:\/\/www.nocoplaces.org\/es\/wp-json\/wp\/v2\/pages\/5579","targetHints":{"allow":["GET"]}}],"collection":[{"href":"https:\/\/www.nocoplaces.org\/es\/wp-json\/wp\/v2\/pages"}],"about":[{"href":"https:\/\/www.nocoplaces.org\/es\/wp-json\/wp\/v2\/types\/page"}],"author":[{"embeddable":true,"href":"https:\/\/www.nocoplaces.org\/es\/wp-json\/wp\/v2\/users\/5"}],"replies":[{"embeddable":true,"href":"https:\/\/www.nocoplaces.org\/es\/wp-json\/wp\/v2\/comments?post=5579"}],"version-history":[{"count":0,"href":"https:\/\/www.nocoplaces.org\/es\/wp-json\/wp\/v2\/pages\/5579\/revisions"}],"wp:attachment":[{"href":"https:\/\/www.nocoplaces.org\/es\/wp-json\/wp\/v2\/media?parent=5579"}],"curies":[{"name":"wp","href":"https:\/\/api.w.org\/{rel}","templated":true}]}}