{"id":5585,"date":"2025-09-30T15:53:11","date_gmt":"2025-09-30T15:53:11","guid":{"rendered":"https:\/\/www.nocoplaces.com\/cartas-de-apoyo\/"},"modified":"2025-09-30T17:04:15","modified_gmt":"2025-09-30T17:04:15","slug":"cartas-de-apoyo","status":"publish","type":"page","link":"https:\/\/www.nocoplaces.org\/es\/cartas-de-apoyo\/","title":{"rendered":"Cartas de apoyo"},"content":{"rendered":"\t\t<div data-elementor-type=\"wp-page\" data-elementor-id=\"5585\" class=\"elementor elementor-5585 elementor-5570\" data-elementor-post-type=\"page\">\n\t\t\t\t<div class=\"elementor-element elementor-element-0d6bd99 e-flex e-con-boxed e-con e-parent\" data-id=\"0d6bd99\" data-element_type=\"container\" data-e-type=\"container\">\n\t\t\t\t\t<div class=\"e-con-inner\">\n\t\t\t\t<div class=\"elementor-element elementor-element-bafe445 elementor-widget elementor-widget-image\" data-id=\"bafe445\" data-element_type=\"widget\" data-e-type=\"widget\" data-widget_type=\"image.default\">\n\t\t\t\t<div class=\"elementor-widget-container\">\n\t\t\t\t\t\t\t\t\t\t\t\t<figure class=\"wp-caption\">\n\t\t\t\t\t\t\t\t\t\t<img fetchpriority=\"high\" decoding=\"async\" width=\"1800\" height=\"446\" src=\"https:\/\/www.nocoplaces.org\/wp-content\/uploads\/2025\/09\/09-Sep-Jeff-Moline-Laber-Alex_hero.jpg\" class=\"attachment-full size-full wp-image-5572\" alt=\"Boulder County sunset\" srcset=\"https:\/\/www.nocoplaces.org\/wp-content\/uploads\/2025\/09\/09-Sep-Jeff-Moline-Laber-Alex_hero.jpg 1800w, https:\/\/www.nocoplaces.org\/wp-content\/uploads\/2025\/09\/09-Sep-Jeff-Moline-Laber-Alex_hero-300x74.jpg 300w, https:\/\/www.nocoplaces.org\/wp-content\/uploads\/2025\/09\/09-Sep-Jeff-Moline-Laber-Alex_hero-1024x254.jpg 1024w, https:\/\/www.nocoplaces.org\/wp-content\/uploads\/2025\/09\/09-Sep-Jeff-Moline-Laber-Alex_hero-768x190.jpg 768w, https:\/\/www.nocoplaces.org\/wp-content\/uploads\/2025\/09\/09-Sep-Jeff-Moline-Laber-Alex_hero-1536x381.jpg 1536w\" sizes=\"(max-width: 1800px) 100vw, 1800px\" \/>\t\t\t\t\t\t\t\t\t\t\t<figcaption class=\"widget-image-caption wp-caption-text\">Photo Credit Jeff Moline<\/figcaption>\n\t\t\t\t\t\t\t\t\t\t<\/figure>\n\t\t\t\t\t\t\t\t\t<\/div>\n\t\t\t\t<\/div>\n\t\t\t\t\t<\/div>\n\t\t\t\t<\/div>\n\t\t<div class=\"elementor-element elementor-element-8f7fa35 e-flex e-con-boxed e-con e-parent\" data-id=\"8f7fa35\" data-element_type=\"container\" data-e-type=\"container\">\n\t\t\t\t\t<div class=\"e-con-inner\">\n\t\t\t\t<div class=\"elementor-element elementor-element-7b56656 elementor-widget elementor-widget-heading\" data-id=\"7b56656\" data-element_type=\"widget\" data-e-type=\"widget\" data-widget_type=\"heading.default\">\n\t\t\t\t<div class=\"elementor-widget-container\">\n\t\t\t\t\t<h2 class=\"elementor-heading-title elementor-size-default\">Solicitud de cartas de apoyo de NoCo Places<\/h2>\t\t\t\t<\/div>\n\t\t\t\t<\/div>\n\t\t\t\t\t<\/div>\n\t\t\t\t<\/div>\n\t\t<div class=\"elementor-element elementor-element-310f235 e-flex e-con-boxed e-con e-parent\" data-id=\"310f235\" data-element_type=\"container\" data-e-type=\"container\">\n\t\t\t\t\t<div class=\"e-con-inner\">\n\t\t\t\t<div class=\"elementor-element elementor-element-050aa45 elementor-widget elementor-widget-text-editor\" data-id=\"050aa45\" data-element_type=\"widget\" data-e-type=\"widget\" data-widget_type=\"text-editor.default\">\n\t\t\t\t<div class=\"elementor-widget-container\">\n\t\t\t\t\t\t\t\t\t<h3>Nuestra pol\u00edtica<\/h3><p><strong>Alineaci\u00f3n de la Misi\u00f3n<\/strong><\/p><ul><li>NoCo Places emitir\u00e1 cartas de apoyo s\u00f3lo para proyectos que promuevan directamente la <a href=\"https:\/\/www.nocoplaces.org\/es\/vision-de-la-conservacion-y-el-ocio\/\">\n  <em>Visi\u00f3n de Conservaci\u00f3n y Ocio de NoCo Places<\/em>\n<\/a> y <em>la Estrategia de Exteriores de Colorado<\/em><\/li><li>Los proyectos deben demostrar su alineaci\u00f3n con uno o m\u00e1s de los pilares estrat\u00e9gicos de NoCo Places: Accesibilidad, Administraci\u00f3n y Sostenibilidad<\/li><\/ul><p><strong>Neutralidad y equidad<\/strong><\/p><ul><li>NoCo Places se reserva el derecho a rechazar solicitudes que entren en conflicto con las prioridades de la organizaci\u00f3n, dupliquen esfuerzos en curso o creen prejuicios reales o percibidos entre las agencias asociadas.<\/li><li>No se emitir\u00e1n cartas en apoyo de empresas comerciales o con \u00e1nimo de lucro a menos que el solicitante demuestre un beneficio p\u00fablico significativo y mensurable<\/li><\/ul><p><strong>Autoridad de aprobaci\u00f3n<\/strong><\/p><ul><li>El Director Ejecutivo, en consulta con el Comit\u00e9 Ejecutivo, revisar\u00e1 todas las solicitudes y determinar\u00e1 su aprobaci\u00f3n o denegaci\u00f3n<\/li><li>En circunstancias urgentes, el Director Ejecutivo puede aprobar provisionalmente una solicitud, previa ratificaci\u00f3n del Comit\u00e9 Ejecutivo<\/li><\/ul><h3>Principios rectores<\/h3><ul><li><strong>Transparencia:<\/strong> Las solicitudes se eval\u00faan utilizando criterios coherentes<\/li><li><strong>Equidad:<\/strong> Se da consideraci\u00f3n prioritaria a los proyectos que promueven la equidad, la inclusi\u00f3n y el acceso en las actividades recreativas al aire libre y la conservaci\u00f3n.<\/li><li><strong>Impacto regional:<\/strong> Se da preferencia a los proyectos con beneficios amplios y demostrables para las comunidades y paisajes del norte de Colorado<\/li><li><strong>Creaci\u00f3n de asociaciones:<\/strong> Las cartas de apoyo pretenden reforzar la colaboraci\u00f3n y avanzar en los objetivos colectivos de custodia<\/li><\/ul><h3>Procedimiento<\/h3><p><strong>Requisitos de presentaci\u00f3n<\/strong><\/p><ul><li>Las solicitudes de cartas de apoyo deben presentarse como m\u00ednimo tres (3) semanas antes de la fecha l\u00edmite requerida<\/li><li>Todas las solicitudes deben presentarse utilizando el formulario oficial de solicitud de carta de apoyo de NoCo Places que figura a continuaci\u00f3n<\/li><\/ul>\t\t\t\t\t\t\t\t<\/div>\n\t\t\t\t<\/div>\n\t\t\t\t\t<\/div>\n\t\t\t\t<\/div>\n\t\t<div class=\"elementor-element elementor-element-66bb129 e-flex e-con-boxed e-con e-parent\" data-id=\"66bb129\" data-element_type=\"container\" data-e-type=\"container\">\n\t\t\t\t\t<div class=\"e-con-inner\">\n\t\t\t\t<div class=\"elementor-element elementor-element-5bbc93b elementor-widget elementor-widget-heading\" data-id=\"5bbc93b\" data-element_type=\"widget\" data-e-type=\"widget\" data-widget_type=\"heading.default\">\n\t\t\t\t<div class=\"elementor-widget-container\">\n\t\t\t\t\t<h2 class=\"elementor-heading-title elementor-size-default\">Env\u00eda tu solicitud<\/h2>\t\t\t\t<\/div>\n\t\t\t\t<\/div>\n\t\t\t\t\t<\/div>\n\t\t\t\t<\/div>\n\t\t<div class=\"elementor-element elementor-element-8f6e1f7 e-flex e-con-boxed e-con e-parent\" data-id=\"8f6e1f7\" data-element_type=\"container\" data-e-type=\"container\">\n\t\t\t\t\t<div class=\"e-con-inner\">\n\t\t\t\t<div class=\"elementor-element elementor-element-48114ab elementor-widget elementor-widget-wpforms\" data-id=\"48114ab\" data-element_type=\"widget\" data-e-type=\"widget\" data-widget_type=\"wpforms.default\">\n\t\t\t\t<div class=\"elementor-widget-container\">\n\t\t\t\t\t<div class=\"wpforms-container wpforms-container-full\" id=\"wpforms-5573\"><form id=\"wpforms-form-5573\" class=\"wpforms-validate wpforms-form wpforms-ajax-form\" data-formid=\"5573\" method=\"post\" enctype=\"multipart\/form-data\" action=\"\/es\/wp-json\/wp\/v2\/pages\/5585\" data-token=\"ac7663e4556187649a234d227eedd33e\" data-token-time=\"1775483050\"><noscript class=\"wpforms-error-noscript\">Please enable JavaScript in your browser to complete this form.<\/noscript><div class=\"wpforms-field-container\">\t\t<div id=\"wpforms-5573-field_6-container\"\n\t\t\tclass=\"wpforms-field wpforms-field-text\"\n\t\t\tdata-field-type=\"text\"\n\t\t\tdata-field-id=\"6\"\n\t\t\t>\n\t\t\t<label class=\"wpforms-field-label\" for=\"wpforms-5573-field_6\" >Socios (m\u00e1x. Direcci\u00f3n<\/label>\n\t\t\t<input type=\"text\" id=\"wpforms-5573-field_6\" class=\"wpforms-field-medium\" name=\"wpforms[fields][6]\" >\n\t\t<\/div>\n\t\t<div id=\"wpforms-5573-field_1-container\" class=\"wpforms-field wpforms-field-text\" data-field-id=\"1\"><label class=\"wpforms-field-label\" for=\"wpforms-5573-field_1\">Nombre de la organizaci\u00f3n <span class=\"wpforms-required-label\">*<\/span><\/label><input type=\"text\" id=\"wpforms-5573-field_1\" class=\"wpforms-field-medium wpforms-field-required\" name=\"wpforms[fields][1]\" required><\/div><div id=\"wpforms-5573-field_2-container\" class=\"wpforms-field wpforms-field-text\" data-field-id=\"2\"><label class=\"wpforms-field-label\" for=\"wpforms-5573-field_2\">Nombre y apellidos <span class=\"wpforms-required-label\">*<\/span><\/label><input type=\"text\" id=\"wpforms-5573-field_2\" class=\"wpforms-field-medium wpforms-field-required\" name=\"wpforms[fields][2]\" required><\/div><div id=\"wpforms-5573-field_3-container\" class=\"wpforms-field wpforms-field-text\" data-field-id=\"3\"><label class=\"wpforms-field-label\" for=\"wpforms-5573-field_3\">T\u00edtulo\/Rol<\/label><input type=\"text\" id=\"wpforms-5573-field_3\" class=\"wpforms-field-medium\" name=\"wpforms[fields][3]\" ><\/div><div id=\"wpforms-5573-field_4-container\" class=\"wpforms-field wpforms-field-email\" data-field-id=\"4\"><label class=\"wpforms-field-label\" for=\"wpforms-5573-field_4\">Direcci\u00f3n de correo electr\u00f3nico <span class=\"wpforms-required-label\">*<\/span><\/label><input type=\"email\" id=\"wpforms-5573-field_4\" class=\"wpforms-field-medium wpforms-field-required\" name=\"wpforms[fields][4]\" spellcheck=\"false\" required><\/div><div id=\"wpforms-5573-field_5-container\" class=\"wpforms-field wpforms-field-number\" data-field-id=\"5\"><label class=\"wpforms-field-label\" for=\"wpforms-5573-field_5\">N\u00famero de tel\u00e9fono<\/label><input type=\"number\" id=\"wpforms-5573-field_5\" class=\"wpforms-field-medium\" name=\"wpforms[fields][5]\" step=\"any\" ><\/div><div id=\"wpforms-5573-field_7-container\" class=\"wpforms-field wpforms-field-text\" data-field-id=\"7\"><label class=\"wpforms-field-label\" for=\"wpforms-5573-field_7\">T\u00edtulo del proyecto <span class=\"wpforms-required-label\">*<\/span><\/label><input type=\"text\" id=\"wpforms-5573-field_7\" class=\"wpforms-field-medium wpforms-field-required\" name=\"wpforms[fields][7]\" required><\/div><div id=\"wpforms-5573-field_8-container\" class=\"wpforms-field wpforms-field-textarea\" data-field-id=\"8\"><label class=\"wpforms-field-label\" for=\"wpforms-5573-field_8\">Resumen del proyecto (m\u00e1x. 300 palabras) <span class=\"wpforms-required-label\">*<\/span><\/label><textarea id=\"wpforms-5573-field_8\" class=\"wpforms-field-large wpforms-field-required wpforms-limit-words-enabled\" data-form-id=\"5573\" data-field-id=\"8\" data-text-limit=\"300\" name=\"wpforms[fields][8]\" required><\/textarea><\/div><div id=\"wpforms-5573-field_9-container\" class=\"wpforms-field wpforms-field-textarea\" data-field-id=\"9\"><label class=\"wpforms-field-label\" for=\"wpforms-5573-field_9\">Alineaci\u00f3n del proyecto (m\u00e1x. 100 palabras) <span class=\"wpforms-required-label\">*<\/span><\/label><textarea id=\"wpforms-5573-field_9\" class=\"wpforms-field-medium wpforms-field-required wpforms-limit-words-enabled\" data-form-id=\"5573\" data-field-id=\"9\" data-text-limit=\"100\" name=\"wpforms[fields][9]\" required><\/textarea><div class=\"wpforms-field-description\">Explica c\u00f3mo se alinea el proyecto con la misi\u00f3n y los pilares estrat\u00e9gicos de NoCo Places.<\/div><\/div><div id=\"wpforms-5573-field_10-container\" class=\"wpforms-field wpforms-field-textarea\" data-field-id=\"10\"><label class=\"wpforms-field-label\" for=\"wpforms-5573-field_10\">Impacto regional y comunitario (m\u00e1x. 100 palabras) <span class=\"wpforms-required-label\">*<\/span><\/label><textarea id=\"wpforms-5573-field_10\" class=\"wpforms-field-medium wpforms-field-required wpforms-limit-words-enabled\" data-form-id=\"5573\" data-field-id=\"10\" data-text-limit=\"100\" name=\"wpforms[fields][10]\" required><\/textarea><div class=\"wpforms-field-description\">Descripci\u00f3n del beneficio para la comunidad y del impacto regional previsto.<\/div><\/div><div id=\"wpforms-5573-field_11-container\" class=\"wpforms-field wpforms-field-textarea\" data-field-id=\"11\"><label class=\"wpforms-field-label\" for=\"wpforms-5573-field_11\">Socios y partes interesadas (m\u00e1x. 50 palabras) <span class=\"wpforms-required-label\">*<\/span><\/label><textarea id=\"wpforms-5573-field_11\" class=\"wpforms-field-medium wpforms-field-required\" name=\"wpforms[fields][11]\" required><\/textarea><div class=\"wpforms-field-description\">Identificaci\u00f3n de socios adicionales (o potenciales) y partes interesadas implicadas.<\/div><\/div><div id=\"wpforms-5573-field_12-container\" class=\"wpforms-field wpforms-field-textarea\" data-field-id=\"12\"><label class=\"wpforms-field-label\" for=\"wpforms-5573-field_12\">Plazo y detalles <span class=\"wpforms-required-label\">*<\/span><\/label><textarea id=\"wpforms-5573-field_12\" class=\"wpforms-field-medium wpforms-field-required\" name=\"wpforms[fields][12]\" required><\/textarea><div class=\"wpforms-field-description\">Indica la fecha en que necesitas la carta y cualquier requisito espec\u00edfico de formato.<\/div><\/div><script>\n\t\t\t\t( function() {\n\t\t\t\t\tconst style = document.createElement( 'style' );\n\t\t\t\t\tstyle.appendChild( document.createTextNode( '#wpforms-5573-field_6-container { position: absolute !important; overflow: hidden !important; display: inline !important; height: 1px !important; width: 1px !important; z-index: -1000 !important; padding: 0 !important; } #wpforms-5573-field_6-container input { visibility: hidden; } #wpforms-conversational-form-page #wpforms-5573-field_6-container label { counter-increment: none; }' ) );\n\t\t\t\t\tdocument.head.appendChild( style );\n\t\t\t\t\tdocument.currentScript?.remove();\n\t\t\t\t} )();\n\t\t\t<\/script><\/div><!-- .wpforms-field-container --><div class=\"wpforms-recaptcha-container wpforms-is-recaptcha wpforms-is-recaptcha-type-v2\" ><div class=\"g-recaptcha\" data-sitekey=\"6Lf3taUsAAAAANU_oItv0g9DJ7Ej9SmeP8uNrjwp\"><\/div><input type=\"text\" name=\"g-recaptcha-hidden\" class=\"wpforms-recaptcha-hidden\" style=\"position:absolute!important;clip:rect(0,0,0,0)!important;height:1px!important;width:1px!important;border:0!important;overflow:hidden!important;padding:0!important;margin:0!important;\" data-rule-recaptcha=\"1\"><\/div><div class=\"wpforms-submit-container\" ><input type=\"hidden\" name=\"wpforms[id]\" value=\"5573\"><input type=\"hidden\" name=\"page_title\" value=\"\"><input type=\"hidden\" name=\"page_url\" value=\"https:\/\/www.nocoplaces.org\/es\/wp-json\/wp\/v2\/pages\/5585\"><input type=\"hidden\" name=\"url_referer\" value=\"\"><button type=\"submit\" name=\"wpforms[submit]\" id=\"wpforms-submit-5573\" class=\"wpforms-submit\" data-alt-text=\"Enviando...\" data-submit-text=\"Env\u00eda\" aria-live=\"assertive\" value=\"wpforms-submit\">Env\u00eda<\/button><img decoding=\"async\" src=\"https:\/\/www.nocoplaces.org\/wp-content\/plugins\/wpforms-lite\/assets\/images\/submit-spin.svg\" class=\"wpforms-submit-spinner\" style=\"display: none;\" width=\"26\" height=\"26\" alt=\"Loading\"><\/div><\/form><\/div>  <!-- .wpforms-container -->\t\t\t\t<\/div>\n\t\t\t\t<\/div>\n\t\t\t\t\t<\/div>\n\t\t\t\t<\/div>\n\t\t\t\t<\/div>\n\t\t","protected":false},"excerpt":{"rendered":"<p>Photo Credit Jeff Moline Solicitud de cartas de apoyo de NoCo Places Nuestra pol\u00edtica Alineaci\u00f3n de la Misi\u00f3n NoCo Places emitir\u00e1 cartas de apoyo s\u00f3lo para proyectos que promuevan directamente la Visi\u00f3n de Conservaci\u00f3n y Ocio de NoCo Places y la Estrategia de Exteriores de Colorado Los proyectos deben demostrar su alineaci\u00f3n con uno o [&hellip;]<\/p>\n","protected":false},"author":5,"featured_media":0,"parent":0,"menu_order":0,"comment_status":"closed","ping_status":"closed","template":"elementor_header_footer","meta":{"_acf_changed":false,"_monsterinsights_skip_tracking":false,"_monsterinsights_sitenote_active":false,"_monsterinsights_sitenote_note":"","_monsterinsights_sitenote_category":0,"footnotes":""},"class_list":["post-5585","page","type-page","status-publish","hentry"],"acf":[],"featured_image_src":null,"featured_image_src_square":null,"_links":{"self":[{"href":"https:\/\/www.nocoplaces.org\/es\/wp-json\/wp\/v2\/pages\/5585","targetHints":{"allow":["GET"]}}],"collection":[{"href":"https:\/\/www.nocoplaces.org\/es\/wp-json\/wp\/v2\/pages"}],"about":[{"href":"https:\/\/www.nocoplaces.org\/es\/wp-json\/wp\/v2\/types\/page"}],"author":[{"embeddable":true,"href":"https:\/\/www.nocoplaces.org\/es\/wp-json\/wp\/v2\/users\/5"}],"replies":[{"embeddable":true,"href":"https:\/\/www.nocoplaces.org\/es\/wp-json\/wp\/v2\/comments?post=5585"}],"version-history":[{"count":0,"href":"https:\/\/www.nocoplaces.org\/es\/wp-json\/wp\/v2\/pages\/5585\/revisions"}],"wp:attachment":[{"href":"https:\/\/www.nocoplaces.org\/es\/wp-json\/wp\/v2\/media?parent=5585"}],"curies":[{"name":"wp","href":"https:\/\/api.w.org\/{rel}","templated":true}]}}