{"id":6120,"date":"2026-03-14T22:39:27","date_gmt":"2026-03-14T22:39:27","guid":{"rendered":"https:\/\/www.nocoplaces.org\/suscripcion-al-boletin-noco-places\/"},"modified":"2026-04-07T23:35:14","modified_gmt":"2026-04-07T23:35:14","slug":"suscripcion-al-boletin-noco-places","status":"publish","type":"page","link":"https:\/\/www.nocoplaces.org\/es\/suscripcion-al-boletin-noco-places\/","title":{"rendered":"Suscripci\u00f3n al bolet\u00edn NoCo Places"},"content":{"rendered":"\t\t<div data-elementor-type=\"wp-page\" data-elementor-id=\"6120\" class=\"elementor elementor-6120 elementor-5669\" data-elementor-post-type=\"page\">\n\t\t\t\t<div class=\"elementor-element elementor-element-886384b e-flex e-con-boxed e-con e-parent\" data-id=\"886384b\" data-element_type=\"container\" data-e-type=\"container\" data-settings=\"{&quot;background_background&quot;:&quot;classic&quot;}\">\n\t\t\t\t\t<div class=\"e-con-inner\">\n\t\t<div class=\"elementor-element elementor-element-4e3f635 e-flex e-con-boxed e-con e-child\" data-id=\"4e3f635\" data-element_type=\"container\" data-e-type=\"container\">\n\t\t\t\t\t<div class=\"e-con-inner\">\n\t\t<div class=\"elementor-element elementor-element-6b5d7fc e-con-full e-flex e-con e-child\" data-id=\"6b5d7fc\" data-element_type=\"container\" data-e-type=\"container\">\n\t\t\t\t<div class=\"elementor-element elementor-element-d5a9ac7 elementor-icon-list--layout-traditional elementor-list-item-link-full_width elementor-widget elementor-widget-icon-list\" data-id=\"d5a9ac7\" data-element_type=\"widget\" data-e-type=\"widget\" data-widget_type=\"icon-list.default\">\n\t\t\t\t<div class=\"elementor-widget-container\">\n\t\t\t\t\t\t\t<ul class=\"elementor-icon-list-items\">\n\t\t\t\t\t\t\t<li class=\"elementor-icon-list-item\">\n\t\t\t\t\t\t\t\t\t\t\t<span class=\"elementor-icon-list-icon\">\n\t\t\t\t\t\t\t<svg aria-hidden=\"true\" class=\"e-font-icon-svg e-fas-leaf\" viewBox=\"0 0 576 512\" xmlns=\"http:\/\/www.w3.org\/2000\/svg\"><path d=\"M546.2 9.7c-5.6-12.5-21.6-13-28.3-1.2C486.9 62.4 431.4 96 368 96h-80C182 96 96 182 96 288c0 7 .8 13.7 1.5 20.5C161.3 262.8 253.4 224 384 224c8.8 0 16 7.2 16 16s-7.2 16-16 16C132.6 256 26 410.1 2.4 468c-6.6 16.3 1.2 34.9 17.5 41.6 16.4 6.8 35-1.1 41.8-17.3 1.5-3.6 20.9-47.9 71.9-90.6 32.4 43.9 94 85.8 174.9 77.2C465.5 467.5 576 326.7 576 154.3c0-50.2-10.8-102.2-29.8-144.6z\"><\/path><\/svg>\t\t\t\t\t\t<\/span>\n\t\t\t\t\t\t\t\t\t\t<span class=\"elementor-icon-list-text\">Con\u00e9ctate<\/span>\n\t\t\t\t\t\t\t\t\t<\/li>\n\t\t\t\t\t\t<\/ul>\n\t\t\t\t\t\t<\/div>\n\t\t\t\t<\/div>\n\t\t\t\t<div class=\"elementor-element elementor-element-4354a5b elementor-widget elementor-widget-heading\" data-id=\"4354a5b\" data-element_type=\"widget\" data-e-type=\"widget\" data-widget_type=\"heading.default\">\n\t\t\t\t<div class=\"elementor-widget-container\">\n\t\t\t\t\t<h1 class=\"elementor-heading-title elementor-size-default\">Suscripci\u00f3n al bolet\u00edn NoCo Places\n<\/h1>\t\t\t\t<\/div>\n\t\t\t\t<\/div>\n\t\t\t\t<\/div>\n\t\t\t\t\t<\/div>\n\t\t\t\t<\/div>\n\t\t\t\t\t<\/div>\n\t\t\t\t<\/div>\n\t\t<div class=\"elementor-element elementor-element-5360381 e-flex e-con-boxed e-con e-parent\" data-id=\"5360381\" data-element_type=\"container\" data-e-type=\"container\" data-settings=\"{&quot;background_background&quot;:&quot;classic&quot;}\">\n\t\t\t\t\t<div class=\"e-con-inner\">\n\t\t<div class=\"elementor-element elementor-element-2e4c77d e-con-full e-flex e-con e-child\" data-id=\"2e4c77d\" data-element_type=\"container\" data-e-type=\"container\">\n\t\t<div class=\"elementor-element elementor-element-4ac108e e-con-full e-flex e-con e-child\" data-id=\"4ac108e\" data-element_type=\"container\" data-e-type=\"container\">\n\t\t<div class=\"elementor-element elementor-element-a9342f1 e-con-full e-flex e-con e-child\" data-id=\"a9342f1\" data-element_type=\"container\" data-e-type=\"container\">\n\t\t<div class=\"elementor-element elementor-element-ab7d8c1 e-con-full e-flex e-con e-child\" data-id=\"ab7d8c1\" data-element_type=\"container\" data-e-type=\"container\">\n\t\t\t\t<div class=\"elementor-element elementor-element-cde8011 elementor-widget elementor-widget-text-editor\" data-id=\"cde8011\" data-element_type=\"widget\" data-e-type=\"widget\" data-widget_type=\"text-editor.default\">\n\t\t\t\t<div class=\"elementor-widget-container\">\n\t\t\t\t\t\t\t\t\t<p>Mantente en contacto con el trabajo de NoCo Places y los paisajes al aire libre que hacen especial el norte de Colorado. Si te suscribes a nuestro bolet\u00edn, recibir\u00e1s informaci\u00f3n actualizada sobre proyectos de custodia, asociaciones comunitarias, pr\u00f3ximas oportunidades de voluntariado y las \u00faltimas noticias sobre la protecci\u00f3n y mejora de los lugares que todos disfrutamos. Es una forma f\u00e1cil de estar informado y formar parte de la creciente comunidad que trabaja para cuidar los terrenos p\u00fablicos de nuestra regi\u00f3n. NoCo Places nunca vender\u00e1 tus datos.   <\/p><p><strong>Introduce tu direcci\u00f3n de correo electr\u00f3nico y tu nombre a continuaci\u00f3n para unirte a nuestra lista.<\/strong><\/p>\t\t\t\t\t\t\t\t<\/div>\n\t\t\t\t<\/div>\n\t\t\t\t<div class=\"elementor-element elementor-element-9f08ee2 elementor-widget elementor-widget-wpforms\" data-id=\"9f08ee2\" data-element_type=\"widget\" data-e-type=\"widget\" data-widget_type=\"wpforms.default\">\n\t\t\t\t<div class=\"elementor-widget-container\">\n\t\t\t\t\t<div class=\"wpforms-container wpforms-container-full\" id=\"wpforms-6033\"><form id=\"wpforms-form-6033\" class=\"wpforms-validate wpforms-form wpforms-ajax-form\" data-formid=\"6033\" method=\"post\" enctype=\"multipart\/form-data\" action=\"\/es\/wp-json\/wp\/v2\/pages\/6120\" data-token=\"0c20d8aa95e9fe8d2bce7364d167aafb\" data-token-time=\"1775666172\"><noscript class=\"wpforms-error-noscript\">Please enable JavaScript in your browser to complete this form.<\/noscript><div class=\"wpforms-field-container\">\t\t<div id=\"wpforms-6033-field_3-container\"\n\t\t\tclass=\"wpforms-field wpforms-field-text\"\n\t\t\tdata-field-type=\"text\"\n\t\t\tdata-field-id=\"3\"\n\t\t\t>\n\t\t\t<label class=\"wpforms-field-label\" for=\"wpforms-6033-field_3\" >Nombre correo de<\/label>\n\t\t\t<input type=\"text\" id=\"wpforms-6033-field_3\" class=\"wpforms-field-medium\" name=\"wpforms[fields][3]\" >\n\t\t<\/div>\n\t\t<div id=\"wpforms-6033-field_1-container\" class=\"wpforms-field wpforms-field-email\" data-field-id=\"1\"><label class=\"wpforms-field-label\" for=\"wpforms-6033-field_1\">Direcci\u00f3n de correo electr\u00f3nico <span class=\"wpforms-required-label\">*<\/span><\/label><input type=\"email\" id=\"wpforms-6033-field_1\" class=\"wpforms-field-medium wpforms-field-required\" name=\"wpforms[fields][1]\" spellcheck=\"false\" required><\/div><div id=\"wpforms-6033-field_2-container\" class=\"wpforms-field wpforms-field-name\" data-field-id=\"2\"><label class=\"wpforms-field-label\">Nombre <span class=\"wpforms-required-label\">*<\/span><\/label><div class=\"wpforms-field-row wpforms-field-medium\"><div class=\"wpforms-field-row-block wpforms-first wpforms-one-half\"><input type=\"text\" id=\"wpforms-6033-field_2\" class=\"wpforms-field-name-first wpforms-field-required\" name=\"wpforms[fields][2][first]\" required><label for=\"wpforms-6033-field_2\" class=\"wpforms-field-sublabel after\">Primero<\/label><\/div><div class=\"wpforms-field-row-block wpforms-one-half\"><input type=\"text\" id=\"wpforms-6033-field_2-last\" class=\"wpforms-field-name-last wpforms-field-required\" name=\"wpforms[fields][2][last]\" required><label for=\"wpforms-6033-field_2-last\" class=\"wpforms-field-sublabel after\">\u00daltima<\/label><\/div><\/div><\/div><script>\n\t\t\t\t( function() {\n\t\t\t\t\tconst style = document.createElement( 'style' );\n\t\t\t\t\tstyle.appendChild( document.createTextNode( '#wpforms-6033-field_3-container { position: absolute !important; overflow: hidden !important; display: inline !important; height: 1px !important; width: 1px !important; z-index: -1000 !important; padding: 0 !important; } #wpforms-6033-field_3-container input { visibility: hidden; } #wpforms-conversational-form-page #wpforms-6033-field_3-container label { counter-increment: none; }' ) );\n\t\t\t\t\tdocument.head.appendChild( style );\n\t\t\t\t\tdocument.currentScript?.remove();\n\t\t\t\t} )();\n\t\t\t<\/script><\/div><!-- .wpforms-field-container --><div class=\"wpforms-recaptcha-container wpforms-is-recaptcha wpforms-is-recaptcha-type-v2\" ><div class=\"g-recaptcha\" data-sitekey=\"6Lf3taUsAAAAANU_oItv0g9DJ7Ej9SmeP8uNrjwp\"><\/div><input type=\"text\" name=\"g-recaptcha-hidden\" class=\"wpforms-recaptcha-hidden\" style=\"position:absolute!important;clip:rect(0,0,0,0)!important;height:1px!important;width:1px!important;border:0!important;overflow:hidden!important;padding:0!important;margin:0!important;\" data-rule-recaptcha=\"1\"><\/div><div class=\"wpforms-submit-container\" ><input type=\"hidden\" name=\"wpforms[id]\" value=\"6033\"><input type=\"hidden\" name=\"page_title\" value=\"\"><input type=\"hidden\" name=\"page_url\" value=\"https:\/\/www.nocoplaces.org\/es\/wp-json\/wp\/v2\/pages\/6120\"><input type=\"hidden\" name=\"url_referer\" value=\"\"><button type=\"submit\" name=\"wpforms[submit]\" id=\"wpforms-submit-6033\" class=\"wpforms-submit\" data-alt-text=\"Enviando...\" data-submit-text=\"Env\u00eda\" aria-live=\"assertive\" value=\"wpforms-submit\">Env\u00eda<\/button><img decoding=\"async\" src=\"https:\/\/www.nocoplaces.org\/wp-content\/plugins\/wpforms-lite\/assets\/images\/submit-spin.svg\" class=\"wpforms-submit-spinner\" style=\"display: none;\" width=\"26\" height=\"26\" alt=\"Loading\"><\/div><\/form><\/div>  <!-- .wpforms-container -->\t\t\t\t<\/div>\n\t\t\t\t<\/div>\n\t\t\t\t<\/div>\n\t\t\t\t<\/div>\n\t\t\t\t<\/div>\n\t\t<div class=\"elementor-element elementor-element-0445d6d e-con-full e-flex e-con e-child\" data-id=\"0445d6d\" data-element_type=\"container\" data-e-type=\"container\">\n\t\t\t\t<div class=\"elementor-element elementor-element-54ec6b0 elementor-widget elementor-widget-template\" data-id=\"54ec6b0\" data-element_type=\"widget\" data-e-type=\"widget\" data-widget_type=\"template.default\">\n\t\t\t\t<div class=\"elementor-widget-container\">\n\t\t\t\t\t\t\t<div class=\"elementor-template\">\n\t\t\t\t\t<div data-elementor-type=\"container\" data-elementor-id=\"6104\" class=\"elementor elementor-6104 elementor-5952 elementor-5952\" data-elementor-post-type=\"elementor_library\">\n\t\t\t\t<div class=\"elementor-element elementor-element-24dad07 e-con-full e-flex e-con e-child\" data-id=\"24dad07\" data-element_type=\"container\" data-e-type=\"container\">\n\t\t<div class=\"elementor-element elementor-element-13d09200 e-con-full e-flex e-con e-child\" data-id=\"13d09200\" data-element_type=\"container\" data-e-type=\"container\">\n\t\t<div class=\"elementor-element elementor-element-37af696b e-con-full e-flex e-con e-child\" data-id=\"37af696b\" data-element_type=\"container\" data-e-type=\"container\" data-settings=\"{&quot;background_background&quot;:&quot;classic&quot;}\">\n\t\t\t\t<div class=\"elementor-element elementor-element-3eca0a3c elementor-widget elementor-widget-image\" data-id=\"3eca0a3c\" data-element_type=\"widget\" data-e-type=\"widget\" data-widget_type=\"image.default\">\n\t\t\t\t<div class=\"elementor-widget-container\">\n\t\t\t\t\t\t\t\t\t\t\t\t\t\t\t<img fetchpriority=\"high\" decoding=\"async\" width=\"512\" height=\"512\" src=\"https:\/\/www.nocoplaces.org\/wp-content\/uploads\/2026\/01\/cropped-noco-places-logo-color-1.png\" class=\"attachment-large size-large wp-image-5628\" alt=\"\" srcset=\"https:\/\/www.nocoplaces.org\/wp-content\/uploads\/2026\/01\/cropped-noco-places-logo-color-1.png 512w, https:\/\/www.nocoplaces.org\/wp-content\/uploads\/2026\/01\/cropped-noco-places-logo-color-1-300x300.png 300w, https:\/\/www.nocoplaces.org\/wp-content\/uploads\/2026\/01\/cropped-noco-places-logo-color-1-150x150.png 150w, https:\/\/www.nocoplaces.org\/wp-content\/uploads\/2026\/01\/cropped-noco-places-logo-color-1-270x270.png 270w, https:\/\/www.nocoplaces.org\/wp-content\/uploads\/2026\/01\/cropped-noco-places-logo-color-1-192x192.png 192w, https:\/\/www.nocoplaces.org\/wp-content\/uploads\/2026\/01\/cropped-noco-places-logo-color-1-180x180.png 180w, https:\/\/www.nocoplaces.org\/wp-content\/uploads\/2026\/01\/cropped-noco-places-logo-color-1-32x32.png 32w\" sizes=\"(max-width: 512px) 100vw, 512px\" \/>\t\t\t\t\t\t\t\t\t\t\t\t\t\t\t<\/div>\n\t\t\t\t<\/div>\n\t\t\t\t<\/div>\n\t\t<div class=\"elementor-element elementor-element-4fbcaaf5 e-con-full e-flex e-con e-child\" data-id=\"4fbcaaf5\" data-element_type=\"container\" data-e-type=\"container\">\n\t\t\t\t<div class=\"elementor-element elementor-element-212170af elementor-widget elementor-widget-heading\" data-id=\"212170af\" data-element_type=\"widget\" data-e-type=\"widget\" data-widget_type=\"heading.default\">\n\t\t\t\t<div class=\"elementor-widget-container\">\n\t\t\t\t\t<h2 class=\"elementor-heading-title elementor-size-default\">Apoya NoCo Places<\/h2>\t\t\t\t<\/div>\n\t\t\t\t<\/div>\n\t\t\t\t<div class=\"elementor-element elementor-element-59d6e8b elementor-widget__width-initial elementor-widget elementor-widget-text-editor\" data-id=\"59d6e8b\" data-element_type=\"widget\" data-e-type=\"widget\" data-widget_type=\"text-editor.default\">\n\t\t\t\t<div class=\"elementor-widget-container\">\n\t\t\t\t\t\t\t\t\t<p>Organizaci\u00f3n sin \u00e1nimo de lucro certificada<\/p>\t\t\t\t\t\t\t\t<\/div>\n\t\t\t\t<\/div>\n\t\t\t\t<div class=\"elementor-element elementor-element-5dfa37c9 elementor-widget__width-initial elementor-widget elementor-widget-text-editor\" data-id=\"5dfa37c9\" data-element_type=\"widget\" data-e-type=\"widget\" data-widget_type=\"text-editor.default\">\n\t\t\t\t<div class=\"elementor-widget-container\">\n\t\t\t\t\t\t\t\t\t<p>Tu donaci\u00f3n apoya la coordinaci\u00f3n multijurisdiccional en los terrenos p\u00fablicos de Colorado.<\/p>\t\t\t\t\t\t\t\t<\/div>\n\t\t\t\t<\/div>\n\t\t\t\t<div class=\"elementor-element elementor-element-328647e5 elementor-align-center elementor-widget__width-inherit elementor-widget elementor-widget-button\" data-id=\"328647e5\" data-element_type=\"widget\" data-e-type=\"widget\" data-widget_type=\"button.default\">\n\t\t\t\t<div class=\"elementor-widget-container\">\n\t\t\t\t\t\t\t\t\t<div class=\"elementor-button-wrapper\">\n\t\t\t\t\t<a class=\"elementor-button elementor-button-link elementor-size-sm\" href=\"https:\/\/www.nocoplaces.org\/es\/dona\/\">\n\t\t\t\t\t\t<span class=\"elementor-button-content-wrapper\">\n\t\t\t\t\t\t<span class=\"elementor-button-icon\">\n\t\t\t\t<svg aria-hidden=\"true\" class=\"e-font-icon-svg e-fas-heart\" viewBox=\"0 0 512 512\" xmlns=\"http:\/\/www.w3.org\/2000\/svg\"><path d=\"M462.3 62.6C407.5 15.9 326 24.3 275.7 76.2L256 96.5l-19.7-20.3C186.1 24.3 104.5 15.9 49.7 62.6c-62.8 53.6-66.1 149.8-9.9 207.9l193.5 199.8c12.5 12.9 32.8 12.9 45.3 0l193.5-199.8c56.3-58.1 53-154.3-9.8-207.9z\"><\/path><\/svg>\t\t\t<\/span>\n\t\t\t\t\t\t\t\t\t<span class=\"elementor-button-text\">Haz un donativo<\/span>\n\t\t\t\t\t<\/span>\n\t\t\t\t\t<\/a>\n\t\t\t\t<\/div>\n\t\t\t\t\t\t\t\t<\/div>\n\t\t\t\t<\/div>\n\t\t\t\t<\/div>\n\t\t\t\t<\/div>\n\t\t<div class=\"elementor-element elementor-element-6b433c73 e-con-full e-flex e-con e-child\" data-id=\"6b433c73\" data-element_type=\"container\" data-e-type=\"container\" data-settings=\"{&quot;background_background&quot;:&quot;classic&quot;}\">\n\t\t<div class=\"elementor-element elementor-element-48667a88 e-con-full e-flex e-con e-child\" data-id=\"48667a88\" data-element_type=\"container\" data-e-type=\"container\">\n\t\t<div class=\"elementor-element elementor-element-5c2d54e e-con-full e-flex e-con e-child\" data-id=\"5c2d54e\" data-element_type=\"container\" data-e-type=\"container\">\n\t\t\t\t<div class=\"elementor-element elementor-element-4eb14c47 elementor-view-default elementor-widget elementor-widget-icon\" data-id=\"4eb14c47\" data-element_type=\"widget\" data-e-type=\"widget\" data-widget_type=\"icon.default\">\n\t\t\t\t<div class=\"elementor-widget-container\">\n\t\t\t\t\t\t\t<div class=\"elementor-icon-wrapper\">\n\t\t\t<div class=\"elementor-icon\">\n\t\t\t<svg aria-hidden=\"true\" class=\"e-font-icon-svg e-far-envelope\" viewBox=\"0 0 512 512\" xmlns=\"http:\/\/www.w3.org\/2000\/svg\"><path d=\"M464 64H48C21.49 64 0 85.49 0 112v288c0 26.51 21.49 48 48 48h416c26.51 0 48-21.49 48-48V112c0-26.51-21.49-48-48-48zm0 48v40.805c-22.422 18.259-58.168 46.651-134.587 106.49-16.841 13.247-50.201 45.072-73.413 44.701-23.208.375-56.579-31.459-73.413-44.701C106.18 199.465 70.425 171.067 48 152.805V112h416zM48 400V214.398c22.914 18.251 55.409 43.862 104.938 82.646 21.857 17.205 60.134 55.186 103.062 54.955 42.717.231 80.509-37.199 103.053-54.947 49.528-38.783 82.032-64.401 104.947-82.653V400H48z\"><\/path><\/svg>\t\t\t<\/div>\n\t\t<\/div>\n\t\t\t\t\t\t<\/div>\n\t\t\t\t<\/div>\n\t\t\t\t<div class=\"elementor-element elementor-element-1095aad2 elementor-widget elementor-widget-heading\" data-id=\"1095aad2\" data-element_type=\"widget\" data-e-type=\"widget\" data-widget_type=\"heading.default\">\n\t\t\t\t<div class=\"elementor-widget-container\">\n\t\t\t\t\t<h2 class=\"elementor-heading-title elementor-size-default\">Mantente conectado<\/h2>\t\t\t\t<\/div>\n\t\t\t\t<\/div>\n\t\t\t\t<\/div>\n\t\t\t\t<div class=\"elementor-element elementor-element-243fc7de elementor-widget__width-initial elementor-widget elementor-widget-text-editor\" data-id=\"243fc7de\" data-element_type=\"widget\" data-e-type=\"widget\" data-widget_type=\"text-editor.default\">\n\t\t\t\t<div class=\"elementor-widget-container\">\n\t\t\t\t\t\t\t\t\t<p>Suscr\u00edbete a nuestro bolet\u00edn para recibir informaci\u00f3n actualizada sobre programas y eventos.<\/p>\t\t\t\t\t\t\t\t<\/div>\n\t\t\t\t<\/div>\n\t\t\t\t<div class=\"elementor-element elementor-element-394572e elementor-align-center elementor-widget__width-inherit elementor-widget elementor-widget-button\" data-id=\"394572e\" data-element_type=\"widget\" data-e-type=\"widget\" data-widget_type=\"button.default\">\n\t\t\t\t<div class=\"elementor-widget-container\">\n\t\t\t\t\t\t\t\t\t<div class=\"elementor-button-wrapper\">\n\t\t\t\t\t<a class=\"elementor-button elementor-button-link elementor-size-sm\" href=\"https:\/\/www.nocoplaces.org\/es\/suscripcion-al-boletin-noco-places\/\">\n\t\t\t\t\t\t<span class=\"elementor-button-content-wrapper\">\n\t\t\t\t\t\t<span class=\"elementor-button-icon\">\n\t\t\t\t<svg aria-hidden=\"true\" class=\"e-font-icon-svg e-far-envelope\" viewBox=\"0 0 512 512\" xmlns=\"http:\/\/www.w3.org\/2000\/svg\"><path d=\"M464 64H48C21.49 64 0 85.49 0 112v288c0 26.51 21.49 48 48 48h416c26.51 0 48-21.49 48-48V112c0-26.51-21.49-48-48-48zm0 48v40.805c-22.422 18.259-58.168 46.651-134.587 106.49-16.841 13.247-50.201 45.072-73.413 44.701-23.208.375-56.579-31.459-73.413-44.701C106.18 199.465 70.425 171.067 48 152.805V112h416zM48 400V214.398c22.914 18.251 55.409 43.862 104.938 82.646 21.857 17.205 60.134 55.186 103.062 54.955 42.717.231 80.509-37.199 103.053-54.947 49.528-38.783 82.032-64.401 104.947-82.653V400H48z\"><\/path><\/svg>\t\t\t<\/span>\n\t\t\t\t\t\t\t\t\t<span class=\"elementor-button-text\">Inscr\u00edbete<\/span>\n\t\t\t\t\t<\/span>\n\t\t\t\t\t<\/a>\n\t\t\t\t<\/div>\n\t\t\t\t\t\t\t\t<\/div>\n\t\t\t\t<\/div>\n\t\t\t\t<\/div>\n\t\t\t\t<\/div>\n\t\t<div class=\"elementor-element elementor-element-a487931 e-con-full e-flex e-con e-child\" data-id=\"a487931\" data-element_type=\"container\" data-e-type=\"container\">\n\t\t<div class=\"elementor-element elementor-element-bb3d248 e-con-full e-flex e-con e-child\" data-id=\"bb3d248\" data-element_type=\"container\" data-e-type=\"container\" data-settings=\"{&quot;background_background&quot;:&quot;classic&quot;}\">\n\t\t\t\t<div class=\"elementor-element elementor-element-557c9c7 elementor-widget elementor-widget-heading\" data-id=\"557c9c7\" data-element_type=\"widget\" data-e-type=\"widget\" data-widget_type=\"heading.default\">\n\t\t\t\t<div class=\"elementor-widget-container\">\n\t\t\t\t\t<h2 class=\"elementor-heading-title elementor-size-default\">Mapa de la regi\u00f3n de NoCo<\/h2>\t\t\t\t<\/div>\n\t\t\t\t<\/div>\n\t\t\t\t<\/div>\n\t\t<div class=\"elementor-element elementor-element-01b8fbc e-con-full e-flex e-con e-child\" data-id=\"01b8fbc\" data-element_type=\"container\" data-e-type=\"container\">\n\t\t\t\t<div class=\"elementor-element elementor-element-c96bf7b elementor-widget__width-initial elementor-widget elementor-widget-text-editor\" data-id=\"c96bf7b\" data-element_type=\"widget\" data-e-type=\"widget\" data-widget_type=\"text-editor.default\">\n\t\t\t\t<div class=\"elementor-widget-container\">\n\t\t\t\t\t\t\t\t\t<p class=\"text-sm text-[#424425] mb-3\" data-fg-1os148=\"23.12:23.26277:\/src\/app\/pages\/MissionVisionPage.tsx:383:17:20585:176:e:p:t\" data-fgid-1os148=\":r83:\">La regi\u00f3n NoCo Places abarca cinco condados del norte de Colorado.<\/p>\t\t\t\t\t\t\t\t<\/div>\n\t\t\t\t<\/div>\n\t\t\t\t<div class=\"elementor-element elementor-element-d0f216d elementor-widget elementor-widget-image\" data-id=\"d0f216d\" data-element_type=\"widget\" data-e-type=\"widget\" data-widget_type=\"image.default\">\n\t\t\t\t<div class=\"elementor-widget-container\">\n\t\t\t\t\t\t\t\t\t\t\t\t\t\t\t\t<a href=\"https:\/\/www.nocoplaces.org\/wp-content\/uploads\/2025\/06\/NoCo-Places-Area-of-Focus_web2.jpg\" data-elementor-open-lightbox=\"yes\" data-elementor-lightbox-title=\"NoCo Places Area of Focus_web2\" data-e-action-hash=\"#elementor-action%3Aaction%3Dlightbox%26settings%3DeyJpZCI6NTMzNSwidXJsIjoiaHR0cHM6XC9cL3d3dy5ub2NvcGxhY2VzLm9yZ1wvd3AtY29udGVudFwvdXBsb2Fkc1wvMjAyNVwvMDZcL05vQ28tUGxhY2VzLUFyZWEtb2YtRm9jdXNfd2ViMi5qcGcifQ%3D%3D\">\n\t\t\t\t\t\t\t<img decoding=\"async\" width=\"658\" height=\"1024\" src=\"https:\/\/www.nocoplaces.org\/wp-content\/uploads\/2025\/06\/NoCo-Places-Area-of-Focus_web2-658x1024.jpg\" class=\"attachment-large size-large wp-image-5335\" alt=\"NoCo Places area of focus map\" srcset=\"https:\/\/www.nocoplaces.org\/wp-content\/uploads\/2025\/06\/NoCo-Places-Area-of-Focus_web2-658x1024.jpg 658w, https:\/\/www.nocoplaces.org\/wp-content\/uploads\/2025\/06\/NoCo-Places-Area-of-Focus_web2-193x300.jpg 193w, https:\/\/www.nocoplaces.org\/wp-content\/uploads\/2025\/06\/NoCo-Places-Area-of-Focus_web2-768x1195.jpg 768w, https:\/\/www.nocoplaces.org\/wp-content\/uploads\/2025\/06\/NoCo-Places-Area-of-Focus_web2-987x1536.jpg 987w, https:\/\/www.nocoplaces.org\/wp-content\/uploads\/2025\/06\/NoCo-Places-Area-of-Focus_web2-1317x2048.jpg 1317w, https:\/\/www.nocoplaces.org\/wp-content\/uploads\/2025\/06\/NoCo-Places-Area-of-Focus_web2.jpg 1575w\" sizes=\"(max-width: 658px) 100vw, 658px\" \/>\t\t\t\t\t\t\t\t<\/a>\n\t\t\t\t\t\t\t\t\t\t\t\t\t\t\t<\/div>\n\t\t\t\t<\/div>\n\t\t\t\t<\/div>\n\t\t\t\t<\/div>\n\t\t<div class=\"elementor-element elementor-element-4b07f26a e-con-full elementor-hidden-desktop elementor-hidden-tablet elementor-hidden-mobile e-flex e-con e-child\" data-id=\"4b07f26a\" data-element_type=\"container\" data-e-type=\"container\">\n\t\t<div class=\"elementor-element elementor-element-1887f036 e-con-full e-flex e-con e-child\" data-id=\"1887f036\" data-element_type=\"container\" data-e-type=\"container\" data-settings=\"{&quot;background_background&quot;:&quot;classic&quot;}\">\n\t\t\t\t<div class=\"elementor-element elementor-element-2471a176 elementor-widget elementor-widget-heading\" data-id=\"2471a176\" data-element_type=\"widget\" data-e-type=\"widget\" data-widget_type=\"heading.default\">\n\t\t\t\t<div class=\"elementor-widget-container\">\n\t\t\t\t\t<h2 class=\"elementor-heading-title elementor-size-default\">Pr\u00f3ximos eventos<\/h2>\t\t\t\t<\/div>\n\t\t\t\t<\/div>\n\t\t\t\t<\/div>\n\t\t<div class=\"elementor-element elementor-element-5bd4624e e-con-full e-flex e-con e-child\" data-id=\"5bd4624e\" data-element_type=\"container\" data-e-type=\"container\">\n\t\t\t\t<div class=\"elementor-element elementor-element-736d89ca elementor-widget__width-initial elementor-widget elementor-widget-text-editor\" data-id=\"736d89ca\" data-element_type=\"widget\" data-e-type=\"widget\" data-widget_type=\"text-editor.default\">\n\t\t\t\t<div class=\"elementor-widget-container\">\n\t\t\t\t\t\t\t\t\t<p>Marcador de posici\u00f3n<\/p>\t\t\t\t\t\t\t\t<\/div>\n\t\t\t\t<\/div>\n\t\t\t\t<\/div>\n\t\t\t\t<\/div>\n\t\t\t\t<\/div>\n\t\t\t\t<\/div>\n\t\t\t\t<\/div>\n\t\t\t\t\t\t<\/div>\n\t\t\t\t<\/div>\n\t\t\t\t<\/div>\n\t\t\t\t<\/div>\n\t\t\t\t\t<\/div>\n\t\t\t\t<\/div>\n\t\t\t\t<\/div>\n\t\t","protected":false},"excerpt":{"rendered":"<p>Con\u00e9ctate Suscripci\u00f3n al bolet\u00edn NoCo Places Mantente en contacto con el trabajo de NoCo Places y los paisajes al aire libre que hacen especial el norte de Colorado. Si te suscribes a nuestro bolet\u00edn, recibir\u00e1s informaci\u00f3n actualizada sobre proyectos de custodia, asociaciones comunitarias, pr\u00f3ximas oportunidades de voluntariado y las \u00faltimas noticias sobre la protecci\u00f3n y [&hellip;]<\/p>\n","protected":false},"author":5,"featured_media":0,"parent":0,"menu_order":0,"comment_status":"closed","ping_status":"closed","template":"elementor_header_footer","meta":{"_acf_changed":false,"_monsterinsights_skip_tracking":false,"_monsterinsights_sitenote_active":false,"_monsterinsights_sitenote_note":"","_monsterinsights_sitenote_category":0,"footnotes":""},"class_list":["post-6120","page","type-page","status-publish","hentry"],"acf":[],"featured_image_src":null,"featured_image_src_square":null,"_links":{"self":[{"href":"https:\/\/www.nocoplaces.org\/es\/wp-json\/wp\/v2\/pages\/6120","targetHints":{"allow":["GET"]}}],"collection":[{"href":"https:\/\/www.nocoplaces.org\/es\/wp-json\/wp\/v2\/pages"}],"about":[{"href":"https:\/\/www.nocoplaces.org\/es\/wp-json\/wp\/v2\/types\/page"}],"author":[{"embeddable":true,"href":"https:\/\/www.nocoplaces.org\/es\/wp-json\/wp\/v2\/users\/5"}],"replies":[{"embeddable":true,"href":"https:\/\/www.nocoplaces.org\/es\/wp-json\/wp\/v2\/comments?post=6120"}],"version-history":[{"count":0,"href":"https:\/\/www.nocoplaces.org\/es\/wp-json\/wp\/v2\/pages\/6120\/revisions"}],"wp:attachment":[{"href":"https:\/\/www.nocoplaces.org\/es\/wp-json\/wp\/v2\/media?parent=6120"}],"curies":[{"name":"wp","href":"https:\/\/api.w.org\/{rel}","templated":true}]}}