{"id":6125,"date":"2025-12-15T17:12:15","date_gmt":"2025-12-15T17:12:15","guid":{"rendered":"https:\/\/www.nocoplaces.org\/noco-places-recibe-una-subvencion-de-goco-y-cpw\/"},"modified":"2026-04-07T23:35:14","modified_gmt":"2026-04-07T23:35:14","slug":"noco-places-recibe-una-subvencion-de-goco-y-cpw","status":"publish","type":"page","link":"https:\/\/www.nocoplaces.org\/es\/noco-places-recibe-una-subvencion-de-goco-y-cpw\/","title":{"rendered":"NoCo Places recibe una subvenci\u00f3n de GOCO y CPW"},"content":{"rendered":"\t\t<div data-elementor-type=\"wp-page\" data-elementor-id=\"6125\" class=\"elementor elementor-6125 elementor-5607\" data-elementor-post-type=\"page\">\n\t\t\t\t<div class=\"elementor-element elementor-element-508d301 e-flex e-con-boxed e-con e-parent\" data-id=\"508d301\" data-element_type=\"container\" data-e-type=\"container\">\n\t\t\t\t\t<div class=\"e-con-inner\">\n\t\t\t\t<div class=\"elementor-element elementor-element-42cfaf1 elementor-widget elementor-widget-heading\" data-id=\"42cfaf1\" data-element_type=\"widget\" data-e-type=\"widget\" data-widget_type=\"heading.default\">\n\t\t\t\t<div class=\"elementor-widget-container\">\n\t\t\t\t\t<h2 class=\"elementor-heading-title elementor-size-default\">Carta de agradecimiento a Great Outdoors Colorado (GOCO) y Colorado Parks and Wildlife (CPW)<\/h2>\t\t\t\t<\/div>\n\t\t\t\t<\/div>\n\t\t\t\t\t<\/div>\n\t\t\t\t<\/div>\n\t\t<div class=\"elementor-element elementor-element-e7d239f e-flex e-con-boxed e-con e-parent\" data-id=\"e7d239f\" data-element_type=\"container\" data-e-type=\"container\">\n\t\t\t\t\t<div class=\"e-con-inner\">\n\t\t\t\t<div class=\"elementor-element elementor-element-93dec83 elementor-widget elementor-widget-text-editor\" data-id=\"93dec83\" data-element_type=\"widget\" data-e-type=\"widget\" data-widget_type=\"text-editor.default\">\n\t\t\t\t<div class=\"elementor-widget-container\">\n\t\t\t\t\t\t\t\t\t<p>NoCo Places extiende nuestro m\u00e1s profundo agradecimiento a Great Outdoors Colorado (GOCO) y a Colorado Parks and Wildlife (CPW) por su notable apoyo a todos los Socios Regionales de Colorado y, en especial, por la concesi\u00f3n de 586.000 $ para impulsar el trabajo de NoCo Places en toda nuestra regi\u00f3n.<\/p><p>Esta inversi\u00f3n marca una diferencia transformadora. Refuerza nuestra capacidad compartida para proteger los recursos naturales y culturales, mejorar la experiencia de los visitantes y apoyar a los administradores de tierras que cuidan de algunos de los paisajes m\u00e1s preciados de Colorado. Con esta financiaci\u00f3n, NoCo Places ampliar\u00e1 la planificaci\u00f3n colaborativa, la educaci\u00f3n en materia de administraci\u00f3n, las iniciativas regionales de senderos y actividades recreativas, y los esfuerzos de participaci\u00f3n comunitaria que benefician a millones de residentes y visitantes cada a\u00f1o.  <\/p><p>La asociaci\u00f3n con GOCO y CPW es esencial para nuestra misi\u00f3n. Su compromiso continuo con la colaboraci\u00f3n regional nos permite reunir a agencias, organizaciones y comunidades para abordar los complejos retos a los que se enfrentan los terrenos p\u00fablicos. <\/p><p>Es un honor para nosotros haber sido seleccionados para recibir esta ayuda y estamos deseando poner estos recursos al servicio de nuestros socios y comunidades de la regi\u00f3n de NoCo Places.<\/p><p>Gracias, GOCO y CPW, por creer en el poder de la colaboraci\u00f3n y por invertir en el futuro de las actividades al aire libre de Colorado.<\/p><p><a href=\"https:\/\/goco.org\/news\/releases\/December-2025-Awards?fbclid=IwY2xjawOtFk1leHRuA2FlbQIxMABicmlkETFqSDkyRnl4OW1IMFd5Ym1kc3J0YwZhcHBfaWQQMjIyMDM5MTc4ODIwMDg5MgABHvlpS8kZHX3BafrEpso1m5ZISbq0LB-Um-cTONhu5zScaCDSH88Ghp1ZU4yv_aem_rZRgIHMC0Uof5NEJsS2pzg\"><strong>Leer el comunicado de prensa oficial de Great Outdoors Colorado<\/strong><\/a><\/p>\t\t\t\t\t\t\t\t<\/div>\n\t\t\t\t<\/div>\n\t\t\t\t\t<\/div>\n\t\t\t\t<\/div>\n\t\t\t\t<\/div>\n\t\t","protected":false},"excerpt":{"rendered":"<p>Carta de agradecimiento a Great Outdoors Colorado (GOCO) y Colorado Parks and Wildlife (CPW) NoCo Places extiende nuestro m\u00e1s profundo agradecimiento a Great Outdoors Colorado (GOCO) y a Colorado Parks and Wildlife (CPW) por su notable apoyo a todos los Socios Regionales de Colorado y, en especial, por la concesi\u00f3n de 586.000 $ para impulsar [&hellip;]<\/p>\n","protected":false},"author":5,"featured_media":0,"parent":0,"menu_order":0,"comment_status":"closed","ping_status":"closed","template":"","meta":{"_acf_changed":false,"_monsterinsights_skip_tracking":false,"_monsterinsights_sitenote_active":false,"_monsterinsights_sitenote_note":"","_monsterinsights_sitenote_category":0,"footnotes":""},"class_list":["post-6125","page","type-page","status-publish","hentry"],"acf":[],"featured_image_src":null,"featured_image_src_square":null,"_links":{"self":[{"href":"https:\/\/www.nocoplaces.org\/es\/wp-json\/wp\/v2\/pages\/6125","targetHints":{"allow":["GET"]}}],"collection":[{"href":"https:\/\/www.nocoplaces.org\/es\/wp-json\/wp\/v2\/pages"}],"about":[{"href":"https:\/\/www.nocoplaces.org\/es\/wp-json\/wp\/v2\/types\/page"}],"author":[{"embeddable":true,"href":"https:\/\/www.nocoplaces.org\/es\/wp-json\/wp\/v2\/users\/5"}],"replies":[{"embeddable":true,"href":"https:\/\/www.nocoplaces.org\/es\/wp-json\/wp\/v2\/comments?post=6125"}],"version-history":[{"count":0,"href":"https:\/\/www.nocoplaces.org\/es\/wp-json\/wp\/v2\/pages\/6125\/revisions"}],"wp:attachment":[{"href":"https:\/\/www.nocoplaces.org\/es\/wp-json\/wp\/v2\/media?parent=6125"}],"curies":[{"name":"wp","href":"https:\/\/api.w.org\/{rel}","templated":true}]}}